{"id":10,"date":"2021-12-12T16:13:36","date_gmt":"2021-12-12T15:13:36","guid":{"rendered":"http:\/\/iweech.staging-allforweb.fr\/?page_id=10"},"modified":"2024-07-25T09:58:49","modified_gmt":"2024-07-25T08:58:49","slug":"mentions-legales","status":"publish","type":"page","link":"https:\/\/www.iweech.com\/de\/mentions-legales\/","title":{"rendered":"Mentions l\u00e9gales"},"content":{"rendered":"<p>[et_pb_section fb_built=&#8220;1&#8243; _builder_version=&#8220;4.16&#8243; da_disable_devices=&#8220;off|off|off&#8220; global_colors_info=&#8220;{}&#8220; da_is_popup=&#8220;off&#8220; da_exit_intent=&#8220;off&#8220; da_has_close=&#8220;on&#8220; da_alt_close=&#8220;off&#8220; da_dark_close=&#8220;off&#8220; da_not_modal=&#8220;on&#8220; da_is_singular=&#8220;off&#8220; da_with_loader=&#8220;off&#8220; da_has_shadow=&#8220;on&#8220;][et_pb_row _builder_version=&#8220;4.16&#8243; background_size=&#8220;initial&#8220; background_position=&#8220;top_left&#8220; background_repeat=&#8220;repeat&#8220; global_colors_info=&#8220;{}&#8220;][et_pb_column type=&#8220;4_4&#8243; _builder_version=&#8220;4.16&#8243; custom_padding=&#8220;|||&#8220; global_colors_info=&#8220;{}&#8220; custom_padding__hover=&#8220;|||&#8220;][et_pb_text _builder_version=&#8220;4.23.1&#8243; text_font=&#8220;Poppins|300|||||||&#8220; text_font_size=&#8220;16px&#8220; header_font=&#8220;Poppins||||||||&#8220; header_font_size=&#8220;20px&#8220; background_size=&#8220;initial&#8220; background_position=&#8220;top_left&#8220; background_repeat=&#8220;repeat&#8220; hover_enabled=&#8220;0&#8243; global_colors_info=&#8220;{}&#8220; sticky_enabled=&#8220;0&#8243;]<\/p>\n<h3>Mentions l\u00e9gales<\/h3>\n<p>Le site iweech.com est une publication de la Soci\u00e9t\u00e9 BELLATRIX, soci\u00e9t\u00e9 par action simplifi\u00e9e, au capital de 210 359 \u20ac, dont le si\u00e8ge social est 22 avenue de St Barnab\u00e9 13004 Marseille, inscrite au Registre du Commerce et des Soci\u00e9t\u00e9s de Marseille sous le num\u00e9ro 812 707 560.<\/p>\n<p><strong>N\u00b0 TVA intracommunautaire :<\/strong><br \/>FR 47812 707 560<\/p>\n<p><strong>T\u00e9l\u00e9phone : <\/strong><br \/>Tel : 06 24 79 12 00<\/p>\n<p><strong>Contact e-mail<\/strong><br \/>contact@iweech.com<\/p>\n<p><strong>Directeur de la publication :<\/strong><br \/>Christophe Sauvan<\/p>\n<p><strong>H\u00e9bergement du site : <\/strong><br \/>WP Engine<\/p>\n<p><strong>Donn\u00e9es personnelles :<\/strong><br \/>Conform\u00e9ment aux dispositions de la loi n\u00b0 78-17 du 6 janvier 1978 modifi\u00e9e, l\u2019utilisateur dispose d\u2019un droit d\u2019acc\u00e8s, de modification, de suppression et de rectification relatifs \u00e0 ses donn\u00e9es personnelles en adressant un e-mail \u00e0 : contact@iweech.com ou par courrier Bellatrix SAS 22 avenue de Saint Barnab\u00e9 13004 Marseille<\/p>\n<p><strong>Litiges<\/strong><br \/>Tout consommateur ayant un litige avec notre entreprise peut \u00e0 pr\u00e9sent recourir gratuitement au service de m\u00e9diation CM2C :<br \/>&#8211; www.cm2c.net<br \/>&#8211; CM2C, 14 rue Saint Jean, 75017 Paris<br \/><strong>Cr\u00e9ation du site :<\/strong><br \/>ALLFORWEB, 78 boulevard de la R\u00e9publique 92100 Boulogne Billancourt<\/p>\n<p><!-- \/divi:paragraph --><\/p>\n<p>[\/et_pb_text][\/et_pb_column][\/et_pb_row][\/et_pb_section]<\/p>\n","protected":false},"excerpt":{"rendered":"<p>Mentions l\u00e9gales Le site iweech.com est une publication de la Soci\u00e9t\u00e9 BELLATRIX, soci\u00e9t\u00e9 par action simplifi\u00e9e, au capital de 210 359 \u20ac, dont le si\u00e8ge social est 22 avenue de St Barnab\u00e9 13004 Marseille, inscrite au Registre du Commerce et des Soci\u00e9t\u00e9s de Marseille sous le num\u00e9ro 812 707 560. N\u00b0 TVA intracommunautaire :FR 47812 [&hellip;]<\/p>\n","protected":false},"author":11,"featured_media":0,"parent":0,"menu_order":40,"comment_status":"closed","ping_status":"closed","template":"","meta":{"_et_pb_use_builder":"on","_et_pb_old_content":"<!-- wp:paragraph -->\r\n<p><b>This is a sample page.<\/b><\/p>\r\n<!-- \/wp:paragraph -->\r\n\r\n<!-- wp:paragraph -->\r\n<p><h3>Overview<\/h3><\/p>\r\n<!-- \/wp:paragraph -->\r\n\r\n<!-- wp:paragraph -->\r\n<p>Our refund and returns policy lasts 30 days. If 30 days have passed since your purchase, we can\u2019t offer you a full refund or exchange.<\/p>\r\n<!-- \/wp:paragraph -->\r\n\r\n<!-- wp:paragraph -->\r\n<p>To be eligible for a return, your item must be unused and in the same condition that you received it. It must also be in the original packaging.<\/p>\r\n<!-- \/wp:paragraph -->\r\n\r\n<!-- wp:paragraph -->\r\n<p>Several types of goods are exempt from being returned. Perishable goods such as food, flowers, newspapers or magazines cannot be returned. We also do not accept products that are intimate or sanitary goods, hazardous materials, or flammable liquids or gases.<\/p>\r\n<!-- \/wp:paragraph -->\r\n\r\n<!-- wp:paragraph -->\r\n<p>Additional non-returnable items:<\/p>\r\n<!-- \/wp:paragraph -->\r\n\r\n<!-- wp:list -->\r\n<ul><li>Gift cards<\/li><li>Downloadable software products<\/li><li>Some health and personal care items<\/li><\/ul>\r\n<!-- \/wp:list -->\r\n\r\n<!-- wp:paragraph -->\r\n<p>To complete your return, we require a receipt or proof of purchase.<\/p>\r\n<!-- \/wp:paragraph -->\r\n\r\n<!-- wp:paragraph -->\r\n<p>Please do not send your purchase back to the manufacturer.<\/p>\r\n<!-- \/wp:paragraph -->\r\n\r\n<!-- wp:paragraph -->\r\n<p>There are certain situations where only partial refunds are granted:<\/p>\r\n<!-- \/wp:paragraph -->\r\n\r\n<!-- wp:list -->\r\n<ul><li>Book with obvious signs of use<\/li><li>CD, DVD, VHS tape, software, video game, cassette tape, or vinyl record that has been opened.<\/li><li>Any item not in its original condition, is damaged or missing parts for reasons not due to our error.<\/li><li>Any item that is returned more than 30 days after delivery<\/li><\/ul>\r\n<!-- \/wp:list -->\r\n\r\n<!-- wp:paragraph -->\r\n<p><h2>Refunds<\/h2><\/p>\r\n<!-- \/wp:paragraph -->\r\n\r\n<!-- wp:paragraph -->\r\n<p>Once your return is received and inspected, we will send you an email to notify you that we have received your returned item. We will also notify you of the approval or rejection of your refund.<\/p>\r\n<!-- \/wp:paragraph -->\r\n\r\n<!-- wp:paragraph -->\r\n<p>If you are approved, then your refund will be processed, and a credit will automatically be applied to your credit card or original method of payment, within a certain amount of days.<\/p>\r\n<!-- \/wp:paragraph -->\r\n\r\n<!-- wp:paragraph -->\r\n<p><b>Late or missing refunds<\/b><\/p>\r\n<!-- \/wp:paragraph -->\r\n\r\n<!-- wp:paragraph -->\r\n<p>If you haven\u2019t received a refund yet, first check your bank account again.<\/p>\r\n<!-- \/wp:paragraph -->\r\n\r\n<!-- wp:paragraph -->\r\n<p>Then contact your credit card company, it may take some time before your refund is officially posted.<\/p>\r\n<!-- \/wp:paragraph -->\r\n\r\n<!-- wp:paragraph -->\r\n<p>Next contact your bank. There is often some processing time before a refund is posted.<\/p>\r\n<!-- \/wp:paragraph -->\r\n\r\n<!-- wp:paragraph -->\r\n<p>If you\u2019ve done all of this and you still have not received your refund yet, please contact us at {email address}.<\/p>\r\n<!-- \/wp:paragraph -->\r\n\r\n<!-- wp:paragraph -->\r\n<p><b>Sale items<\/b><\/p>\r\n<!-- \/wp:paragraph -->\r\n\r\n<!-- wp:paragraph -->\r\n<p>Only regular priced items may be refunded. Sale items cannot be refunded.<\/p>\r\n<!-- \/wp:paragraph -->\r\n\r\n<!-- wp:paragraph -->\r\n<p><h2>Exchanges<\/h2><\/p>\r\n<!-- \/wp:paragraph -->\r\n\r\n<!-- wp:paragraph -->\r\n<p>We only replace items if they are defective or damaged. If you need to exchange it for the same item, send us an email at {email address} and send your item to: {physical address}.<\/p>\r\n<!-- \/wp:paragraph -->\r\n\r\n<!-- wp:paragraph -->\r\n<p><h2>Gifts<\/h2><\/p>\r\n<!-- \/wp:paragraph -->\r\n\r\n<!-- wp:paragraph -->\r\n<p>If the item was marked as a gift when purchased and shipped directly to you, you\u2019ll receive a gift credit for the value of your return. Once the returned item is received, a gift certificate will be mailed to you.<\/p>\r\n<!-- \/wp:paragraph -->\r\n\r\n<!-- wp:paragraph -->\r\n<p>If the item wasn\u2019t marked as a gift when purchased, or the gift giver had the order shipped to themselves to give to you later, we will send a refund to the gift giver and they will find out about your return.<\/p>\r\n<!-- \/wp:paragraph -->\r\n\r\n<!-- wp:paragraph -->\r\n<p><h2>Shipping returns<\/h2><\/p>\r\n<!-- \/wp:paragraph -->\r\n\r\n<!-- wp:paragraph -->\r\n<p>To return your product, you should mail your product to: {physical address}.<\/p>\r\n<!-- \/wp:paragraph -->\r\n\r\n<!-- wp:paragraph -->\r\n<p>You will be responsible for paying for your own shipping costs for returning your item. Shipping costs are non-refundable. If you receive a refund, the cost of return shipping will be deducted from your refund.<\/p>\r\n<!-- \/wp:paragraph -->\r\n\r\n<!-- wp:paragraph -->\r\n<p>Depending on where you live, the time it may take for your exchanged product to reach you may vary.<\/p>\r\n<!-- \/wp:paragraph -->\r\n\r\n<!-- wp:paragraph -->\r\n<p>If you are returning more expensive items, you may consider using a trackable shipping service or purchasing shipping insurance. We don\u2019t guarantee that we will receive your returned item.<\/p>\r\n<!-- \/wp:paragraph -->\r\n\r\n<!-- wp:paragraph -->\r\n<p><h2>Need help?<\/h2><\/p>\r\n<!-- \/wp:paragraph -->\r\n\r\n<!-- wp:paragraph -->\r\n<p>Contact us at {email} for questions related to refunds and returns.<\/p>\r\n<!-- \/wp:paragraph -->","_et_gb_content_width":"","footnotes":""},"class_list":["post-10","page","type-page","status-publish","hentry"],"acf":[],"_links":{"self":[{"href":"https:\/\/www.iweech.com\/de\/wp-json\/wp\/v2\/pages\/10","targetHints":{"allow":["GET"]}}],"collection":[{"href":"https:\/\/www.iweech.com\/de\/wp-json\/wp\/v2\/pages"}],"about":[{"href":"https:\/\/www.iweech.com\/de\/wp-json\/wp\/v2\/types\/page"}],"author":[{"embeddable":true,"href":"https:\/\/www.iweech.com\/de\/wp-json\/wp\/v2\/users\/11"}],"replies":[{"embeddable":true,"href":"https:\/\/www.iweech.com\/de\/wp-json\/wp\/v2\/comments?post=10"}],"version-history":[{"count":0,"href":"https:\/\/www.iweech.com\/de\/wp-json\/wp\/v2\/pages\/10\/revisions"}],"wp:attachment":[{"href":"https:\/\/www.iweech.com\/de\/wp-json\/wp\/v2\/media?parent=10"}],"curies":[{"name":"wp","href":"https:\/\/api.w.org\/{rel}","templated":true}]}}