{"id":3354,"date":"2021-12-15T15:15:26","date_gmt":"2021-12-15T14:15:26","guid":{"rendered":"https:\/\/iweech.staging-allforweb.fr\/?page_id=3354"},"modified":"2025-04-04T08:36:25","modified_gmt":"2025-04-04T07:36:25","slug":"faq-velo","status":"publish","type":"page","link":"https:\/\/www.iweech.com\/de\/faq-velo\/","title":{"rendered":"FAQ v\u00e9lo"},"content":{"rendered":"<p>[et_pb_section fb_built=&#8220;1&#8243; admin_label=&#8220;Section&#8220; _builder_version=&#8220;4.16&#8243; _module_preset=&#8220;default&#8220; da_disable_devices=&#8220;off|off|off&#8220; global_colors_info=&#8220;{}&#8220; da_is_popup=&#8220;off&#8220; da_exit_intent=&#8220;off&#8220; da_has_close=&#8220;on&#8220; da_alt_close=&#8220;off&#8220; da_dark_close=&#8220;off&#8220; da_not_modal=&#8220;on&#8220; da_is_singular=&#8220;off&#8220; da_with_loader=&#8220;off&#8220; da_has_shadow=&#8220;on&#8220;][et_pb_row column_structure=&#8220;1_3,2_3&#8243; _builder_version=&#8220;4.16&#8243; _module_preset=&#8220;default&#8220; global_colors_info=&#8220;{}&#8220;][et_pb_column type=&#8220;1_3&#8243; _builder_version=&#8220;4.16&#8243; _module_preset=&#8220;default&#8220; global_colors_info=&#8220;{}&#8220;][et_pb_text admin_label=&#8220;Text&#8220; _builder_version=&#8220;4.14.5&#8243; _module_preset=&#8220;default&#8220; text_font=&#8220;Poppins|300|||||||&#8220; text_font_size=&#8220;16px&#8220; text_line_height=&#8220;1.5em&#8220; header_font_size=&#8220;20px&#8220; border_color_right=&#8220;#0C71C3&#8243; global_module=&#8220;3456&#8243; saved_tabs=&#8220;all&#8220; global_colors_info=&#8220;{}&#8220;]<\/p>\n<h1>QUESTIONS PR\u00c9QUENTES<\/h1>\n<p><a href=\"\/faq-velo\/\">V\u00e9lo<\/a><br \/>\n<a href=\"\/faq-mise-en-route\/\">Mise en route<\/a><br \/>\n<a href=\"\/faq-smart-control\/\">Smart Control et intelligence artificielle<\/a><br \/>\n<a href=\"\/faq-autonomie\/\">Batterie et autonomie<\/a><br \/>\n<a href=\"\/faq-app-mobile\/\">App mobile<\/a><br \/>\n<a href=\"\/faq-antivol\/\">Antivol<\/a><br \/>\n<a href=\"\/faq-maintenance-sav\/\">Maintenance et SAV<\/a><br \/>\n<a href=\"\/faq-garantie\/\">Garantie<\/a><\/p>\n<p>[\/et_pb_text][\/et_pb_column][et_pb_column type=&#8220;2_3&#8243; _builder_version=&#8220;4.16&#8243; _module_preset=&#8220;default&#8220; global_colors_info=&#8220;{}&#8220;][et_pb_text _builder_version=&#8220;4.16&#8243; _module_preset=&#8220;default&#8220; header_2_font=&#8220;|700|||||||&#8220; header_2_font_size=&#8220;20px&#8220; global_colors_info=&#8220;{}&#8220;]<\/p>\n<h2>V\u00e9lo<\/h2>\n<p>[\/et_pb_text][et_pb_accordion open_toggle_background_color=&#8220;#FFFFFF&#8220; closed_toggle_background_color=&#8220;#FFFFFF&#8220; icon_color=&#8220;#0222f5&#8243; _builder_version=&#8220;4.23.1&#8243; _module_preset=&#8220;default&#8220; toggle_level=&#8220;h2&#8243; toggle_font=&#8220;Poppins||||||||&#8220; toggle_font_size=&#8220;16px&#8220; toggle_line_height=&#8220;1.2em&#8220; closed_toggle_font=&#8220;|300|||||||&#8220; closed_toggle_line_height=&#8220;1.2em&#8220; body_font=&#8220;|300|||||||&#8220; body_text_color=&#8220;#414141&#8243; body_font_size=&#8220;16px&#8220; text_orientation=&#8220;left&#8220; custom_margin=&#8220;0px||||false|false&#8220; custom_padding=&#8220;4px||0px||false|false&#8220; hover_enabled=&#8220;0&#8243; rank_math_faq_schema=&#8220;on&#8220; border_width_top=&#8220;0px&#8220; border_width_right=&#8220;0px&#8220; border_width_bottom=&#8220;0px&#8220; border_width_left=&#8220;2px&#8220; border_color_left=&#8220;#bcbcbc&#8220; global_colors_info=&#8220;{}&#8220; sticky_enabled=&#8220;0&#8243;][et_pb_accordion_item title=&#8220;Pourquoi acheter un v\u00e9lo IWEECH?&#8220; open=&#8220;on&#8220; _builder_version=&#8220;4.16&#8243; _module_preset=&#8220;default&#8220; global_colors_info=&#8220;{}&#8220;]<\/p>\n<p>IWEECH est le premier smartbike au monde, il est probablement le v\u00e9lo le plus simple \u00e0 utiliser sur le march\u00e9, il vous suffit de p\u00e9daler et IWEECH s&#8217;occupe de tout. Pas besoin de bouton ou de levier de vitesse pour trouver le bon rapport de vitesse ou le bon niveau d&#8217;assistance : IWEECH est 100% automatique. Il est le seul v\u00e9lo qui prend en compte vos habitudes de cycliste et vous propose \u00e0 tout moment le bon niveau d&#8217;assistance avec le couple parfait. IWEECH introduit un nouveau standard sur le march\u00e9 : le \u00ab smartbike\u00bb. Beau et intelligent, il apporte plaisir et efficacit\u00e9, lib\u00e8re des contraintes et s\u00e9curise votre conduite, autant qu\u2019il sait se s\u00e9curiser pour vous prot\u00e9ger du vol.<\/p>\n<p>[\/et_pb_accordion_item][et_pb_accordion_item title=&#8220;Comment et o\u00f9 puis-je acheter mon v\u00e9lo IWEECH ?&#8220; _builder_version=&#8220;4.16&#8243; _module_preset=&#8220;default&#8220; global_colors_info=&#8220;{}&#8220; open=&#8220;off&#8220;]<\/p>\n<p>Vous pouvez acheter votre IWEECH directement sur notre site ou chez l&#8217;un de nos revendeurs agr\u00e9\u00e9s.<\/p>\n<p>[\/et_pb_accordion_item][et_pb_accordion_item title=&#8220;Dans quels pays peut-on acheter IWEECH ?&#8220; _builder_version=&#8220;4.16&#8243; _module_preset=&#8220;default&#8220; global_colors_info=&#8220;{}&#8220; open=&#8220;off&#8220;]<\/p>\n<p>Pour le moment, nous vendons nos v\u00e9los exclusivement en France, Belgique, Luxembourg, Suisse, Pays-Bas, Royaume-Uni (hors Outer Hebrides, Lerwick shetland, Jersey et Irlande du Nord), Autriche, Allemagne, Italie et en Espagne (hors les \u00eeles Bal\u00e9ares et \u00eeles Canaries).<\/p>\n<p>[\/et_pb_accordion_item][et_pb_accordion_item title=&#8220;Pourquoi mon IWEECH est-il bon pour moi ?&#8220; _builder_version=&#8220;4.16&#8243; _module_preset=&#8220;default&#8220; global_colors_info=&#8220;{}&#8220; open=&#8220;off&#8220;]<\/p>\n<p>D&#8217;abord, IWEECH vous aidera \u00e0 \u00e9conomiser du temps et de l&#8217;argent en allant au bureau ou en faisant des courses en ville (pas d&#8217;embouteillage \u00e0 craindre, pas de parking ou d\u2019essence \u00e0 payer). Par aileurs, IWEECH est un produit durable qui vous procurera plaisir et s\u00e9r\u00e9nit\u00e9. Et il constitue en plus un \u00ab alli\u00e9 \u00bb prouv\u00e9 pour votre sant\u00e9 au fil du temps.<\/p>\n<p>[\/et_pb_accordion_item][et_pb_accordion_item title=&#8220;Est-ce que mon IWEECH conviendra \u00e0 ma taille ?&#8220; _builder_version=&#8220;4.16&#8243; _module_preset=&#8220;default&#8220; global_colors_info=&#8220;{}&#8220; open=&#8220;off&#8220;]<\/p>\n<p>Oui, IWEECH est un concept taille unique, sa conception de cadre offre un ajustement universel pour les femmes et les hommes, id\u00e9alement de 1m60 \u00e0 1m90, et il a une hauteur de selle r\u00e9glable. Votre v\u00e9lo IWEECH acceptera un maximum de 110 kg selon les r\u00e8gles de certification ISO 4210.<\/p>\n<p>[\/et_pb_accordion_item][et_pb_accordion_item title=&#8220;Mon IWEECH propose-t-il des accessoires ?&#8220; _builder_version=&#8220;4.16&#8243; _module_preset=&#8220;default&#8220; global_colors_info=&#8220;{}&#8220; open=&#8220;off&#8220;]<\/p>\n<p>Bonne nouvelle, IWEECH est livr\u00e9 enti\u00e8rement \u00e9quip\u00e9 avec ses phares \u00e0 LED, sa b\u00e9quille \u00e9l\u00e9gante et ses garde-boue, donc pas besoin de d\u00e9penser plus d&#8217;argent pour commencer. Vous pouvez acheter en plus le porte-bagages avant avec ses sangles, un antivol qui peut se fixer directement sous le cadre et bien d&#8217;autres accessoires encore, \u00e0 venir dans la section accessoires de notre site.<\/p>\n<p>[\/et_pb_accordion_item][et_pb_accordion_item title=&#8220;Puis-je utiliser mon IWEECH hors des routes goudronn\u00e9es ?&#8220; _builder_version=&#8220;4.16&#8243; _module_preset=&#8220;default&#8220; global_colors_info=&#8220;{}&#8220; open=&#8220;off&#8220;]<\/p>\n<p><span style=\"font-weight: 400;\">IWEECH est un v\u00e9lo \u00e9lectrique urbain. Mais rouler sur des chemins de gravier se fait sans probl\u00e8me.<\/span><\/p>\n<p>[\/et_pb_accordion_item][et_pb_accordion_item title=&#8220;De combien de vitesses dispose le v\u00e9lo IWEECH?&#8220; _builder_version=&#8220;4.23.1&#8243; _module_preset=&#8220;default&#8220; global_colors_info=&#8220;{}&#8220; open=&#8220;off&#8220;]<\/p>\n<p>Cela d\u00e9pend du mod\u00e8le de votre IWEECH :<br \/>IWEECH Promenade et 24&#8243; S sont des v\u00e9los mono-vitesse alors que IWEECH 24&#8243; S+ offre en s\u00e9rie une boite de vitesse automatique de type moyeu \u00e0 variation continue (Enviolo Heavy Duty).<br \/>Dans tous les cas, votre IWEECH b\u00e9n\u00e9ficie du syst\u00e8me SMART CONTROL qui g\u00e8re votre assistance (ainsi que la boite de vitesse dans le cas du 24&#8243; S+) de mani\u00e8re enti\u00e8rement intuitive.<br \/>Montez sur le v\u00e9lo et p\u00e9dalez, IWEECH fera le reste pour vous, pas besoin de changer de vitesse ou de surveiller le niveau d\u2019assistance, IWEECH est enti\u00e8rement automatique. C&#8217;est aussi simple que \u00e7a.<\/p>\n<p>[\/et_pb_accordion_item][et_pb_accordion_item title=&#8220;L&#8217;assistance IWEECH est enti\u00e8rement automatique, sera-t-elle efficace dans les c\u00f4tes ?&#8220; _builder_version=&#8220;4.23.1&#8243; _module_preset=&#8220;default&#8220; hover_enabled=&#8220;0&#8243; global_colors_info=&#8220;{}&#8220; open=&#8220;off&#8220; sticky_enabled=&#8220;0&#8243;]<\/p>\n<p>Bien s\u00fbr.<br \/>Quel que soit le mod\u00e8le, vous pouvez utiliser votre IWEECH pour gravir les c\u00f4tes et les collines. En mode i.ride ou freeride, l&#8217;assistance automatique IWEECH vous permettra de toujours grimper avec le meilleur niveau de confort.<br \/>Votre IWEECH Promenade ou 24&#8243; S restera efficace dans les pentes jusqu\u2019\u00e0 9% ce qui est d\u00e9j\u00e0 \u00e9norme pour la ville.<br \/>Votre IWEECH 24&#8243; S+ vous permettra de vous attaquer \u00e0 des pentes jusqu\u2019\u00e0 20% et plus gr\u00e2ce \u00e0 sa boite de vitesse automatique int\u00e9gr\u00e9e.<\/p>\n<p>Enfin, n&#8217;oubliez pas que si vous \u00eates en mode i.ride, IWEECH peut d\u00e9grader intelligemment le niveau d&#8217;assistance sur certaines petites c\u00f4tes et sur le plat pour vous permettre d&#8217;atteindre votre destination en ayant toujours assez d\u2019\u00e9nergie pour passer les parties les plus difficiles.<\/p>\n<p>[\/et_pb_accordion_item][et_pb_accordion_item title=&#8220;O\u00f9 est fabriqu\u00e9 mon IWEECH ?&#8220; _builder_version=&#8220;4.16&#8243; _module_preset=&#8220;default&#8220; global_colors_info=&#8220;{}&#8220; open=&#8220;off&#8220;]<\/p>\n<p>IWEECH est con\u00e7u \u00e0 Marseille en France. Nous concevons et produisons l&#8217;ensemble du syst\u00e8me intelligent dans nos bureaux. Le cadre, la tige de selle et la fourche sont produits en Bulgarie et \u00e0 Taiwan selon notre propre design et avec nos propres moules. Les autres pi\u00e8ces proviennent uniquement de marques de premier plan en Europe, aux \u00c9tats-Unis et \u00e0 Ta\u00efwan. Nous effectuons les contr\u00f4les de qualit\u00e9 n\u00e9cessaires en amont, puis nous rapatrions le tout dans nos ateliers \u00e0 Marseille en France o\u00f9 ils sont assembl\u00e9s par nos \u00e9quipes. Ensuite, nous les exp\u00e9dions jusqu\u2019\u00e0 votre porte. Nous avons mis en place une solide cha\u00eene d&#8217;approvisionnement pour garantir les d\u00e9lais de livraison et la qualit\u00e9.<\/p>\n<p>[\/et_pb_accordion_item][et_pb_accordion_item title=&#8220;Dois-je porter un casque sur mon IWEECH ?&#8220; _builder_version=&#8220;4.16&#8243; _module_preset=&#8220;default&#8220; global_colors_info=&#8220;{}&#8220; open=&#8220;off&#8220;]<\/p>\n<p>Nous vous recommandons fortement de rouler avec un casque de v\u00e9lo homologu\u00e9.<\/p>\n<p>[\/et_pb_accordion_item][et_pb_accordion_item title=&#8220;Ai-je droit \u00e0 une aide financi\u00e8re ?&#8220; _builder_version=&#8220;4.16&#8243; _module_preset=&#8220;default&#8220; global_colors_info=&#8220;{}&#8220; open=&#8220;off&#8220;]<\/p>\n<p>Il existe de nombreuses aides financi\u00e8res et bonus en Europe pour encourager l&#8217;achat d&#8217;un v\u00e9lo \u00e9lectrique. Vous trouverez ci-dessous les subventions auxquelles vous avez droit en France, mais de nombreuses aides sont accessibles en Belgique, aux Pays-Bas, en Autriche, en Allemagne, etc\u2026 Ces informations sont fournies sous r\u00e9serve, elles peuvent en effet \u00e9voluer d&#8217;un jour \u00e0 l&#8217;autre. N&#8217;h\u00e9sitez pas \u00e0 nous contacter si vous avez besoin de factures pour les obtenir. En France :<br \/>&#8211; \u00cele-de-France (Paris) : bonus d&#8217;achat de 500 \u20ac.<br \/>&#8211; Nantes : remboursement de 25% du prix d&#8217;achat (max 300 \u20ac)<br \/>&#8211; Bordeaux : remboursement de 25% du prix d&#8217;achat (max 300 \u20ac)<br \/>&#8211; Nice : remboursement de 25% du prix d&#8217;achat (max 150 \u20ac)<br \/>&#8211; Bouches-du-Rh\u00f4ne : remboursement de 25% du prix d&#8217;achat (max 400 \u20ac)<br \/>&#8211; Toulon : remboursement de 25% du prix d&#8217;achat (max 250 \u20ac)<br \/>&#8211; Marcq-en-Baroeul : bonus d&#8217;achat de 300 \u20ac<\/p>\n<p>Vous pouvez t\u00e9l\u00e9charger ici <a href=\"\/wp-content\/uploads\/2021\/12\/declaration_conformite_IWEECH_2020-fr.pdf\">la d\u00e9claration de conformit\u00e9<\/a> dont vous aurez besoin pour acc\u00e9der \u00e0 la prime<\/p>\n<p>[\/et_pb_accordion_item][\/et_pb_accordion][\/et_pb_column][\/et_pb_row][\/et_pb_section]<\/p>\n","protected":false},"excerpt":{"rendered":"<p>QUESTIONS PR\u00c9QUENTES V\u00e9lo Mise en route Smart Control et intelligence artificielle Batterie et autonomie App mobile Antivol Maintenance et SAV Garantie V\u00e9loIWEECH est le premier smartbike au monde, il est probablement le v\u00e9lo le plus simple \u00e0 utiliser sur le march\u00e9, il vous suffit de p\u00e9daler et IWEECH s&#8217;occupe de tout. Pas besoin de bouton [&hellip;]<\/p>\n","protected":false},"author":11,"featured_media":0,"parent":0,"menu_order":20,"comment_status":"closed","ping_status":"closed","template":"","meta":{"_et_pb_use_builder":"on","_et_pb_old_content":"","_et_gb_content_width":"","footnotes":""},"class_list":["post-3354","page","type-page","status-publish","hentry"],"acf":[],"_links":{"self":[{"href":"https:\/\/www.iweech.com\/de\/wp-json\/wp\/v2\/pages\/3354","targetHints":{"allow":["GET"]}}],"collection":[{"href":"https:\/\/www.iweech.com\/de\/wp-json\/wp\/v2\/pages"}],"about":[{"href":"https:\/\/www.iweech.com\/de\/wp-json\/wp\/v2\/types\/page"}],"author":[{"embeddable":true,"href":"https:\/\/www.iweech.com\/de\/wp-json\/wp\/v2\/users\/11"}],"replies":[{"embeddable":true,"href":"https:\/\/www.iweech.com\/de\/wp-json\/wp\/v2\/comments?post=3354"}],"version-history":[{"count":0,"href":"https:\/\/www.iweech.com\/de\/wp-json\/wp\/v2\/pages\/3354\/revisions"}],"wp:attachment":[{"href":"https:\/\/www.iweech.com\/de\/wp-json\/wp\/v2\/media?parent=3354"}],"curies":[{"name":"wp","href":"https:\/\/api.w.org\/{rel}","templated":true}]}}