{"id":3470,"date":"2021-12-15T16:30:05","date_gmt":"2021-12-15T15:30:05","guid":{"rendered":"https:\/\/iweech.staging-allforweb.fr\/?page_id=3470"},"modified":"2023-11-13T12:09:11","modified_gmt":"2023-11-13T11:09:11","slug":"faq-smart-control","status":"publish","type":"page","link":"https:\/\/www.iweech.com\/de\/faq-smart-control\/","title":{"rendered":"FAQ Smart Control"},"content":{"rendered":"<p>[et_pb_section fb_built=&#8220;1&#8243; admin_label=&#8220;Section&#8220; _builder_version=&#8220;4.16&#8243; _module_preset=&#8220;default&#8220; da_disable_devices=&#8220;off|off|off&#8220; global_colors_info=&#8220;{}&#8220; da_is_popup=&#8220;off&#8220; da_exit_intent=&#8220;off&#8220; da_has_close=&#8220;on&#8220; da_alt_close=&#8220;off&#8220; da_dark_close=&#8220;off&#8220; da_not_modal=&#8220;on&#8220; da_is_singular=&#8220;off&#8220; da_with_loader=&#8220;off&#8220; da_has_shadow=&#8220;on&#8220;][et_pb_row column_structure=&#8220;1_3,2_3&#8243; _builder_version=&#8220;4.16&#8243; _module_preset=&#8220;default&#8220; global_colors_info=&#8220;{}&#8220;][et_pb_column type=&#8220;1_3&#8243; _builder_version=&#8220;4.16&#8243; _module_preset=&#8220;default&#8220; global_colors_info=&#8220;{}&#8220;][et_pb_text admin_label=&#8220;Text&#8220; _builder_version=&#8220;4.14.5&#8243; _module_preset=&#8220;default&#8220; text_font=&#8220;Poppins|300|||||||&#8220; text_font_size=&#8220;16px&#8220; text_line_height=&#8220;1.5em&#8220; header_font_size=&#8220;20px&#8220; border_color_right=&#8220;#0C71C3&#8243; global_module=&#8220;3456&#8243; saved_tabs=&#8220;all&#8220; global_colors_info=&#8220;{}&#8220;]<\/p>\n<h1>QUESTIONS PR\u00c9QUENTES<\/h1>\n<p><a href=\"\/faq-velo\/\">V\u00e9lo<\/a><br \/>\n<a href=\"\/faq-mise-en-route\/\">Mise en route<\/a><br \/>\n<a href=\"\/faq-smart-control\/\">Smart Control et intelligence artificielle<\/a><br \/>\n<a href=\"\/faq-autonomie\/\">Batterie et autonomie<\/a><br \/>\n<a href=\"\/faq-app-mobile\/\">App mobile<\/a><br \/>\n<a href=\"\/faq-antivol\/\">Antivol<\/a><br \/>\n<a href=\"\/faq-maintenance-sav\/\">Maintenance et SAV<\/a><br \/>\n<a href=\"\/faq-garantie\/\">Garantie<\/a><\/p>\n<p>[\/et_pb_text][\/et_pb_column][et_pb_column type=&#8220;2_3&#8243; _builder_version=&#8220;4.16&#8243; _module_preset=&#8220;default&#8220; global_colors_info=&#8220;{}&#8220;][et_pb_text _builder_version=&#8220;4.16&#8243; _module_preset=&#8220;default&#8220; header_2_font=&#8220;|700|||||||&#8220; header_2_font_size=&#8220;20px&#8220; global_colors_info=&#8220;{}&#8220;]<\/p>\n<h2>Smart Control<\/h2>\n<p>[\/et_pb_text][et_pb_accordion open_toggle_background_color=&#8220;#FFFFFF&#8220; closed_toggle_background_color=&#8220;#FFFFFF&#8220; icon_color=&#8220;#0222f5&#8243; _builder_version=&#8220;4.23.1&#8243; _module_preset=&#8220;default&#8220; toggle_level=&#8220;h2&#8243; toggle_font=&#8220;Poppins||||||||&#8220; toggle_font_size=&#8220;16px&#8220; toggle_line_height=&#8220;1.2em&#8220; closed_toggle_font=&#8220;|300|||||||&#8220; closed_toggle_line_height=&#8220;1.2em&#8220; body_font=&#8220;|300|||||||&#8220; body_text_color=&#8220;#414141&#8243; body_font_size=&#8220;16px&#8220; text_orientation=&#8220;left&#8220; custom_margin=&#8220;0px||||false|false&#8220; custom_padding=&#8220;4px||0px||false|false&#8220; hover_enabled=&#8220;0&#8243; border_width_top=&#8220;0px&#8220; border_width_right=&#8220;0px&#8220; border_width_bottom=&#8220;0px&#8220; border_width_left=&#8220;2px&#8220; border_color_left=&#8220;#bcbcbc&#8220; global_colors_info=&#8220;{}&#8220; rank_math_faq_schema=&#8220;on&#8220; sticky_enabled=&#8220;0&#8243;][et_pb_accordion_item title=&#8220;Quelle est la diff\u00e9rence entre les modes i.ride et free ride ?&#8220; open=&#8220;on&#8220; _builder_version=&#8220;4.16&#8243; _module_preset=&#8220;default&#8220; global_colors_info=&#8220;{}&#8220;]<\/p>\n<p>En mode freeride, IWEECH ne vous garantit pas d&#8217;avoir suffisamment de batterie pour atteindre votre destination, car IWEECH ne sait pas o\u00f9 vous allez (non pr\u00e9dictible ou non renseign\u00e9). Mais vous acc\u00e9dez \u00e0 la gestion automatique et personnalis\u00e9e de l&#8217;assistance avec deux niveaux de profil: \u00abOPTImum\u00bb pour un meilleur confort si le niveau de batterie est sup\u00e9rieur \u00e0 30%, et \u00abECOnomic\u00bb (qui est d\u00e9grad\u00e9 de l\u2019OPTI) s&#8217;il est inf\u00e9rieur. Vous pouvez passer de l\u2019un \u00e0 l\u2019autre \u00e0 votre guise.<br \/>En mode i.ride, IWEECH vous garantit d&#8217;avoir toujours suffisamment d&#8217;\u00e9nergie pour atteindre votre destination. IWEECH vous donne alors acc\u00e8s \u00e0 une extension du syst\u00e8me d&#8217;assistance \u00e9lectrique intelligent et intuitif \u00abSmart control\u00bb qui g\u00e8re en permanence votre niveau d&#8217;assistance pour vous permettre dans ce cas d&#8217;avoir toujours suffisamment d&#8217;\u00e9nergie pour atteindre la destination avec le meilleur confort possible.<\/p>\n<p>[\/et_pb_accordion_item][et_pb_accordion_item title=&#8220;Comment fonctionne l\u2019intelligence IWEECH pour fournir l&#8217;assistance personnalis\u00e9e et intuitive ?&#8220; _builder_version=&#8220;4.16&#8243; _module_preset=&#8220;default&#8220; global_colors_info=&#8220;{}&#8220; open=&#8220;off&#8220;]<\/p>\n<p>Gr\u00e2ce \u00e0 l&#8217;utilisation de l&#8217;intelligence artificielle, IWEECH apprend de chacun de vos d\u00e9placements et int\u00e8gre de nombreux param\u00e8tres qui permettent une bonne pr\u00e9diction de vos trajets et de votre besoin de confort. Il calcule ainsi votre profil personnel de confort, int\u00e8gre les caract\u00e9ristiques du parcours lui-m\u00eame, de l&#8217;environnement (c.-\u00e0-d. m\u00e9t\u00e9o, vent, T\u00b0), l&#8217;\u00e9tat des composants et bien s\u00fbr le niveau d&#8217;\u00e9nergie disponible dans la batterie en temps r\u00e9el. IWEECH peut alors pr\u00e9voir votre prochain voyage, mais aussi le besoin d\u2019assistance qui y est associ\u00e9e et le besoin d&#8217;\u00e9nergie n\u00e9cessaire pour arriver \u00e0 destination dans ces conditions. Ensuite, quel que soit le niveau d&#8217;\u00e9nergie disponible au d\u00e9marrage, IWEECH d\u00e9cide et applique en temps r\u00e9el le niveau de puissance n\u00e9cessaire pour vous fournir en permanence et automatiquement un niveau d&#8217;assistance optimal tout en garantissant toujours assez d&#8217;\u00e9nergie pour vous aider jusqu&#8217;\u00e0 l\u2019arriv\u00e9e \u00e0 destination.<\/p>\n<p>[\/et_pb_accordion_item][et_pb_accordion_item title=&#8220;Dois-je entrer des param\u00e8tres personnels comme mon poids ou mon \u00e2ge\u2026 pour renseigner le syst\u00e8me intelligent IWEECH ?&#8220; _builder_version=&#8220;4.16&#8243; _module_preset=&#8220;default&#8220; global_colors_info=&#8220;{}&#8220; open=&#8220;off&#8220;]<\/p>\n<p>Non, vous n&#8217;avez pas besoin de rentrer de param\u00e8tres dans le syst\u00e8me, l&#8217;intelligence artificielle IWEECH fonctionne seule, elle apprend de tous vos trajets et calcule elle-m\u00eame toutes les valeurs dont elle a besoin pour \u00eatre efficace. De plus, le syst\u00e8me IWEECH est enti\u00e8rement crypt\u00e9 et conforme \u00e0 la r\u00e9glementation europ\u00e9enne RGPD.<\/p>\n<p>[\/et_pb_accordion_item][et_pb_accordion_item title=&#8220;Dois-je entrer des param\u00e8tres personnels comme mon poids ou mon \u00e2ge\u2026 pour renseigner le syst\u00e8me intelligent IWEECH ?&#8220; _builder_version=&#8220;4.16&#8243; _module_preset=&#8220;default&#8220; global_colors_info=&#8220;{}&#8220; open=&#8220;off&#8220;]<\/p>\n<p>Le bouton intelligent IWEECH (ibouton) est exclusif \u00e0 IWEECH, il vous permet de tout g\u00e9rer sur votre IWEECH \u00e0 partir d&#8217;un seul point :<\/p>\n<ol>\n<li>Acc\u00e9der \u00e0 toutes les informations dont vous avez besoin sur votre conduite et sur l&#8217;\u00e9tat du v\u00e9lo, et notamment le mode en cours (veille \/ i.ride \/ free.ride \/ stockage), le niveau de la batterie et l&#8217;\u00e9tat des composants.<\/li>\n<li>Interagir \u00ab en un clic \u00bb avec le v\u00e9lo pour changer de mode, ou pour changer de profil depuis le mode freeride (OPTI \/ ECO).<\/li>\n<\/ol>\n<p>[\/et_pb_accordion_item][\/et_pb_accordion][\/et_pb_column][\/et_pb_row][\/et_pb_section]<\/p>\n","protected":false},"excerpt":{"rendered":"<p>QUESTIONS PR\u00c9QUENTES V\u00e9lo Mise en route Smart Control et intelligence artificielle Batterie et autonomie App mobile Antivol Maintenance et SAV Garantie Smart ControlEn mode freeride, IWEECH ne vous garantit pas d&#8217;avoir suffisamment de batterie pour atteindre votre destination, car IWEECH ne sait pas o\u00f9 vous allez (non pr\u00e9dictible ou non renseign\u00e9). Mais vous acc\u00e9dez \u00e0 [&hellip;]<\/p>\n","protected":false},"author":11,"featured_media":0,"parent":0,"menu_order":20,"comment_status":"closed","ping_status":"closed","template":"","meta":{"_et_pb_use_builder":"on","_et_pb_old_content":"","_et_gb_content_width":"","footnotes":""},"class_list":["post-3470","page","type-page","status-publish","hentry"],"acf":[],"_links":{"self":[{"href":"https:\/\/www.iweech.com\/de\/wp-json\/wp\/v2\/pages\/3470","targetHints":{"allow":["GET"]}}],"collection":[{"href":"https:\/\/www.iweech.com\/de\/wp-json\/wp\/v2\/pages"}],"about":[{"href":"https:\/\/www.iweech.com\/de\/wp-json\/wp\/v2\/types\/page"}],"author":[{"embeddable":true,"href":"https:\/\/www.iweech.com\/de\/wp-json\/wp\/v2\/users\/11"}],"replies":[{"embeddable":true,"href":"https:\/\/www.iweech.com\/de\/wp-json\/wp\/v2\/comments?post=3470"}],"version-history":[{"count":0,"href":"https:\/\/www.iweech.com\/de\/wp-json\/wp\/v2\/pages\/3470\/revisions"}],"wp:attachment":[{"href":"https:\/\/www.iweech.com\/de\/wp-json\/wp\/v2\/media?parent=3470"}],"curies":[{"name":"wp","href":"https:\/\/api.w.org\/{rel}","templated":true}]}}