{"id":3503,"date":"2021-12-15T16:54:18","date_gmt":"2021-12-15T15:54:18","guid":{"rendered":"https:\/\/iweech.staging-allforweb.fr\/?page_id=3503"},"modified":"2023-11-13T12:08:23","modified_gmt":"2023-11-13T11:08:23","slug":"faq-antivol","status":"publish","type":"page","link":"https:\/\/www.iweech.com\/de\/faq-antivol\/","title":{"rendered":"FAQ Antivol"},"content":{"rendered":"<p>[et_pb_section fb_built=&#8220;1&#8243; admin_label=&#8220;Section&#8220; _builder_version=&#8220;4.16&#8243; _module_preset=&#8220;default&#8220; da_disable_devices=&#8220;off|off|off&#8220; global_colors_info=&#8220;{}&#8220; da_is_popup=&#8220;off&#8220; da_exit_intent=&#8220;off&#8220; da_has_close=&#8220;on&#8220; da_alt_close=&#8220;off&#8220; da_dark_close=&#8220;off&#8220; da_not_modal=&#8220;on&#8220; da_is_singular=&#8220;off&#8220; da_with_loader=&#8220;off&#8220; da_has_shadow=&#8220;on&#8220;][et_pb_row column_structure=&#8220;1_3,2_3&#8243; _builder_version=&#8220;4.16&#8243; _module_preset=&#8220;default&#8220; global_colors_info=&#8220;{}&#8220;][et_pb_column type=&#8220;1_3&#8243; _builder_version=&#8220;4.16&#8243; _module_preset=&#8220;default&#8220; global_colors_info=&#8220;{}&#8220;][et_pb_text admin_label=&#8220;Text&#8220; _builder_version=&#8220;4.14.5&#8243; _module_preset=&#8220;default&#8220; text_font=&#8220;Poppins|300|||||||&#8220; text_font_size=&#8220;16px&#8220; text_line_height=&#8220;1.5em&#8220; header_font_size=&#8220;20px&#8220; border_color_right=&#8220;#0C71C3&#8243; global_module=&#8220;3456&#8243; saved_tabs=&#8220;all&#8220; global_colors_info=&#8220;{}&#8220;]<\/p>\n<h1>QUESTIONS PR\u00c9QUENTES<\/h1>\n<p><a href=\"\/faq-velo\/\">V\u00e9lo<\/a><br \/>\n<a href=\"\/faq-mise-en-route\/\">Mise en route<\/a><br \/>\n<a href=\"\/faq-smart-control\/\">Smart Control et intelligence artificielle<\/a><br \/>\n<a href=\"\/faq-autonomie\/\">Batterie et autonomie<\/a><br \/>\n<a href=\"\/faq-app-mobile\/\">App mobile<\/a><br \/>\n<a href=\"\/faq-antivol\/\">Antivol<\/a><br \/>\n<a href=\"\/faq-maintenance-sav\/\">Maintenance et SAV<\/a><br \/>\n<a href=\"\/faq-garantie\/\">Garantie<\/a><\/p>\n<p>[\/et_pb_text][\/et_pb_column][et_pb_column type=&#8220;2_3&#8243; _builder_version=&#8220;4.16&#8243; _module_preset=&#8220;default&#8220; global_colors_info=&#8220;{}&#8220;][et_pb_text _builder_version=&#8220;4.16&#8243; _module_preset=&#8220;default&#8220; header_2_font=&#8220;|700|||||||&#8220; header_2_font_size=&#8220;20px&#8220; global_colors_info=&#8220;{}&#8220;]<\/p>\n<h2>Antivol<\/h2>\n<p>[\/et_pb_text][et_pb_accordion open_toggle_background_color=&#8220;#FFFFFF&#8220; closed_toggle_background_color=&#8220;#FFFFFF&#8220; icon_color=&#8220;#0222f5&#8243; _builder_version=&#8220;4.23.1&#8243; _module_preset=&#8220;default&#8220; toggle_level=&#8220;h2&#8243; toggle_font=&#8220;Poppins||||||||&#8220; toggle_font_size=&#8220;16px&#8220; toggle_line_height=&#8220;1.2em&#8220; closed_toggle_font=&#8220;|300|||||||&#8220; closed_toggle_line_height=&#8220;1.2em&#8220; body_font=&#8220;|300|||||||&#8220; body_text_color=&#8220;#414141&#8243; body_font_size=&#8220;16px&#8220; text_orientation=&#8220;left&#8220; custom_margin=&#8220;0px||||false|false&#8220; custom_padding=&#8220;4px||0px||false|false&#8220; hover_enabled=&#8220;0&#8243; border_width_top=&#8220;0px&#8220; border_width_right=&#8220;0px&#8220; border_width_bottom=&#8220;0px&#8220; border_width_left=&#8220;2px&#8220; border_color_left=&#8220;#bcbcbc&#8220; global_colors_info=&#8220;{}&#8220; rank_math_faq_schema=&#8220;on&#8220; sticky_enabled=&#8220;0&#8243;][et_pb_accordion_item title=&#8220;Comment fonctionne le suivi antivol ?&#8220; open=&#8220;on&#8220; _builder_version=&#8220;4.16&#8243; _module_preset=&#8220;default&#8220; global_colors_info=&#8220;{}&#8220;]<\/p>\n<p>Votre IWEECH poss\u00e8de son propre syst\u00e8me GPS et carte GSM SIM (4G) \u00e0 l&#8217;int\u00e9rieur. Cela vous permet de suivre le v\u00e9lo o\u00f9 qu&#8217;il soit et de visualiser sa position exacte en cas de vol sur la carte (\u00absuivi anti-vol GPS\u00bb) dans votre application mobile (section param\u00e8tres). A noter que l&#8217;acc\u00e8s \u00e0 la carte de suivi GPS antivol n&#8217;est disponible qu&#8217;en cas de vol du v\u00e9lo (cela signifie que votre IWEECH a \u00e9t\u00e9 vol\u00e9 et que l&#8217;alarme \u00e9tait pr\u00e9alablement activ\u00e9e).<\/p>\n<p>[\/et_pb_accordion_item][et_pb_accordion_item title=&#8220;Comment activer \/ d\u00e9sactiver le syst\u00e8me antivol et que se passe-t-il ?&#8220; _builder_version=&#8220;4.16&#8243; _module_preset=&#8220;default&#8220; global_colors_info=&#8220;{}&#8220; open=&#8220;off&#8220;]<\/p>\n<p>Pour activer le syst\u00e8me de d\u00e9fense antivol, utilisez simplement la cl\u00e9 NFC et pr\u00e9sentez la devant le faisceau sur le carter moteur, ou utilisez le cadenas disponible dans l&#8217;application mobile. Votre v\u00e9lo arm\u00e9 r\u00e9pondra par un fort avertissement (sir\u00e8ne haute densit\u00e9) d\u00e8s le premier d\u00e9placement. Si le voleur continue de le d\u00e9placer, le syst\u00e8me d&#8217;alarme restera activ\u00e9. IWEECH d\u00e9connecte alors le moteur et la batterie pour \u00e9conomiser de l&#8217;\u00e9nergie et emp\u00eacher toute utilisation du v\u00e9lo, vous recevez une alerte de notification (v\u00e9lo vol\u00e9) directement sur votre smartphone. Une fois que le syst\u00e8me antivol est activ\u00e9, vous pouvez suivre votre IWEECH en temps r\u00e9el sur la carte antivol tracking de votre application, jusqu&#8217;\u00e0 ce que vous ou la police le trouviez. Pour d\u00e9sactiver le mode antivol, passez simplement la cl\u00e9 NFC devant le faisceau ou laissez votre application se reconnecter au v\u00e9lo et d\u00e9verrouillez le cadenas dans l&#8217;application.<\/p>\n<p>[\/et_pb_accordion_item][et_pb_accordion_item title=&#8220;Que dois-je faire si mon IWEECH est vol\u00e9 et que je le retrouve avec ma carte antivol tracking ?&#8220; _builder_version=&#8220;4.16&#8243; _module_preset=&#8220;default&#8220; global_colors_info=&#8220;{}&#8220; open=&#8220;off&#8220;]<\/p>\n<p>Nous vous recommandons fortement d&#8217;appeler la police et de lui montrer la carte de suivi et la position de votre IWEECH, en effet au-del\u00e0 du fait qu&#8217;essayer de r\u00e9cup\u00e9rer votre v\u00e9lo par vous-m\u00eame peut \u00eatre dangereux, seule la police a le droit d&#8217;organiser une intervention pour le retrouver et le reprendre aux voleurs.<\/p>\n<p>[\/et_pb_accordion_item][et_pb_accordion_item title=&#8220;Si quelqu&#8217;un vole mon IWEECH, ne peut-il pas t\u00e9l\u00e9charger l&#8217;application puis utiliser le v\u00e9lo ?&#8220; _builder_version=&#8220;4.16&#8243; _module_preset=&#8220;default&#8220; global_colors_info=&#8220;{}&#8220; open=&#8220;off&#8220;]<\/p>\n<p>Non, seul votre compte peut \u00eatre coupl\u00e9 \u00e0 votre IWEECH selon notre syst\u00e8me de reconnaissance. De plus, le voleur ne pourra jamais utiliser votre IWEECH car moteur et batterie resteront en mode verrouill\u00e9\/\u00e9teint.<\/p>\n<p>[\/et_pb_accordion_item][et_pb_accordion_item title=&#8220;Que dois-je faire si mon IWEECH est vol\u00e9 et que je le retrouve avec ma carte antivol tracking ?&#8220; _builder_version=&#8220;4.16&#8243; _module_preset=&#8220;default&#8220; global_colors_info=&#8220;{}&#8220; open=&#8220;off&#8220;]<\/p>\n<p>Nous vous recommandons fortement d&#8217;appeler la police et de lui montrer la carte de suivi et la position de votre IWEECH, en effet au-del\u00e0 du fait qu&#8217;essayer de r\u00e9cup\u00e9rer votre v\u00e9lo par vous-m\u00eame peut \u00eatre dangereux, seule la police a le droit d&#8217;organiser une intervention pour le retrouver et le reprendre aux voleurs.<\/p>\n<p>[\/et_pb_accordion_item][et_pb_accordion_item title=&#8220;L\u2019antivol de la marque ABUS que vous vendez est-il compatible avec le v\u00e9lo ?&#8220; _builder_version=&#8220;4.16&#8243; _module_preset=&#8220;default&#8220; global_colors_info=&#8220;{}&#8220; open=&#8220;off&#8220;]<\/p>\n<p>Oui, on a travaill\u00e9 avec ABUS pour trouver une bonne int\u00e9gration de l\u2019antivol sur le v\u00e9lo IWEECH. Il se fixe nativement en dessous du cadre, gr\u00e2ce aux trois trous pr\u00e9vus. On a observ\u00e9 que certains clients avaient des probl\u00e8mes avec leur antivol qui a tendance \u00e0 sortir de ses m\u00e2choires. ABUS nous r\u00e9pond qu\u2019il est \u00e9galement pr\u00e9vu pour \u00eatre utilis\u00e9 orient\u00e9 vers le bas, m\u00eame sous le cadre, mais recommande d\u2019\u00eatre particuli\u00e8rement pr\u00e9cautionneux lors du pliage de celui-ci, en particulier par temps de pluie o\u00f9 le caoutchouc est plus glissant.<\/p>\n<p>[\/et_pb_accordion_item][\/et_pb_accordion][\/et_pb_column][\/et_pb_row][\/et_pb_section]<\/p>\n","protected":false},"excerpt":{"rendered":"<p>QUESTIONS PR\u00c9QUENTES V\u00e9lo Mise en route Smart Control et intelligence artificielle Batterie et autonomie App mobile Antivol Maintenance et SAV Garantie AntivolVotre IWEECH poss\u00e8de son propre syst\u00e8me GPS et carte GSM SIM (4G) \u00e0 l&#8217;int\u00e9rieur. Cela vous permet de suivre le v\u00e9lo o\u00f9 qu&#8217;il soit et de visualiser sa position exacte en cas de vol [&hellip;]<\/p>\n","protected":false},"author":11,"featured_media":0,"parent":0,"menu_order":20,"comment_status":"closed","ping_status":"closed","template":"","meta":{"_et_pb_use_builder":"on","_et_pb_old_content":"","_et_gb_content_width":"","footnotes":""},"class_list":["post-3503","page","type-page","status-publish","hentry"],"acf":[],"_links":{"self":[{"href":"https:\/\/www.iweech.com\/de\/wp-json\/wp\/v2\/pages\/3503","targetHints":{"allow":["GET"]}}],"collection":[{"href":"https:\/\/www.iweech.com\/de\/wp-json\/wp\/v2\/pages"}],"about":[{"href":"https:\/\/www.iweech.com\/de\/wp-json\/wp\/v2\/types\/page"}],"author":[{"embeddable":true,"href":"https:\/\/www.iweech.com\/de\/wp-json\/wp\/v2\/users\/11"}],"replies":[{"embeddable":true,"href":"https:\/\/www.iweech.com\/de\/wp-json\/wp\/v2\/comments?post=3503"}],"version-history":[{"count":0,"href":"https:\/\/www.iweech.com\/de\/wp-json\/wp\/v2\/pages\/3503\/revisions"}],"wp:attachment":[{"href":"https:\/\/www.iweech.com\/de\/wp-json\/wp\/v2\/media?parent=3503"}],"curies":[{"name":"wp","href":"https:\/\/api.w.org\/{rel}","templated":true}]}}