{"id":3510,"date":"2021-12-15T16:59:07","date_gmt":"2021-12-15T15:59:07","guid":{"rendered":"https:\/\/iweech.staging-allforweb.fr\/?page_id=3510"},"modified":"2024-04-15T20:47:42","modified_gmt":"2024-04-15T19:47:42","slug":"faq-maintenance-sav","status":"publish","type":"page","link":"https:\/\/www.iweech.com\/de\/faq-maintenance-sav\/","title":{"rendered":"FAQ Maintenance et SAV"},"content":{"rendered":"<p>[et_pb_section fb_built=&#8220;1&#8243; admin_label=&#8220;Section&#8220; _builder_version=&#8220;4.16&#8243; _module_preset=&#8220;default&#8220; da_disable_devices=&#8220;off|off|off&#8220; global_colors_info=&#8220;{}&#8220; da_is_popup=&#8220;off&#8220; da_exit_intent=&#8220;off&#8220; da_has_close=&#8220;on&#8220; da_alt_close=&#8220;off&#8220; da_dark_close=&#8220;off&#8220; da_not_modal=&#8220;on&#8220; da_is_singular=&#8220;off&#8220; da_with_loader=&#8220;off&#8220; da_has_shadow=&#8220;on&#8220;][et_pb_row column_structure=&#8220;1_3,2_3&#8243; _builder_version=&#8220;4.16&#8243; _module_preset=&#8220;default&#8220; global_colors_info=&#8220;{}&#8220;][et_pb_column type=&#8220;1_3&#8243; _builder_version=&#8220;4.16&#8243; _module_preset=&#8220;default&#8220; global_colors_info=&#8220;{}&#8220;][et_pb_text admin_label=&#8220;Text&#8220; _builder_version=&#8220;4.14.5&#8243; _module_preset=&#8220;default&#8220; text_font=&#8220;Poppins|300|||||||&#8220; text_font_size=&#8220;16px&#8220; text_line_height=&#8220;1.5em&#8220; header_font_size=&#8220;20px&#8220; border_color_right=&#8220;#0C71C3&#8243; global_module=&#8220;3456&#8243; saved_tabs=&#8220;all&#8220; global_colors_info=&#8220;{}&#8220;]<\/p>\n<h1>QUESTIONS PR\u00c9QUENTES<\/h1>\n<p><a href=\"\/faq-velo\/\">V\u00e9lo<\/a><br \/>\n<a href=\"\/faq-mise-en-route\/\">Mise en route<\/a><br \/>\n<a href=\"\/faq-smart-control\/\">Smart Control et intelligence artificielle<\/a><br \/>\n<a href=\"\/faq-autonomie\/\">Batterie et autonomie<\/a><br \/>\n<a href=\"\/faq-app-mobile\/\">App mobile<\/a><br \/>\n<a href=\"\/faq-antivol\/\">Antivol<\/a><br \/>\n<a href=\"\/faq-maintenance-sav\/\">Maintenance et SAV<\/a><br \/>\n<a href=\"\/faq-garantie\/\">Garantie<\/a><\/p>\n<p>[\/et_pb_text][\/et_pb_column][et_pb_column type=&#8220;2_3&#8243; _builder_version=&#8220;4.16&#8243; _module_preset=&#8220;default&#8220; global_colors_info=&#8220;{}&#8220;][et_pb_text _builder_version=&#8220;4.16&#8243; _module_preset=&#8220;default&#8220; header_2_font=&#8220;|700|||||||&#8220; header_2_font_size=&#8220;20px&#8220; global_colors_info=&#8220;{}&#8220;]<\/p>\n<h2>Maintenance et SAV<\/h2>\n<p>[\/et_pb_text][et_pb_accordion open_toggle_background_color=&#8220;#FFFFFF&#8220; closed_toggle_background_color=&#8220;#FFFFFF&#8220; icon_color=&#8220;#0222f5&#8243; _builder_version=&#8220;4.23.1&#8243; _module_preset=&#8220;default&#8220; toggle_level=&#8220;h2&#8243; toggle_font=&#8220;Poppins||||||||&#8220; toggle_font_size=&#8220;16px&#8220; toggle_line_height=&#8220;1.2em&#8220; closed_toggle_font=&#8220;|300|||||||&#8220; closed_toggle_line_height=&#8220;1.2em&#8220; body_font=&#8220;|300|||||||&#8220; body_text_color=&#8220;#414141&#8243; body_font_size=&#8220;16px&#8220; text_orientation=&#8220;left&#8220; custom_margin=&#8220;0px||||false|false&#8220; custom_padding=&#8220;4px||0px||false|false&#8220; hover_enabled=&#8220;0&#8243; rank_math_faq_schema=&#8220;on&#8220; border_width_top=&#8220;0px&#8220; border_width_right=&#8220;0px&#8220; border_width_bottom=&#8220;0px&#8220; border_width_left=&#8220;2px&#8220; border_color_left=&#8220;#bcbcbc&#8220; global_colors_info=&#8220;{}&#8220; sticky_enabled=&#8220;0&#8243;][et_pb_accordion_item title=&#8220;Comment entretenir mon v\u00e9lo IWEECH ?&#8220; open=&#8220;on&#8220; _builder_version=&#8220;4.23.1&#8243; _module_preset=&#8220;default&#8220; hover_enabled=&#8220;0&#8243; global_colors_info=&#8220;{}&#8220; sticky_enabled=&#8220;0&#8243;]<\/p>\n<p>Voici quelques conseils pour garder votre v\u00e9lo en parfait \u00e9tat et maximiser ses performances :<\/p>\n<ul>\n<li>Nettoyez r\u00e9guli\u00e8rement la courroie avec un chiffon humide ou une \u00e9ponge. Enlevez simplement toute trace de salet\u00e9.<\/li>\n<li>Nettoyez vos disques de frein avec un chiffon sec ou impr\u00e9gn\u00e9 de liquide adapt\u00e9 (que vous pouvez acheter dans tous les magasins de v\u00e9lo). N&#8217;utilisez pas de savon ou d&#8217;alcool car cela pourrait endommager vos freins.<\/li>\n<li>Retirez votre batterie et nettoyez le reste de votre v\u00e9lo avec un chiffon humide.<\/li>\n<li>Il est n\u00e9cessaire de nettoyer r\u00e9guli\u00e8rement les connexions au niveau de la batterie et de son support sur le cadre pour enlever les salissures et les impuret\u00e9s qui se glissent entre les cosses, pour cela utiliser un chiffon sec et propre, vous pouvez aussi les lubrifier avec du lubrifiant id\u00e9alement marque Q20.<\/li>\n<li>Le v\u00e9lo n&#8217;est pas certifi\u00e9 adapt\u00e9 pour le nettoyage \u00e0 la vapeur, le nettoyage \u00e0 haute pression ou le nettoyage avec tuyaux d\u2019arrosage. \u00c9vitez de pulv\u00e9riser de l&#8217;eau directement sur les composants \u00e9lectroniques (lumi\u00e8res, couvercle du moteur et de la batterie), et les connecteurs et les fils.<\/li>\n<li>Vous pouvez utiliser une brosse douce pour vous d\u00e9barrasser de la salet\u00e9 incrust\u00e9e.<\/li>\n<li>Nous vous recommandons de v\u00e9rifier r\u00e9guli\u00e8rement la pression de vos pneus et de les gonfler \u00e0 2,5 \/ 3 bars maximum.<\/li>\n<li>V\u00e9rifiez r\u00e9guli\u00e8rement que tous les \u00e9crous et boulons sont bien serr\u00e9s et serrez-les si n\u00e9cessaire en utilisant les outils disponibles dans votre sacoche IWEECH.<\/li>\n<\/ul>\n<p>[\/et_pb_accordion_item][et_pb_accordion_item title=&#8220;Comment r\u00e9parer un pneu crev\u00e9 ?&#8220; _builder_version=&#8220;4.16&#8243; _module_preset=&#8220;default&#8220; global_colors_info=&#8220;{}&#8220; open=&#8220;off&#8220;]<\/p>\n<p>Vous pouvez faire changer et r\u00e9parer votre roue chez n\u2019importe quel magasin de v\u00e9lo. Pour \u00e9viter de nouvelles crevaisons, nous vous conseillons de v\u00e9rifier r\u00e9guli\u00e8rement la pression de vos pneus et de les gonfler \u00e0 2,5 \/ 3 bars pour un meilleur confort, et jusqu&#8217;\u00e0 4,5 bars si vous voulez vraiment \u00e9viter les crevaisons au maximum.<\/p>\n<p>[\/et_pb_accordion_item][et_pb_accordion_item title=&#8220;Comment g\u00e9rez-vous le service apr\u00e8s-vente IWEECH premium assistance ?&#8220; _builder_version=&#8220;4.16&#8243; _module_preset=&#8220;default&#8220; global_colors_info=&#8220;{}&#8220; open=&#8220;off&#8220;]<\/p>\n<p>Nous fournissons un service apr\u00e8s-vente centralis\u00e9 exclusif : en cas de probl\u00e8me il suffit de nous contacter en utilisant le chat depuis votre application ou sur le site. La plupart des probl\u00e8mes peuvent \u00eatre r\u00e9gl\u00e9s en direct, ou chez nos partenaires (300 en France). Dans les cas o\u00f9 nous diagnostiquons une intervention plus importante pour le v\u00e9lo, nous rapatrions le v\u00e9lo dans nos ateliers, nous le r\u00e9parons et nous vous le renvoyons. En cas d&#8217;indisponibilit\u00e9 de votre v\u00e9lo pour plus de 7 jours, nous vous envoyons un v\u00e9lo de courtoisie.<\/p>\n<p>[\/et_pb_accordion_item][et_pb_accordion_item title=&#8220;Comment fonctionne le service apr\u00e8s-vente premium assistance IWEECH ?&#8220; _builder_version=&#8220;4.16&#8243; _module_preset=&#8220;default&#8220; global_colors_info=&#8220;{}&#8220; open=&#8220;off&#8220;]<\/p>\n<p>Fournir un service apr\u00e8s-vente de qualit\u00e9 est une mission tr\u00e8s importante pour nous. Sur le plan m\u00e9canique, votre v\u00e9lo IWEECH fonctionne comme tous les autres v\u00e9los, aussi le magasin de v\u00e9lo le plus proche de chez vous pourra r\u00e9aliser l&#8217;entretien m\u00e9canique de votre IWEECH sans probl\u00e8me. Vous pouvez aussi nous contacter en utilisant le chat de votre application, nous serons heureux de vous aider. En cas de probl\u00e8me avec l&#8217;un des composants \u00e9lectriques ou \u00e9lectroniques de votre v\u00e9lo IWEECH (le moteur, la batterie, l&#8217;\u00e9lectronique ou les lumi\u00e8res&#8230;), veuillez nous contacter directement via la chat de votre application pour une assistance directe. (rubrique &#8222;contactez l&#8217;\u00e9quipe IWEECH&#8220;)<\/p>\n<p>[\/et_pb_accordion_item][et_pb_accordion_item title=&#8220;Comment g\u00e9rez-vous le service apr\u00e8s-vente IWEECH premium assistance ?&#8220; _builder_version=&#8220;4.16&#8243; _module_preset=&#8220;default&#8220; global_colors_info=&#8220;{}&#8220; open=&#8220;off&#8220;]<\/p>\n<p>Nous fournissons un service apr\u00e8s-vente centralis\u00e9 exclusif : en cas de probl\u00e8me il suffit de nous contacter en utilisant le chat depuis votre application ou sur le site. La plupart des probl\u00e8mes peuvent \u00eatre r\u00e9gl\u00e9s en direct, ou chez nos partenaires (300 en France). Dans les cas o\u00f9 nous diagnostiquons une intervention plus importante pour le v\u00e9lo, nous rapatrions le v\u00e9lo dans nos ateliers, nous le r\u00e9parons et nous vous le renvoyons. En cas d&#8217;indisponibilit\u00e9 de votre v\u00e9lo pour plus de 7 jours, nous vous envoyons un v\u00e9lo de courtoisie.<\/p>\n<p>[\/et_pb_accordion_item][et_pb_accordion_item title=&#8220;Quelles sont les heures d&#8217;ouverture du service apr\u00e8s-vente ?&#8220; _builder_version=&#8220;4.16&#8243; _module_preset=&#8220;default&#8220; global_colors_info=&#8220;{}&#8220; open=&#8220;off&#8220;]<\/p>\n<p>Notre \u00e9quipe r\u00e9pondra \u00e0 vos questions dans les plus brefs d\u00e9lais via le chat de l\u2019application ou via email: support@IWEECH.com pendant nos heures d&#8217;ouverture : du lundi au vendredi de 9h30 \u00e0 18h. Si vous avez une question en dehors de ces horaires, laissez-nous votre adresse e-mail et nous vous r\u00e9pondrons dans les plus brefs d\u00e9lais m\u00eame pendant le week-end !<\/p>\n<p>[\/et_pb_accordion_item][et_pb_accordion_item title=&#8220;Puis-je renvoyer mon IWEECH ?&#8220; _builder_version=&#8220;4.16&#8243; _module_preset=&#8220;default&#8220; global_colors_info=&#8220;{}&#8220; open=&#8220;off&#8220;]<\/p>\n<p>Si vous n&#8217;\u00eates pas satisfait, vous pouvez retourner votre IWEECH inutilis\u00e9 dans les 14 jours. Consultez nos \u00abConditions g\u00e9n\u00e9rales de vente\u00bb sur notre site Web et contactez-nous pour obtenir des instructions.<\/p>\n<p>[\/et_pb_accordion_item][et_pb_accordion_item title=&#8220;Qu\u2019est-ce que le \u00ab pack s\u00e9r\u00e9nit\u00e9 \u00bb ? Comment \u00e7a marche ?&#8220; _builder_version=&#8220;4.16&#8243; _module_preset=&#8220;default&#8220; global_colors_info=&#8220;{}&#8220; open=&#8220;off&#8220;]<\/p>\n<p>Nous proposons un service de prise en charge de la r\u00e9vision de votre v\u00e9lo pour simplifier votre quotidien. D\u00e8s que vous avez besoin de faire votre r\u00e9vision annuelle, prenez contact avec nous par chat ou par email \u00e0 l\u2019adresse support et nous prenons RDV \u00e0 votre place avec l\u2019un des 380 r\u00e9parateurs agr\u00e9\u00e9s en France (voir la carte [lien]). Avec ce pack vous avez la garantie d\u2019avoir un v\u00e9lo en bon \u00e9tat de marche, r\u00e9par\u00e9 par un professionnel comp\u00e9tent. Par ailleurs, pour \u00e9viter les oublis, nous vous envoyons une alerte un mois avant la date d\u2019\u00e9ch\u00e9ance de votre pack afin de convenir d\u2019un RDV.<\/p>\n<p>[\/et_pb_accordion_item][et_pb_accordion_item title=&#8220;Puis-je renvoyer mon IWEECH ?&#8220; _builder_version=&#8220;4.16&#8243; _module_preset=&#8220;default&#8220; global_colors_info=&#8220;{}&#8220; open=&#8220;off&#8220;]<\/p>\n<p>Si vous n&#8217;\u00eates pas satisfait, vous pouvez retourner votre IWEECH inutilis\u00e9 dans les 30 jours. Consultez nos \u00abConditions g\u00e9n\u00e9rales de vente\u00bb sur notre site Web et contactez-nous pour obtenir des instructions.<\/p>\n<p>[\/et_pb_accordion_item][\/et_pb_accordion][\/et_pb_column][\/et_pb_row][\/et_pb_section]<\/p>\n","protected":false},"excerpt":{"rendered":"<p>QUESTIONS PR\u00c9QUENTES V\u00e9lo Mise en route Smart Control et intelligence artificielle Batterie et autonomie App mobile Antivol Maintenance et SAV Garantie Maintenance et SAVVoici quelques conseils pour garder votre v\u00e9lo en parfait \u00e9tat et maximiser ses performances : Nettoyez r\u00e9guli\u00e8rement la courroie avec un chiffon humide ou une \u00e9ponge. Enlevez simplement toute trace de salet\u00e9. [&hellip;]<\/p>\n","protected":false},"author":11,"featured_media":0,"parent":0,"menu_order":20,"comment_status":"closed","ping_status":"closed","template":"","meta":{"_et_pb_use_builder":"on","_et_pb_old_content":"","_et_gb_content_width":"","footnotes":""},"class_list":["post-3510","page","type-page","status-publish","hentry"],"acf":[],"_links":{"self":[{"href":"https:\/\/www.iweech.com\/de\/wp-json\/wp\/v2\/pages\/3510","targetHints":{"allow":["GET"]}}],"collection":[{"href":"https:\/\/www.iweech.com\/de\/wp-json\/wp\/v2\/pages"}],"about":[{"href":"https:\/\/www.iweech.com\/de\/wp-json\/wp\/v2\/types\/page"}],"author":[{"embeddable":true,"href":"https:\/\/www.iweech.com\/de\/wp-json\/wp\/v2\/users\/11"}],"replies":[{"embeddable":true,"href":"https:\/\/www.iweech.com\/de\/wp-json\/wp\/v2\/comments?post=3510"}],"version-history":[{"count":0,"href":"https:\/\/www.iweech.com\/de\/wp-json\/wp\/v2\/pages\/3510\/revisions"}],"wp:attachment":[{"href":"https:\/\/www.iweech.com\/de\/wp-json\/wp\/v2\/media?parent=3510"}],"curies":[{"name":"wp","href":"https:\/\/api.w.org\/{rel}","templated":true}]}}