{"id":7800,"date":"2022-08-26T15:42:33","date_gmt":"2022-08-26T14:42:33","guid":{"rendered":"https:\/\/www.iweech.com\/?page_id=7800"},"modified":"2022-08-26T15:42:38","modified_gmt":"2022-08-26T14:42:38","slug":"meilleur-vae-haut-de-gamme","status":"publish","type":"page","link":"https:\/\/www.iweech.com\/de\/meilleur-vae-haut-de-gamme\/","title":{"rendered":"IWEECH, meilleur v\u00e9lo \u00e9lectrique haut de gamme"},"content":{"rendered":"<p>[et_pb_section fb_built=&#8220;1&#8243; fullwidth=&#8220;on&#8220; _builder_version=&#8220;4.14.5&#8243; _module_preset=&#8220;default&#8220; background_image=&#8220;https:\/\/www.iweech.com\/wp-content\/uploads\/2022\/08\/28-E04A1884-copieL.jpg&#8220; da_disable_devices=&#8220;off|off|off&#8220; global_colors_info=&#8220;{}&#8220; da_is_popup=&#8220;off&#8220; da_exit_intent=&#8220;off&#8220; da_has_close=&#8220;on&#8220; da_alt_close=&#8220;off&#8220; da_dark_close=&#8220;off&#8220; da_not_modal=&#8220;on&#8220; da_is_singular=&#8220;off&#8220; da_with_loader=&#8220;off&#8220; da_has_shadow=&#8220;on&#8220;][et_pb_fullwidth_header title=&#8220;Avis IWEECH \u2013 le meilleur v\u00e9lo \u00e9lectrique haut de gamme&#8220; subhead=&#8220;Retrouvez les essais parus dans la presse au sujet de nos v\u00e9los \u00e9lectriques. Notre moins bonne note c\u2019est 8\/10 !&#8220; header_fullscreen=&#8220;on&#8220; _builder_version=&#8220;4.14.5&#8243; _module_preset=&#8220;default&#8220; title_font=&#8220;|600|||||||&#8220; title_text_align=&#8220;center&#8220; subhead_text_align=&#8220;center&#8220; min_height=&#8220;600px&#8220; custom_margin=&#8220;auto|auto|auto|auto|false|false&#8220; text_shadow_style=&#8220;preset1&#8243; global_colors_info=&#8220;{}&#8220;][\/et_pb_fullwidth_header][\/et_pb_section][et_pb_section fb_built=&#8220;1&#8243; admin_label=&#8220;Section&#8220; _builder_version=&#8220;4.14.5&#8243; da_disable_devices=&#8220;off|off|off&#8220; global_colors_info=&#8220;{}&#8220; da_is_popup=&#8220;off&#8220; da_exit_intent=&#8220;off&#8220; da_has_close=&#8220;on&#8220; da_alt_close=&#8220;off&#8220; da_dark_close=&#8220;off&#8220; da_not_modal=&#8220;on&#8220; da_is_singular=&#8220;off&#8220; da_with_loader=&#8220;off&#8220; da_has_shadow=&#8220;on&#8220;][et_pb_row admin_label=&#8220;Titre&#8220; _builder_version=&#8220;4.14.5&#8243; _module_preset=&#8220;default&#8220; global_colors_info=&#8220;{}&#8220;][et_pb_column type=&#8220;4_4&#8243; _builder_version=&#8220;4.14.5&#8243; _module_preset=&#8220;default&#8220; global_colors_info=&#8220;{}&#8220;][et_pb_text _builder_version=&#8220;4.14.5&#8243; _module_preset=&#8220;default&#8220; text_font=&#8220;|300|||||||&#8220; text_text_color=&#8220;#8e8e8e&#8220; global_colors_info=&#8220;{}&#8220;]<\/p>\n<p>IWEECH croit profond\u00e9ment que l&#8217;usage du v\u00e9lo en ville est en train de changer. La ville est aussi dynamique qu\u2019impr\u00e9visible. Aussi distrayante que d\u00e9concertante. Les v\u00e9los IWEECH sont con\u00e7us pour accompagner au mieux les cyclistes, en r\u00e9inventant l\u2019approche traditionnelle du v\u00e9lo urbain. Cadre compact, poids l\u00e9ger, design avec enjambement facile, rayon de braquage r\u00e9duit : notre <a href=\"https:\/\/www.iweech.com\">v\u00e9lo \u00e9lectrique haut de gamme<\/a> met l\u2019accent sur la maniabilit\u00e9 et l\u2019agilit\u00e9 afin de vous garantir des trajets plus s\u00fbrs. Mais un v\u00e9lo r\u00e9actif, \u00e7a ne suffit pas, il faut que le cycliste le soit aussi. C\u2019est pour cela qu\u2019on a con\u00e7u un v\u00e9lo 100% automatique : p\u00e9dalez et l\u2019intelligence Smart Control s\u2019occupe du reste. Vous pouvez rester concentr\u00e9 sur votre conduite.<\/p>\n<p>&nbsp;<\/p>\n<p>Nous r\u00e9pondons aux plus hautes exigences en mati\u00e8re de qualit\u00e9, de confort, de dur\u00e9e de vie et de fiabilit\u00e9, et nous respectons notre promesse d\u2019une exp\u00e9rience de conduite exceptionnelle, tout en maintenant un prix tass\u00e9. En test pendant plus de 8 mois par 80 beta testeurs avant sa mise sur le march\u00e9, et gr\u00e2ce \u00e0 des contr\u00f4les permanents \u00e0 chaque \u00e9tape de production, votre IWEECH ne vous d\u00e9cevra pas.<\/p>\n<p>&nbsp;<\/p>\n<p>[\/et_pb_text][\/et_pb_column][\/et_pb_row][et_pb_row column_structure=&#8220;1_2,1_2&#8243; admin_label=&#8220;Avis&#8220; _builder_version=&#8220;4.14.5&#8243; background_size=&#8220;initial&#8220; background_position=&#8220;top_left&#8220; background_repeat=&#8220;repeat&#8220; global_colors_info=&#8220;{}&#8220;][et_pb_column type=&#8220;1_2&#8243; _builder_version=&#8220;3.25&#8243; custom_padding=&#8220;|||&#8220; global_colors_info=&#8220;{}&#8220; custom_padding__hover=&#8220;|||&#8220;][et_pb_testimonial author=&#8220;Num\u00e9rama&#8220; company_name=&#8220;Not\u00e9 8\/10 (voir l&#8217;article)&#8220; url=&#8220;https:\/\/www.numerama.com\/vroom\/648246-test-du-iweech-enfin-un-bon-velo-electrique-intelligent.html&#8220; admin_label=&#8220;Num\u00e9rama&#8220; _builder_version=&#8220;4.14.5&#8243; _module_preset=&#8220;default&#8220; body_font=&#8220;Montserrat|300|on||||||&#8220; author_font=&#8220;Poppins|700|||||||&#8220; author_text_align=&#8220;left&#8220; company_font=&#8220;Poppins|600|||||||&#8220; global_colors_info=&#8220;{}&#8220;]<\/p>\n<p>Oui, un bon v\u00e9lo \u00e9lectrique peut \u00eatre intelligent<br \/>Le v\u00e9lo \u00e9lectrique IWEECH s\u2019\u00e9loigne de tout ce que l\u2019on a pu tester sur le secteur. La jeune entreprise marseillaise s\u2019est d\u00e9barrass\u00e9e du cahier des charges inconscient d\u2019un v\u00e9lo pour r\u00e9pondre point par point aux exigences des urbains qui red\u00e9couvrent la ville \u00e0 deux roues. Un pari aussi \u00e9tonnant que r\u00e9ussi.<\/p>\n<p>[\/et_pb_testimonial][et_pb_testimonial author=&#8220;Les Num\u00e9riques&#8220; company_name=&#8220;Not\u00e9 4\/5 (voir l&#8217;article)&#8220; url=&#8220;https:\/\/www.lesnumeriques.com\/velo-electrique\/iweech-velo-electrique-urbain-p65423\/test.html&#8220; admin_label=&#8220;Les Num\u00e9riques&#8220; _builder_version=&#8220;4.14.5&#8243; _module_preset=&#8220;default&#8220; body_font=&#8220;Montserrat|300|on||||||&#8220; author_font=&#8220;Poppins|700|||||||&#8220; author_text_align=&#8220;left&#8220; company_font=&#8220;Poppins|600|||||||&#8220; global_colors_info=&#8220;{}&#8220;]<\/p>\n<p>L&#8217;IWEECH est un tr\u00e8s bon v\u00e9lo \u00e9lectrique qui laisse la technologie s&#8217;effacer au profit du plaisir de rouler. Jamais intrusives, ses technologies embarqu\u00e9es se font discr\u00e8tes, mais deviennent rapidement indispensables, comme c&#8217;est le cas de l&#8217;antivol \u00e9lectronique avec l&#8217;alerte par SMS et le suivi par GPS\/4G. La puissance du moteur Brose associ\u00e9e \u00e0 la transmission par courroie aboutit \u00e0 un cocktail performant tout en limitant l&#8217;entretien.<\/p>\n<p>[\/et_pb_testimonial][et_pb_testimonial author=&#8220;Le Figaro&#8220; company_name=&#8220;Not\u00e9 8,5\/10 (voir l&#8217;article)&#8220; url=&#8220;https:\/\/www.lefigaro.fr\/sports\/on-a-cherche-et-trouve-le-meilleur-velo-electrique-connecte-pour-les-citadins-20210415&#8243; admin_label=&#8220;Figaro&#8220; _builder_version=&#8220;4.14.5&#8243; _module_preset=&#8220;default&#8220; body_font=&#8220;Montserrat|300|on||||||&#8220; author_font=&#8220;Poppins|700|||||||&#8220; author_text_align=&#8220;left&#8220; company_font=&#8220;Poppins|600|||||||&#8220; global_colors_info=&#8220;{}&#8220;]<\/p>\n<p>On a aim\u00e9 : changement de philosophie complet sur ce v\u00e9lo imagin\u00e9 par un ing\u00e9nieur, Pascal Lafourcade, qui, au contraire du concepteur de l&#8217;Angell, a estim\u00e9 que moins un cycliste avait d&#8217;actions possibles \u00e0 effectuer, mieux il se portait et pouvait se concentrer sur sa route.<\/p>\n<p>La surprise ensoleill\u00e9e (\u00e9lu meilleur smartbike pour la ville)<\/p>\n<p>[\/et_pb_testimonial][et_pb_testimonial author=&#8220;01Net (guide v\u00e9los intelligents)&#8220; company_name=&#8220;Not\u00e9 8,2\/10&#8243; admin_label=&#8220;01Net&#8220; _builder_version=&#8220;4.14.5&#8243; _module_preset=&#8220;default&#8220; body_font=&#8220;Montserrat|300|on||||||&#8220; author_font=&#8220;Poppins|700|||||||&#8220; author_text_align=&#8220;left&#8220; company_font=&#8220;Poppins|600|||||||&#8220; global_colors_info=&#8220;{}&#8220;]<\/p>\n<p>Notre v\u00e9lo connect\u00e9 pr\u00e9f\u00e9r\u00e9.<\/p>\n<p>Ce VAE d\u00e9velopp\u00e9 en France brille sur la route gr\u00e2ce notamment au couple de son moteur. Les 90Nm se font pleinement sentir au moment de d\u00e9vorer les c\u00f4tes et d\u2019acc\u00e9l\u00e9rer. Si l\u2019application donne acc\u00e8s \u00e0 des fonctionnalit\u00e9s avanc\u00e9es, il est tout \u00e0 fait possible d\u2019utiliser le v\u00e9lo en ayant oubli\u00e9 son smartphone. Ce qui n&#8217;est pas le cas de tous les VAE connect\u00e9s. Gr\u00e2ce \u00e0 des capteurs, l\u2019IWEECH ajuste automatiquement le niveau d\u2019assistance et la transmission en fonction de l\u2019inclinaison\u00a0 du terrain. Tout ceci s\u2019effectue sans \u00e0-coups et permet de pr\u00e9server la batterie et l\u2019autonomie, que nous avons mesur\u00e9 \u00e0 plus de 90km lors de nos tests men\u00e9s sur des parcours vari\u00e9s.<\/p>\n<p>[\/et_pb_testimonial][\/et_pb_column][et_pb_column type=&#8220;1_2&#8243; _builder_version=&#8220;3.25&#8243; custom_padding=&#8220;|||&#8220; global_colors_info=&#8220;{}&#8220; custom_padding__hover=&#8220;|||&#8220;][et_pb_testimonial author=&#8220;Clubic&#8220; company_name=&#8220;Not\u00e9 9\/10 (voir l&#8217;article)&#8220; url=&#8220;https:\/\/www.clubic.com\/electric-bicycle\/test-produit-399522-test-velo-electrique-iweech-2021-le-connecte-simplifie.html&#8220; admin_label=&#8220;Clubic&#8220; _builder_version=&#8220;4.14.5&#8243; _module_preset=&#8220;default&#8220; body_font=&#8220;Montserrat|300|on||||||&#8220; author_font=&#8220;Poppins|700|||||||&#8220; author_text_align=&#8220;left&#8220; company_font=&#8220;Poppins|600|||||||&#8220; global_colors_info=&#8220;{}&#8220;]<\/p>\n<p>Sa r\u00e9ussite est d\u2019associer application, alarme avec suivi et pas d&#8217;\u00e9cran ni ne boutons sur le guidon. On d\u00e9marre, on s\u2019assoie, on p\u00e9dale, et c\u2019est tout.<\/p>\n<p>[\/et_pb_testimonial][et_pb_testimonial author=&#8220;Meilleure Innovation&#8220; company_name=&#8220;Not\u00e9 8,6\/10 (voir l&#8217;article)&#8220; url=&#8220;https:\/\/www.meilleure-innovation.com\/test-velo-iweech\/&#8220; admin_label=&#8220;Meilleure innovation&#8220; _builder_version=&#8220;4.14.5&#8243; _module_preset=&#8220;default&#8220; body_font=&#8220;Montserrat|300|on||||||&#8220; author_font=&#8220;Poppins|700|||||||&#8220; author_text_align=&#8220;left&#8220; company_font=&#8220;Poppins|600|||||||&#8220; global_colors_info=&#8220;{}&#8220;]<\/p>\n<p>Nous sommes globalement satisfaits de l&#8217;engin propos\u00e9 par la start-up phoc\u00e9enne. Ce v\u00e9lo est complet : puissant, ergonomique, intelligent et connect\u00e9. Ses composants haut de gamme en font l&#8217;un des v\u00e9los les plus innovants du march\u00e9.<\/p>\n<p>[\/et_pb_testimonial][et_pb_testimonial author=&#8220;Frandroid&#8220; company_name=&#8220;Not\u00e9 9\/10 (voir l&#8217;article)&#8220; url=&#8220;https:\/\/www.frandroid.com\/produits-android\/mobilite-urbaine\/velo-electrique\/1113383_test-iweech-2021-velo-electrique&#8220; admin_label=&#8220;Frandroid&#8220; _builder_version=&#8220;4.14.5&#8243; _module_preset=&#8220;default&#8220; body_font=&#8220;Montserrat|300|on||||||&#8220; author_font=&#8220;Poppins|700|||||||&#8220; author_text_align=&#8220;left&#8220; company_font=&#8220;Poppins|600|||||||&#8220; global_colors_info=&#8220;{}&#8220;]<\/p>\n<p>L\u2019IWEECH n\u2019est pas un v\u00e9lo \u00e9lectrique comme les autres. Son format se situe en effet \u00e0 mi-chemin entre un VAE classique de n\u2019importe quelle autre marque et des cycles pliables beaucoup plus petits. Le v\u00e9lo IWEECH se place entre tout ce beau monde et \u00e9pouse un format compact \u00e0 la fois pratique, intelligent et efficace.<\/p>\n<p><strong>Pratique<\/strong>, car l\u2019IWEECH se faufile partout avec une facilit\u00e9 d\u00e9concertante : dans votre appartement, un ascenseur, \u00e0 d\u00e9placer sur un trottoir au milieu des pi\u00e9tons, au travail, entre les voitures et les autres cyclistes. Il excelle en la mati\u00e8re et dompte l\u2019environnement urbain avec la mani\u00e8re.<\/p>\n<p><strong>Intelligent<\/strong>, car son gabarit ne biaise pas pour autant ses performances ni son autonomie, gr\u00e2ce \u00e0 une flop\u00e9e de capteurs, une bonne dose d\u2019intelligence artificielle et un excellent moteur sur le papier.<\/p>\n<p><strong>Efficace<\/strong>, car l\u2019IWEECH voit juste et r\u00e9pond parfaitement \u00e0 un besoin sp\u00e9cifique : profiter d\u2019un as urbain (vraiment) peu encombrant.<\/p>\n<p>[\/et_pb_testimonial][\/et_pb_column][\/et_pb_row][\/et_pb_section]<\/p>\n","protected":false},"excerpt":{"rendered":"<p>Retrouvez les essais parus dans la presse au sujet de nos v\u00e9los \u00e9lectriques.<br \/>\nNotre moins bonne note c\u2019est 8\/10. On est fier !<\/p>\n","protected":false},"author":11,"featured_media":0,"parent":0,"menu_order":0,"comment_status":"closed","ping_status":"closed","template":"","meta":{"_et_pb_use_builder":"on","_et_pb_old_content":"","_et_gb_content_width":"","footnotes":""},"class_list":["post-7800","page","type-page","status-publish","hentry"],"acf":[],"_links":{"self":[{"href":"https:\/\/www.iweech.com\/de\/wp-json\/wp\/v2\/pages\/7800","targetHints":{"allow":["GET"]}}],"collection":[{"href":"https:\/\/www.iweech.com\/de\/wp-json\/wp\/v2\/pages"}],"about":[{"href":"https:\/\/www.iweech.com\/de\/wp-json\/wp\/v2\/types\/page"}],"author":[{"embeddable":true,"href":"https:\/\/www.iweech.com\/de\/wp-json\/wp\/v2\/users\/11"}],"replies":[{"embeddable":true,"href":"https:\/\/www.iweech.com\/de\/wp-json\/wp\/v2\/comments?post=7800"}],"version-history":[{"count":0,"href":"https:\/\/www.iweech.com\/de\/wp-json\/wp\/v2\/pages\/7800\/revisions"}],"wp:attachment":[{"href":"https:\/\/www.iweech.com\/de\/wp-json\/wp\/v2\/media?parent=7800"}],"curies":[{"name":"wp","href":"https:\/\/api.w.org\/{rel}","templated":true}]}}