{"id":10216,"date":"2022-04-01T13:09:41","date_gmt":"2022-04-01T12:09:41","guid":{"rendered":"https:\/\/www.iweech.com\/p\/zusaetzlicher-iweech-akku\/"},"modified":"2022-05-17T14:16:21","modified_gmt":"2022-05-17T13:16:21","slug":"iweech-akku","status":"publish","type":"product","link":"https:\/\/www.iweech.com\/de\/p\/iweech-akku\/","title":{"rendered":"Zus\u00e4tzlicher IWEECH-Akku"},"content":{"rendered":"<p>Erleichtern Sie sich das Leben mit einem zus\u00e4tzlichen Original-IWEECH-Akku, den Sie zu Hause oder im B\u00fcro aufbewahren k\u00f6nnen.<br \/>\nSie ist identisch mit der, die mit dem Fahrrad geliefert wird.<br \/>\nAchtung, sie ist spezifisch f\u00fcr IWEECH-Fahrr\u00e4der und wurde in Partnerschaft mit dem deutschen Hersteller BMZ entwickelt.<br \/>\nKompatibel mit allen unseren Fahrr\u00e4dern: IWEECH 24&#8220; S und S+<\/p>\n<p><strong>Technische Daten :<\/strong><\/p>\n<ul>\n<li>Lithium ion<\/li>\n<li>Ausziehbar<\/li>\n<li>36V \/\/ 497Wh \/\/ 13,8 Ah<\/li>\n<li>Vollst\u00e4ndige Aufladung in 3,5 Stunden<\/li>\n<li>Aufladen auf 60% in 1,5 Stunden<\/li>\n<\/ul>\n","protected":false},"excerpt":{"rendered":"<p>Erleichtern Sie sich das Leben mit einem zus\u00e4tzlichen Original-IWEECH-Akku, den Sie zu Hause oder im B\u00fcro aufbewahren k\u00f6nnen. Sie ist identisch mit der, die mit dem Fahrrad geliefert wird. Achtung, sie ist spezifisch f\u00fcr IWEECH-Fahrr\u00e4der und wurde in Partnerschaft mit dem deutschen Hersteller BMZ entwickelt. Kompatibel mit allen unseren Fahrr\u00e4dern: IWEECH 24&#8220; S und S+ [&hellip;]<\/p>\n","protected":false},"featured_media":9728,"template":"","meta":{"_et_pb_use_builder":"","_et_pb_old_content":"","_et_gb_content_width":""},"product_cat":[228,112],"product_tag":[],"class_list":["post-10216","product","type-product","status-publish","has-post-thumbnail","hentry","product_cat-ersatzteile","product_cat-zubehor","product_shipping_class-batterie-de"],"acf":[],"_links":{"self":[{"href":"https:\/\/www.iweech.com\/de\/wp-json\/wp\/v2\/product\/10216","targetHints":{"allow":["GET"]}}],"collection":[{"href":"https:\/\/www.iweech.com\/de\/wp-json\/wp\/v2\/product"}],"about":[{"href":"https:\/\/www.iweech.com\/de\/wp-json\/wp\/v2\/types\/product"}],"wp:featuredmedia":[{"embeddable":true,"href":"https:\/\/www.iweech.com\/de\/wp-json\/wp\/v2\/media\/9728"}],"wp:attachment":[{"href":"https:\/\/www.iweech.com\/de\/wp-json\/wp\/v2\/media?parent=10216"}],"wp:term":[{"taxonomy":"product_cat","embeddable":true,"href":"https:\/\/www.iweech.com\/de\/wp-json\/wp\/v2\/product_cat?post=10216"},{"taxonomy":"product_tag","embeddable":true,"href":"https:\/\/www.iweech.com\/de\/wp-json\/wp\/v2\/product_tag?post=10216"}],"curies":[{"name":"wp","href":"https:\/\/api.w.org\/{rel}","templated":true}]}}