{"id":10218,"date":"2022-03-22T17:26:59","date_gmt":"2022-03-22T16:26:59","guid":{"rendered":"https:\/\/www.iweech.com\/p\/entengruen-along-base-30l-rucksack\/"},"modified":"2022-03-22T17:26:59","modified_gmt":"2022-03-22T16:26:59","slug":"rucksack-30l-entengrun-along","status":"publish","type":"product","link":"https:\/\/www.iweech.com\/de\/p\/rucksack-30l-entengrun-along\/","title":{"rendered":"Entengr\u00fcn ALONG BaSe 30L Rucksack"},"content":{"rendered":"<p>Wasserfester Rucksack der Marke Along mit einem Gurt in der Farbe Entengr\u00fcn, zusammen mit seinen Modulen &#8222;Miam&#8220; und &#8222;Plouf&#8220;.<\/p>\n<p>Passend zu IWEECH wurde der modulare Rucksack BaSe f\u00fcr den Alltag konzipiert. Er l\u00e4sst sich auf 30 Liter erweitern, weit \u00f6ffnen, sch\u00fctzt Ihren Computer und l\u00e4sst sich als Schultergurt tragen. Er bietet Platz f\u00fcr Zusatzmodule f\u00fcr noch mehr Funktionen. Mit seinem abnehmbaren Gurt k\u00f6nnen Sie weitere Gegenst\u00e4nde aus der Tasche herausziehen oder befestigen.   <\/p>\n<p><strong>Technische Daten :<br \/><\/strong><\/p>\n<ul>\n<li>&#8211; 16-Zoll-Computertasche<\/li>\n<li>&#8211; Brustclip<\/li>\n<li>&#8211; Wasserundurchl\u00e4ssige Materialien<\/li>\n<li>&#8211; Wasserdichte Rei\u00dfverschl\u00fcsse<\/li>\n<li>&#8211; Durchgang zum Schultergurt<\/li>\n<li>&#8211; Er\u00f6ffnung im gro\u00dfen Stil<\/li>\n<li>&#8211; Abnehmbarer Gurt f\u00fcr Yogamatte oder sperrigen Gegenstand (Fahrradhelm, Jacke, Paket, &#8230;)<\/li>\n<li>&#8211; 1 Jahr Garantie auf Herstellungsfehler, N\u00e4hte, Rei\u00dfverschl\u00fcsse und Metallteile.<\/li>\n<\/ul>\n<p><strong>Abmessungen :<\/strong><\/p>\n<ul>\n<li>&#8211; Offene Tasche: 31 cm breit \/ 59 cm hoch \/ 17 cm tief<\/li>\n<li>&#8211; Geschlossene Tasche: 31 cm breit \/ 44 cm hoch \/ 17 cm tief<\/li>\n<li>&#8211; Gr\u00f6\u00dfe der Innentasche oben: 23 cm \/ 13 cm<\/li>\n<li>&#8211; Gr\u00f6\u00dfe der Innentasche des Bodens: 21 cm \/ 18 cm<\/li>\n<li>&#8211; Ma\u00dfe Miam et Plouf: 29 cm breit \/ 39 cm hoch \/ 7 Liter<\/li>\n<\/ul>\n<p><em>Geeignet f\u00fcr &#8222;Kabinen&#8220;-Ma\u00dfe<\/em><br \/>\n<em>Fach f\u00fcr 16-Zoll-Laptop: Abmessungen 29 cm breit \/ 42 cm hoch<\/em><\/p>\n<p><strong>\u00dcber ALONG :<\/strong><br \/>\nAlong entwirft und entwickelt seine Prototypen in seinem Pariser Atelier. Von der Idee bis zum fertigen Modell stellt die Marke 3 Konzepte in den Mittelpunkt: Minimalismus, Modularit\u00e4t und Co-Kreation.<br \/>\nDie Taschen werden in China bei einem Lieferanten hergestellt, den Along aufgrund seiner guten Praktiken und der fairen Entlohnung der Beteiligten in der Produktionskette sorgf\u00e4ltig ausgew\u00e4hlt hat, um ein nachhaltiges und verantwortungsbewusstes Produkt herzustellen.<\/p>\n","protected":false},"excerpt":{"rendered":"<p>Wasserfester Rucksack der Marke Along mit einem Gurt in der Farbe Entengr\u00fcn, zusammen mit seinen Modulen &#8222;Miam&#8220; und &#8222;Plouf&#8220;. Passend zu IWEECH wurde der modulare Rucksack BaSe f\u00fcr den Alltag konzipiert. Er l\u00e4sst sich auf 30 Liter erweitern, weit \u00f6ffnen, sch\u00fctzt Ihren Computer und l\u00e4sst sich als Schultergurt tragen. Er bietet Platz f\u00fcr Zusatzmodule f\u00fcr [&hellip;]<\/p>\n","protected":false},"featured_media":9656,"template":"","meta":{"_et_pb_use_builder":"","_et_pb_old_content":"","_et_gb_content_width":""},"product_cat":[112,232],"product_tag":[],"class_list":["post-10218","product","type-product","status-publish","has-post-thumbnail","hentry","product_cat-zubehor","product_cat-zubehor-fur-den-radfahrer","product_shipping_class-accessoires-de"],"acf":[],"_links":{"self":[{"href":"https:\/\/www.iweech.com\/de\/wp-json\/wp\/v2\/product\/10218","targetHints":{"allow":["GET"]}}],"collection":[{"href":"https:\/\/www.iweech.com\/de\/wp-json\/wp\/v2\/product"}],"about":[{"href":"https:\/\/www.iweech.com\/de\/wp-json\/wp\/v2\/types\/product"}],"wp:featuredmedia":[{"embeddable":true,"href":"https:\/\/www.iweech.com\/de\/wp-json\/wp\/v2\/media\/9656"}],"wp:attachment":[{"href":"https:\/\/www.iweech.com\/de\/wp-json\/wp\/v2\/media?parent=10218"}],"wp:term":[{"taxonomy":"product_cat","embeddable":true,"href":"https:\/\/www.iweech.com\/de\/wp-json\/wp\/v2\/product_cat?post=10218"},{"taxonomy":"product_tag","embeddable":true,"href":"https:\/\/www.iweech.com\/de\/wp-json\/wp\/v2\/product_tag?post=10218"}],"curies":[{"name":"wp","href":"https:\/\/api.w.org\/{rel}","templated":true}]}}