{"id":10221,"date":"2022-03-09T11:59:00","date_gmt":"2022-03-09T10:59:00","guid":{"rendered":"https:\/\/www.iweech.com\/p\/telefonhalter-groesse-m\/"},"modified":"2022-03-09T11:59:00","modified_gmt":"2022-03-09T10:59:00","slug":"telefonhalter-groesse-m","status":"publish","type":"product","link":"https:\/\/www.iweech.com\/de\/p\/telefonhalter-groesse-m\/","title":{"rendered":"Telefonhalter Gr\u00f6\u00dfe M"},"content":{"rendered":"<p>Shapeheart hat eine magnetische Fahrradhalterung entwickelt, mit der Sie Ihr Handy in Sekundenschnelle an Ihrem Lenker befestigen k\u00f6nnen. Sie m\u00fcssen Ihr Handy nicht mehr aus der Tasche holen, um sich zu orientieren. <\/p>\n<p><strong>Aber h\u00e4lt es auch wirklich?<\/strong><br \/>\nDa die Telefone so teuer sind, hat Shapeheart daf\u00fcr gesorgt, dass die Magnete stark sind: Das Magnetsystem h\u00e4lt bis zum 50-fachen des Gewichts Ihres Smartphones. Es sorgt f\u00fcr einen hervorragenden Halt, das Handy wackelt nicht, auch nicht auf Kopfsteinpflaster und Schlagl\u00f6chern. Shapeheart hat daf\u00fcr sogar ein Patent angemeldet! Auf der Seite des Telefons gibt es nichts zu bef\u00fcrchten: Die Tasche ist regendicht und das Magnetfeld ist f\u00fcr das Telefon unsch\u00e4dlich (die Magnete befinden sich zwischen zwei Eisenplatten, die das Magnetfeld unterbrechen). Der Bildschirm bleibt trotz der laminierten H\u00fclle ber\u00fchrungsempfindlich und die Gesichtserkennung ist weiterhin m\u00f6glich. Au\u00dferdem gibt es in der Mitte eine \u00d6ffnung, durch die man Kopfh\u00f6rer stecken kann. \u00dcbersetzt mit www.DeepL.com\/Translator (kostenlose Version)  <\/p>\n<p><strong>Passt mein Handy in die Tasche?<\/strong><br \/>\nShapeheart Gr\u00f6\u00dfe M h\u00e4lt Telefone bis zu einer H\u00f6he von 14,7 cm.. Beispiel f\u00fcr kompatible Telefone :<\/p>\n<ul>\n<li><strong>iPhone<\/strong> : 13 mini \/ 12 mini \/ 11Pro \/ XS \/ X \/ 8 \/ 7 \/ 6 \/ 6s \/ SE<\/li>\n<li><strong>Samsung <\/strong>: A40 \/ 5 \/ 3 \/ S10e \/ 7 \/ 6 Edge \/ 6 &#8230;<\/li>\n<li><strong>Xiaomi <\/strong>: Redmi 6A \/ 6 \/ Mi 9 SE &#8230;<\/li>\n<li><strong>Huawei <\/strong>: P 8 Lite \/ Y6 Pro \/ Y3 &#8230;<\/li>\n<li><strong>OnePlus<\/strong> : X<\/li>\n<li><strong>Google <\/strong>: Pixel 5 \/ 4a \/ 3 &#8230;<\/li>\n<\/ul>\n","protected":false},"excerpt":{"rendered":"<p>Shapeheart hat eine magnetische Fahrradhalterung entwickelt, mit der Sie Ihr Handy in Sekundenschnelle an Ihrem Lenker befestigen k\u00f6nnen. Sie m\u00fcssen Ihr Handy nicht mehr aus der Tasche holen, um sich zu orientieren. Aber h\u00e4lt es auch wirklich? Da die Telefone so teuer sind, hat Shapeheart daf\u00fcr gesorgt, dass die Magnete stark sind: Das Magnetsystem h\u00e4lt [&hellip;]<\/p>\n","protected":false},"featured_media":9614,"template":"","meta":{"_et_pb_use_builder":"","_et_pb_old_content":"","_et_gb_content_width":""},"product_cat":[112,229],"product_tag":[],"class_list":["post-10221","product","type-product","status-publish","has-post-thumbnail","hentry","product_cat-zubehor","product_cat-zubehor-fur-das-fahrrad","product_shipping_class-accessoires-legers-de"],"acf":[],"_links":{"self":[{"href":"https:\/\/www.iweech.com\/de\/wp-json\/wp\/v2\/product\/10221","targetHints":{"allow":["GET"]}}],"collection":[{"href":"https:\/\/www.iweech.com\/de\/wp-json\/wp\/v2\/product"}],"about":[{"href":"https:\/\/www.iweech.com\/de\/wp-json\/wp\/v2\/types\/product"}],"wp:featuredmedia":[{"embeddable":true,"href":"https:\/\/www.iweech.com\/de\/wp-json\/wp\/v2\/media\/9614"}],"wp:attachment":[{"href":"https:\/\/www.iweech.com\/de\/wp-json\/wp\/v2\/media?parent=10221"}],"wp:term":[{"taxonomy":"product_cat","embeddable":true,"href":"https:\/\/www.iweech.com\/de\/wp-json\/wp\/v2\/product_cat?post=10221"},{"taxonomy":"product_tag","embeddable":true,"href":"https:\/\/www.iweech.com\/de\/wp-json\/wp\/v2\/product_tag?post=10221"}],"curies":[{"name":"wp","href":"https:\/\/api.w.org\/{rel}","templated":true}]}}