{"id":10223,"date":"2021-12-09T23:18:56","date_gmt":"2021-12-09T22:18:56","guid":{"rendered":"https:\/\/www.iweech.com\/p\/sorglospaket\/"},"modified":"2022-04-28T11:37:37","modified_gmt":"2022-04-28T10:37:37","slug":"sorglospaket","status":"publish","type":"product","link":"https:\/\/www.iweech.com\/de\/p\/sorglospaket\/","title":{"rendered":"Sorglospaket"},"content":{"rendered":"<p><b>Achtung: nur f\u00fcr Frankreich. Vereinfachen Sie sich das Leben mit unserem Serenity-Paket.<\/b><br \/>\nWir organisieren f\u00fcr Sie die j\u00e4hrliche Inspektion Ihres Fahrrads bei unserem Netzwerk von Vertragswerkst\u00e4tten in Frankreich.<\/p>\n<p><b>Wie funktioniert das?<\/b><br \/>\nWenn Sie m\u00f6chten, k\u00f6nnen Sie uns \u00fcber den Chat Ihrer Anwendung oder per E-Mail an die Support-Adresse kontaktieren und wir vereinbaren f\u00fcr Sie einen Termin bei der n\u00e4chstgelegenen Reparaturwerkstatt unserer 193 Partner. Bringen Sie Ihr Fahrrad dann direkt zu unserem Partner, der es in Empfang nimmt. Eventuell auszutauschende Teile sind nicht im Preis des Pakets enthalten. Wenn Sie Ihre Inspektion vergessen haben, senden wir Ihnen einen Monat vor Ablauf Ihres Pakets eine Benachrichtigung, um einen Termin zu vereinbaren.<\/p>\n<p><b>Einzelheiten der erbrachten Leistung :<\/b><\/p>\n<ul>\n<li>&#8211; \u00dcberpr\u00fcfung des Bremssystems<\/li>\n<li>&#8211; \u00dcberwachung der Felgen auf Abnutzungserscheinungen und die richtige Speichenspannung, um einen sp\u00e4teren Enth\u00fcllungsvorgang zu vermeiden<\/li>\n<li>&#8211; \u00dcberpr\u00fcfung der Richtung<\/li>\n<li>&#8211; \u00dcberpr\u00fcfung der Klemmung von Vorbau, Sattel, Gabel, Laufr\u00e4dern und Lenker<\/li>\n<li>&#8211; \u00dcberpr\u00fcfen der Klemmung von Vorbau, Sattel, Gabel, Laufr\u00e4dern und Lenker-a- \u00dcberpr\u00fcfen der Klemmung von Vorbau, Sattel, Gabel, Laufr\u00e4dern und Lenker<\/li>\n<li>&#8211; \u00dcberpr\u00fcfen Sie, ob alle Bolzen und Schrauben, aus denen das e-bike besteht, fest angezogen sind.<\/li>\n<li>&#8211; \u00dcberpr\u00fcfung der allgemeinen Funktionst\u00fcchtigkeit des Pedelecs<\/li>\n<\/ul>\n<p><b>Nur in Frankreich g\u00fcltig<\/b><\/p>\n","protected":false},"excerpt":{"rendered":"<p>Achtung: nur f\u00fcr Frankreich. Vereinfachen Sie sich das Leben mit unserem Serenity-Paket. Wir organisieren f\u00fcr Sie die j\u00e4hrliche Inspektion Ihres Fahrrads bei unserem Netzwerk von Vertragswerkst\u00e4tten in Frankreich. Wie funktioniert das? Wenn Sie m\u00f6chten, k\u00f6nnen Sie uns \u00fcber den Chat Ihrer Anwendung oder per E-Mail an die Support-Adresse kontaktieren und wir vereinbaren f\u00fcr Sie einen [&hellip;]<\/p>\n","protected":false},"featured_media":9386,"template":"","meta":{"_et_pb_use_builder":"","_et_pb_old_content":"","_et_gb_content_width":""},"product_cat":[228,112,229,232],"product_tag":[],"class_list":["post-10223","product","type-product","status-publish","has-post-thumbnail","hentry","product_cat-ersatzteile","product_cat-zubehor","product_cat-zubehor-fur-das-fahrrad","product_cat-zubehor-fur-den-radfahrer","product_shipping_class-sans-frais-de-port-de"],"acf":[],"_links":{"self":[{"href":"https:\/\/www.iweech.com\/de\/wp-json\/wp\/v2\/product\/10223","targetHints":{"allow":["GET"]}}],"collection":[{"href":"https:\/\/www.iweech.com\/de\/wp-json\/wp\/v2\/product"}],"about":[{"href":"https:\/\/www.iweech.com\/de\/wp-json\/wp\/v2\/types\/product"}],"wp:featuredmedia":[{"embeddable":true,"href":"https:\/\/www.iweech.com\/de\/wp-json\/wp\/v2\/media\/9386"}],"wp:attachment":[{"href":"https:\/\/www.iweech.com\/de\/wp-json\/wp\/v2\/media?parent=10223"}],"wp:term":[{"taxonomy":"product_cat","embeddable":true,"href":"https:\/\/www.iweech.com\/de\/wp-json\/wp\/v2\/product_cat?post=10223"},{"taxonomy":"product_tag","embeddable":true,"href":"https:\/\/www.iweech.com\/de\/wp-json\/wp\/v2\/product_tag?post=10223"}],"curies":[{"name":"wp","href":"https:\/\/api.w.org\/{rel}","templated":true}]}}