{"id":11046,"date":"2022-05-20T15:32:04","date_gmt":"2022-05-20T14:32:04","guid":{"rendered":"https:\/\/www.iweech.com\/?post_type=product&#038;p=11046"},"modified":"2022-06-03T10:00:55","modified_gmt":"2022-06-03T09:00:55","slug":"rucksack-wasserdichter-faguo","status":"publish","type":"product","link":"https:\/\/www.iweech.com\/de\/p\/rucksack-wasserdichter-faguo\/","title":{"rendered":"Wasserdichter Fahrradrucksack Faguo"},"content":{"rendered":"<p>Rucksack CYCLING W von der Marke Faguo. Die Tasche ist wasserabweisend und besteht aus recyceltem Polyester, das aus Plastikflaschen gewonnen wird.<\/p>\n<p>Inspiriert von den Taschen, die von Fahrradkurieren getragen werden, erm\u00f6glicht Ihnen das Rollverschluss-System, das Fassungsverm\u00f6gen (und das Packma\u00df) anzupassen. Im Inneren befindet sich ein gepolstertes Fach, in dem ein 13-Zoll-Laptop sicher verstaut werden kann. Dank des verschwei\u00dften und beschichteten Stoffes auf der Innenseite ist die Tasche wasserdicht. H\u00e4lt starkem Spritzwasser stand. Nicht tauchfest.  <\/p>\n<p><b>Technische Daten :<\/b><br \/>\n<br \/>Farbe: marine<br \/>\n<br \/>22L<br \/>\n<br \/>B33 x H49 x T14 cm<br \/>\n<br \/>Tasche f\u00fcr 13&#8243;-Computer<br \/>\n<br \/>1 Baum f\u00fcr jeden verkauften Rucksack gepflanzt<\/p>\n<p><b>\u00dcber FAGUO<\/b>: Faguo existiert, um seine Generation gegen den Klimawandel zu engagieren und denkt bei jedem Produktionsschritt sorgf\u00e4ltig \u00fcber seine Auswirkungen nach. Zum Beispiel hat dieses Produkt 7,90 kg CO<sub>2<\/sub> ausgesto\u00dfen. Faguo hat seine Auswirkungen reduziert durch :<\/p>\n<ul class=\"eco-values\">\n<li>Abschaffung von Leder (vegan)<\/li>\n<li>Verwendung von recyceltem Polyester (-40% CO2e)<\/li>\n<li>Mit dem Boot: Minimierung der Stra\u00dfe und Verbannung des Flugzeugs<\/li>\n<\/ul>\n<p class=\"description-two\">Ein Baum wird in Frankreich gepflanzt, um die verbleibenden CO<sub>2<\/sub>-Emissionen auszugleichen.<\/p>\n<div id=\"product-description-short\" class=\"product-additional-info first-section-add-info\">\n<div id=\"accordion-prod-details\">\n<div class=\"acc-card\">\n<div id=\"collapse-details-0\" class=\"collapse show\" aria-labelledby=\"details-0\" data-parent=\"#accordion-prod-details\">\n<div class=\"acc-card-body\"><\/div>\n<\/div>\n<\/div>\n<\/div>\n<\/div>\n","protected":false},"excerpt":{"rendered":"<p>Rucksack CYCLING W von der Marke Faguo. Die Tasche ist wasserabweisend und besteht aus recyceltem Polyester, das aus Plastikflaschen gewonnen wird. Inspiriert von den Taschen, die von Fahrradkurieren getragen werden, erm\u00f6glicht Ihnen das Rollverschluss-System, das Fassungsverm\u00f6gen (und das Packma\u00df) anzupassen. Im Inneren befindet sich ein gepolstertes Fach, in dem ein 13-Zoll-Laptop sicher verstaut werden kann. [&hellip;]<\/p>\n","protected":false},"featured_media":11060,"template":"","meta":{"_et_pb_use_builder":"","_et_pb_old_content":"","_et_gb_content_width":""},"product_cat":[112,232],"product_tag":[],"class_list":["post-11046","product","type-product","status-publish","has-post-thumbnail","hentry","product_cat-zubehor","product_cat-zubehor-fur-den-radfahrer","product_shipping_class-accessoires-de"],"acf":[],"_links":{"self":[{"href":"https:\/\/www.iweech.com\/de\/wp-json\/wp\/v2\/product\/11046","targetHints":{"allow":["GET"]}}],"collection":[{"href":"https:\/\/www.iweech.com\/de\/wp-json\/wp\/v2\/product"}],"about":[{"href":"https:\/\/www.iweech.com\/de\/wp-json\/wp\/v2\/types\/product"}],"wp:featuredmedia":[{"embeddable":true,"href":"https:\/\/www.iweech.com\/de\/wp-json\/wp\/v2\/media\/11060"}],"wp:attachment":[{"href":"https:\/\/www.iweech.com\/de\/wp-json\/wp\/v2\/media?parent=11046"}],"wp:term":[{"taxonomy":"product_cat","embeddable":true,"href":"https:\/\/www.iweech.com\/de\/wp-json\/wp\/v2\/product_cat?post=11046"},{"taxonomy":"product_tag","embeddable":true,"href":"https:\/\/www.iweech.com\/de\/wp-json\/wp\/v2\/product_tag?post=11046"}],"curies":[{"name":"wp","href":"https:\/\/api.w.org\/{rel}","templated":true}]}}