{"id":11067,"date":"2022-05-23T10:03:45","date_gmt":"2022-05-23T09:03:45","guid":{"rendered":"https:\/\/www.iweech.com\/?post_type=product&#038;p=11067"},"modified":"2023-06-16T08:54:58","modified_gmt":"2023-06-16T07:54:58","slug":"wasserdichte-fahrradtasche-faguo","status":"publish","type":"product","link":"https:\/\/www.iweech.com\/de\/p\/wasserdichte-fahrradtasche-faguo\/","title":{"rendered":"Wasserdichte Fahrradtasche Faguo"},"content":{"rendered":"<p>Die SADDLE BAG ist eine Fahrradtasche. Sie ist praktisch und wasserdicht und kann an einem Gep\u00e4cktr\u00e4ger befestigt werden, aber auch \u00fcber die Schulter oder als Schultergurt (abnehmbarer und verstellbarer Riemen) getragen werden, wenn Sie von Ihrem Fahrrad absteigen. Der Stoff besteht aus Polyester, ist mit TPU gef\u00fcttert und die N\u00e4hte sind verschwei\u00dft. Reflektierende Eins\u00e4tze an der Vorder- und R\u00fcckseite der Tasche sorgen f\u00fcr Ihre Sicherheit bei Nacht.<\/p>\n<p><b>Wie bindet man sie an?<\/b><br \/>\nUm diese Tasche zu verwenden, ben\u00f6tigen Sie einen Gep\u00e4cktr\u00e4ger. Die beiden oberen Haken werden am oberen Teil (Rund 1) des Gep\u00e4cktr\u00e4gers eingehakt, der untere Haken an einer der Stangen des Dreiecks (Rund 2), je nach Konfiguration des Gep\u00e4cktr\u00e4gers rechts oder links.<\/p>\n<p><b>Technische Daten :<\/b><\/p>\n<p>Farbe: marine<\/p>\n<p>13L<\/p>\n<p>B30 x H49 x T14 cm<\/p>\n<p>1 Baum f\u00fcr jeden verkauften Rucksack gepflanzt<\/p>\n<p>\u00dcber <b>FAGUO<\/b>: Faguo existiert, um seine Generation gegen den Klimawandel zu engagieren und denkt bei jedem Produktionsschritt sorgf\u00e4ltig \u00fcber seine Auswirkungen nach. Zum Beispiel hat dieses Produkt 7,2 kg CO<sub>2<\/sub> ausgesto\u00dfen. Faguo hat seine Auswirkungen reduziert durch :<\/p>\n<ul class=\"eco-values\">\n<li>Abschaffung von Leder (vegan)<\/li>\n<li>Verwendung von recyceltem Polyester (-40% CO2e)<\/li>\n<li>Mit dem Boot: Minimierung der Stra\u00dfe und Verbannung des Flugzeugs<\/li>\n<\/ul>\n<p class=\"description-two\">Ein Baum wird in Frankreich gepflanzt, um die verbleibenden CO<sub>2<\/sub>-Emissionen auszugleichen.<\/p>\n","protected":false},"excerpt":{"rendered":"<p>Die SADDLE BAG ist eine Fahrradtasche. Sie ist praktisch und wasserdicht und kann an einem Gep\u00e4cktr\u00e4ger befestigt werden, aber auch \u00fcber die Schulter oder als Schultergurt (abnehmbarer und verstellbarer Riemen) getragen werden, wenn Sie von Ihrem Fahrrad absteigen. Der Stoff besteht aus Polyester, ist mit TPU gef\u00fcttert und die N\u00e4hte sind verschwei\u00dft. Reflektierende Eins\u00e4tze an [&hellip;]<\/p>\n","protected":false},"featured_media":11081,"template":"","meta":{"_et_pb_use_builder":"","_et_pb_old_content":"","_et_gb_content_width":""},"product_cat":[112,232],"product_tag":[],"class_list":["post-11067","product","type-product","status-publish","has-post-thumbnail","hentry","product_cat-zubehor","product_cat-zubehor-fur-den-radfahrer","product_shipping_class-accessoires-de"],"acf":[],"_links":{"self":[{"href":"https:\/\/www.iweech.com\/de\/wp-json\/wp\/v2\/product\/11067","targetHints":{"allow":["GET"]}}],"collection":[{"href":"https:\/\/www.iweech.com\/de\/wp-json\/wp\/v2\/product"}],"about":[{"href":"https:\/\/www.iweech.com\/de\/wp-json\/wp\/v2\/types\/product"}],"wp:featuredmedia":[{"embeddable":true,"href":"https:\/\/www.iweech.com\/de\/wp-json\/wp\/v2\/media\/11081"}],"wp:attachment":[{"href":"https:\/\/www.iweech.com\/de\/wp-json\/wp\/v2\/media?parent=11067"}],"wp:term":[{"taxonomy":"product_cat","embeddable":true,"href":"https:\/\/www.iweech.com\/de\/wp-json\/wp\/v2\/product_cat?post=11067"},{"taxonomy":"product_tag","embeddable":true,"href":"https:\/\/www.iweech.com\/de\/wp-json\/wp\/v2\/product_tag?post=11067"}],"curies":[{"name":"wp","href":"https:\/\/api.w.org\/{rel}","templated":true}]}}