{"id":12526,"date":"2022-08-23T13:29:30","date_gmt":"2022-08-23T12:29:30","guid":{"rendered":"https:\/\/www.iweech.com\/p\/helm-kask-urban-r\/"},"modified":"2022-09-21T14:48:06","modified_gmt":"2022-09-21T13:48:06","slug":"helm-kask-urban-r","status":"publish","type":"product","link":"https:\/\/www.iweech.com\/de\/p\/helm-kask-urban-r\/","title":{"rendered":"Helm KASK Urban R"},"content":{"rendered":"<p>Entworfen f\u00fcr den stilbewussten Radfahrer in der Stadt. Er ist bequem und verf\u00fcgt \u00fcber drei Bel\u00fcftungs\u00f6ffnungen, die oben auf dem Helm positioniert sind und mit einem Hebel auf der R\u00fcckseite verstellt werden k\u00f6nnen, um die Menge des Luftstroms zu steuern. Bei Regen k\u00f6nnen die \u00d6ffnungen auch geschlossen werden, um zu verhindern, dass Feuchtigkeit unter den Helm gelangt. Ein austauschbares Visier in verschiedenen Farbt\u00f6nen hilft bei der Steuerung der Lichtverh\u00e4ltnisse, und ein Kinnriemen aus Kunstleder verleiht dem Helm Klasse und Komfort zugleich. Der KASK-Helm sitzt perfekt am Kopf, was ihn zu einem sichereren Helm macht. Und f\u00fcr eine optimale Passform verf\u00fcgt der Urban R \u00fcber die brandneue ERGO FIT-Verstellung, die Komfort und Sicherheit perfekt miteinander verbindet. Alle Urban R-Helme werden mit einem Light Smoke-Visier mit UV400-Schutz verkauft. Im Inneren wurde das weiche Gewebe der Polsterung mit dem antibakteriellen und antimikrobiellen Silver Plus\u00ae-Verfahren behandelt. Die zwei unterschiedlichen St\u00e4rken der Polsterung sind speziell f\u00fcr den Schutz und die Aufnahme von Sonnenbrillen konzipiert. Die herausnehmbaren und waschbaren Polster helfen dabei, den Urban R w\u00e4hrend des t\u00e4glichen Gebrauchs frisch zu halten. Um die richtige Gr\u00f6\u00dfe zu w\u00e4hlen, messen Sie Ihren Kopfumfang :<\/p>\n<ul>\n<li>S : 51 &#8211; 57cm<\/li>\n<li>M : 54 &#8211; 59cm<\/li>\n<li>L : 60 &#8211; 63cm<\/li>\n<\/ul>\n<p>Gewicht: <span id=\"pesoOthers\">410g<\/span> (Gr\u00f6\u00dfe M)<\/p>\n","protected":false},"excerpt":{"rendered":"<p>Entworfen f\u00fcr den stilbewussten Radfahrer in der Stadt. Er ist bequem und verf\u00fcgt \u00fcber drei Bel\u00fcftungs\u00f6ffnungen, die oben auf dem Helm positioniert sind und mit einem Hebel auf der R\u00fcckseite verstellt werden k\u00f6nnen, um die Menge des Luftstroms zu steuern. Bei Regen k\u00f6nnen die \u00d6ffnungen auch geschlossen werden, um zu verhindern, dass Feuchtigkeit unter den [&hellip;]<\/p>\n","protected":false},"featured_media":12503,"template":"","meta":{"_et_pb_use_builder":"","_et_pb_old_content":"","_et_gb_content_width":""},"product_cat":[112,232],"product_tag":[],"class_list":["post-12526","product","type-product","status-publish","has-post-thumbnail","hentry","product_cat-zubehor","product_cat-zubehor-fur-den-radfahrer","product_shipping_class-accessoires-de","rtwpvs-product"],"acf":[],"_links":{"self":[{"href":"https:\/\/www.iweech.com\/de\/wp-json\/wp\/v2\/product\/12526","targetHints":{"allow":["GET"]}}],"collection":[{"href":"https:\/\/www.iweech.com\/de\/wp-json\/wp\/v2\/product"}],"about":[{"href":"https:\/\/www.iweech.com\/de\/wp-json\/wp\/v2\/types\/product"}],"wp:featuredmedia":[{"embeddable":true,"href":"https:\/\/www.iweech.com\/de\/wp-json\/wp\/v2\/media\/12503"}],"wp:attachment":[{"href":"https:\/\/www.iweech.com\/de\/wp-json\/wp\/v2\/media?parent=12526"}],"wp:term":[{"taxonomy":"product_cat","embeddable":true,"href":"https:\/\/www.iweech.com\/de\/wp-json\/wp\/v2\/product_cat?post=12526"},{"taxonomy":"product_tag","embeddable":true,"href":"https:\/\/www.iweech.com\/de\/wp-json\/wp\/v2\/product_tag?post=12526"}],"curies":[{"name":"wp","href":"https:\/\/api.w.org\/{rel}","templated":true}]}}