{"id":12548,"date":"2022-06-23T10:05:31","date_gmt":"2022-06-23T09:05:31","guid":{"rendered":"https:\/\/www.iweech.com\/p\/abnehmbares-cover-fuer-overade-helme\/"},"modified":"2022-09-21T15:03:07","modified_gmt":"2022-09-21T14:03:07","slug":"abnehmbares-cover-fuer-overade-helme","status":"publish","type":"product","link":"https:\/\/www.iweech.com\/de\/p\/abnehmbares-cover-fuer-overade-helme\/","title":{"rendered":"Abnehmbares Cover f\u00fcr OVERADE-Helme"},"content":{"rendered":"<p>Ein Regenschirm f\u00fcr deinen OVERADE-Helm! Mit dem OVERADE Helm\u00fcberzug k\u00f6nnen Sie Regen und Sonne bequemer trotzen. Sie l\u00e4sst sich im Handumdrehen an Ihrem Helm befestigen. Kann auf dem Fahrradhelm PLIXI FIT bleiben, wenn er zusammengeklappt ist. Denken Sie daran, die Gr\u00f6\u00dfe zu w\u00e4hlen, die Ihrem Helm entspricht.<\/p>\n","protected":false},"excerpt":{"rendered":"<p>Ein Regenschirm f\u00fcr deinen OVERADE-Helm! Mit dem OVERADE Helm\u00fcberzug k\u00f6nnen Sie Regen und Sonne bequemer trotzen. Sie l\u00e4sst sich im Handumdrehen an Ihrem Helm befestigen. Kann auf dem Fahrradhelm PLIXI FIT bleiben, wenn er zusammengeklappt ist. Denken Sie daran, die Gr\u00f6\u00dfe zu w\u00e4hlen, die Ihrem Helm entspricht.<\/p>\n","protected":false},"featured_media":11468,"template":"","meta":{"_et_pb_use_builder":"","_et_pb_old_content":"","_et_gb_content_width":""},"product_cat":[112,232],"product_tag":[],"class_list":["post-12548","product","type-product","status-publish","has-post-thumbnail","hentry","product_cat-zubehor","product_cat-zubehor-fur-den-radfahrer","product_shipping_class-accessoires-legers-de","rtwpvs-product"],"acf":[],"_links":{"self":[{"href":"https:\/\/www.iweech.com\/de\/wp-json\/wp\/v2\/product\/12548","targetHints":{"allow":["GET"]}}],"collection":[{"href":"https:\/\/www.iweech.com\/de\/wp-json\/wp\/v2\/product"}],"about":[{"href":"https:\/\/www.iweech.com\/de\/wp-json\/wp\/v2\/types\/product"}],"wp:featuredmedia":[{"embeddable":true,"href":"https:\/\/www.iweech.com\/de\/wp-json\/wp\/v2\/media\/11468"}],"wp:attachment":[{"href":"https:\/\/www.iweech.com\/de\/wp-json\/wp\/v2\/media?parent=12548"}],"wp:term":[{"taxonomy":"product_cat","embeddable":true,"href":"https:\/\/www.iweech.com\/de\/wp-json\/wp\/v2\/product_cat?post=12548"},{"taxonomy":"product_tag","embeddable":true,"href":"https:\/\/www.iweech.com\/de\/wp-json\/wp\/v2\/product_tag?post=12548"}],"curies":[{"name":"wp","href":"https:\/\/api.w.org\/{rel}","templated":true}]}}