{"id":13085,"date":"2022-09-30T14:11:12","date_gmt":"2022-09-30T13:11:12","guid":{"rendered":"https:\/\/www.iweech.com\/p\/wasserdichte-handschuhe-rains\/"},"modified":"2022-09-30T14:53:54","modified_gmt":"2022-09-30T13:53:54","slug":"wasserdichte-handschuhe-rains","status":"publish","type":"product","link":"https:\/\/www.iweech.com\/de\/p\/wasserdichte-handschuhe-rains\/","title":{"rendered":"Wasserdichte Handschuhe RAINS"},"content":{"rendered":"<p>Die Handschuhe der Marke RAINS bieten optimalen Schutz bei kaltem Wetter. Der Handschuh ist mit Fleece gef\u00fcttert. Auf dem Handr\u00fccken ist es ein Fleece, das mit dem Signatur-Polyurethanmaterial &#8222;RU&#8220; von Rains beschichtet ist. Die Beschichtung auf der Handfl\u00e4che sowie an den gerippten B\u00fcndchen besteht aus Neopren. Um sich beim Radfahren vor Wind und Regen zu sch\u00fctzen, k\u00f6nnen die Handgelenke \u00fcber die \u00c4rmel Ihres Mantels gest\u00fclpt werden. Die Daumen und Fingerspitzen sind Touchscreen-kompatibel.<\/p>\n<table class=\" aligncenter\" style=\"border-style: none;\" cellspacing=\"10px\">\n<tbody>\n<tr>\n<td style=\"width: 719.688px;\"><strong>Ma\u00dfe in cm<\/strong><\/td>\n<td style=\"width: 78.75px;\">S<\/td>\n<td style=\"width: 72.75px;\">M<\/td>\n<td style=\"width: 35.75px;\">L<\/td>\n<\/tr>\n<tr>\n<td style=\"width: 719.688px;\">L\u00e4nge der Handfl\u00e4che (von der Unterseite der Handfl\u00e4che bis zur Spitze des Zeigefingers)<\/td>\n<td style=\"width: 78.75px;\">19<\/td>\n<td style=\"width: 72.75px;\">20<\/td>\n<td style=\"width: 35.75px;\">21<\/td>\n<\/tr>\n<tr>\n<td style=\"width: 719.688px;\">Breite der Handfl\u00e4che (an der breitesten Stelle)<\/td>\n<td style=\"width: 78.75px;\">9.75<\/td>\n<td style=\"width: 72.75px;\">10.5<\/td>\n<td style=\"width: 35.75px;\">11.25<\/td>\n<\/tr>\n<\/tbody>\n<\/table>\n<p>&nbsp;<\/p>\n<p>Denken Sie daran, eine Gr\u00f6\u00dfe gr\u00f6\u00dfer zu w\u00e4hlen, wenn Sie zwischen zwei Gr\u00f6\u00dfen liegen.<\/p>\n","protected":false},"excerpt":{"rendered":"<p>Die Handschuhe der Marke RAINS bieten optimalen Schutz bei kaltem Wetter. Der Handschuh ist mit Fleece gef\u00fcttert. Auf dem Handr\u00fccken ist es ein Fleece, das mit dem Signatur-Polyurethanmaterial &#8222;RU&#8220; von Rains beschichtet ist. Die Beschichtung auf der Handfl\u00e4che sowie an den gerippten B\u00fcndchen besteht aus Neopren. Um sich beim Radfahren vor Wind und Regen zu [&hellip;]<\/p>\n","protected":false},"featured_media":13079,"template":"","meta":{"_et_pb_use_builder":"","_et_pb_old_content":"","_et_gb_content_width":""},"product_cat":[112,232],"product_tag":[],"class_list":["post-13085","product","type-product","status-publish","has-post-thumbnail","hentry","product_cat-zubehor","product_cat-zubehor-fur-den-radfahrer","product_shipping_class-accessoires-legers-de","rtwpvs-product"],"acf":[],"_links":{"self":[{"href":"https:\/\/www.iweech.com\/de\/wp-json\/wp\/v2\/product\/13085","targetHints":{"allow":["GET"]}}],"collection":[{"href":"https:\/\/www.iweech.com\/de\/wp-json\/wp\/v2\/product"}],"about":[{"href":"https:\/\/www.iweech.com\/de\/wp-json\/wp\/v2\/types\/product"}],"wp:featuredmedia":[{"embeddable":true,"href":"https:\/\/www.iweech.com\/de\/wp-json\/wp\/v2\/media\/13079"}],"wp:attachment":[{"href":"https:\/\/www.iweech.com\/de\/wp-json\/wp\/v2\/media?parent=13085"}],"wp:term":[{"taxonomy":"product_cat","embeddable":true,"href":"https:\/\/www.iweech.com\/de\/wp-json\/wp\/v2\/product_cat?post=13085"},{"taxonomy":"product_tag","embeddable":true,"href":"https:\/\/www.iweech.com\/de\/wp-json\/wp\/v2\/product_tag?post=13085"}],"curies":[{"name":"wp","href":"https:\/\/api.w.org\/{rel}","templated":true}]}}