{"id":13998,"date":"2022-12-08T16:16:33","date_gmt":"2022-12-08T15:16:33","guid":{"rendered":"https:\/\/www.iweech.com\/?post_type=product&#038;p=13998"},"modified":"2025-06-18T09:47:15","modified_gmt":"2025-06-18T08:47:15","slug":"porte-bagage-arriere-iweech","status":"publish","type":"product","link":"https:\/\/www.iweech.com\/de\/p\/porte-bagage-arriere-iweech\/","title":{"rendered":"Porte-bagage arri\u00e8re"},"content":{"rendered":"<p>Le porte-bagage IWEECH s&#8217;int\u00e8gre parfaitement \u00e0 la ligne de votre v\u00e9lo. Dot\u00e9 de barres lat\u00e9rales additionnelles, il vous permettra de fixer des sacoches lat\u00e9rales facilement en plus d&#8217;un troisi\u00e8me accessoire sur le dessus de la plateforme.<\/p>\n<p><strong>Sp\u00e9cificit\u00e9s techniques :<\/strong><\/p>\n<ul>\n<li>&#8211; Charge maximale : 25kg<\/li>\n<li>&#8211; Diam\u00e8tre des tubes : 12,5mm<\/li>\n<li>&#8211; Compatible MIK et Klickfix<\/li>\n<li>&#8211; Poids plume : 789gr<\/li>\n<li>&#8211; Compatible avec les IWEECH 24&#8243; S et IWEECH 24&#8243; S+<\/li>\n<\/ul>\n<p>&nbsp;<\/p>\n<p>Tutoriel pour le montage disponible <a href=\"https:\/\/iweech.notion.site\/Montage-Porte-Bagage-4937d1fae16b4009b696e3b488d31962\" target=\"_blank\" rel=\"noopener\">ici<\/a>.<\/p>\n","protected":false},"excerpt":{"rendered":"<p>Le porte-bagage IWEECH s&#8217;int\u00e8gre parfaitement \u00e0 la ligne de votre v\u00e9lo. Dot\u00e9 de barres lat\u00e9rales additionnelles, il vous permettra de fixer des sacoches lat\u00e9rales facilement en plus d&#8217;un troisi\u00e8me accessoire sur le dessus de la plateforme.<\/p>\n","protected":false},"featured_media":14023,"template":"","meta":{"_et_pb_use_builder":"","_et_pb_old_content":"","_et_gb_content_width":""},"product_cat":[20,210],"product_tag":[],"class_list":["post-13998","product","type-product","status-publish","has-post-thumbnail","hentry","product_cat-accessoire-smart-bike","product_cat-accessoires-velo-electrique","product_shipping_class-accessoires-lourds"],"acf":[],"_links":{"self":[{"href":"https:\/\/www.iweech.com\/de\/wp-json\/wp\/v2\/product\/13998","targetHints":{"allow":["GET"]}}],"collection":[{"href":"https:\/\/www.iweech.com\/de\/wp-json\/wp\/v2\/product"}],"about":[{"href":"https:\/\/www.iweech.com\/de\/wp-json\/wp\/v2\/types\/product"}],"wp:featuredmedia":[{"embeddable":true,"href":"https:\/\/www.iweech.com\/de\/wp-json\/wp\/v2\/media\/14023"}],"wp:attachment":[{"href":"https:\/\/www.iweech.com\/de\/wp-json\/wp\/v2\/media?parent=13998"}],"wp:term":[{"taxonomy":"product_cat","embeddable":true,"href":"https:\/\/www.iweech.com\/de\/wp-json\/wp\/v2\/product_cat?post=13998"},{"taxonomy":"product_tag","embeddable":true,"href":"https:\/\/www.iweech.com\/de\/wp-json\/wp\/v2\/product_tag?post=13998"}],"curies":[{"name":"wp","href":"https:\/\/api.w.org\/{rel}","templated":true}]}}