{"id":14599,"date":"2023-02-21T17:20:51","date_gmt":"2023-02-21T16:20:51","guid":{"rendered":"https:\/\/www.iweech.com\/?post_type=product&#038;p=14599"},"modified":"2025-09-14T17:20:27","modified_gmt":"2025-09-14T16:20:27","slug":"option-guidon-rehausse-9cm","status":"publish","type":"product","link":"https:\/\/www.iweech.com\/de\/p\/option-guidon-rehausse-9cm\/","title":{"rendered":"Option guidon r\u00e9hauss\u00e9 (90mm)"},"content":{"rendered":"<p>Montage avec un guidon en forme de V marqu\u00e9e (+9cm en hauteur), pour obtenir une position plus droite.<\/p>\n","protected":false},"excerpt":{"rendered":"<p>Montage avec un guidon en forme de V marqu\u00e9e (+9cm en hauteur), pour obtenir une position plus droite.<\/p>\n","protected":false},"featured_media":14646,"template":"","meta":{"_et_pb_use_builder":"","_et_pb_old_content":"","_et_gb_content_width":""},"product_cat":[208],"product_tag":[],"class_list":["post-14599","product","type-product","status-publish","has-post-thumbnail","hentry","product_cat-pieces-detachees","product_shipping_class-accessoires-legers"],"acf":[],"_links":{"self":[{"href":"https:\/\/www.iweech.com\/de\/wp-json\/wp\/v2\/product\/14599","targetHints":{"allow":["GET"]}}],"collection":[{"href":"https:\/\/www.iweech.com\/de\/wp-json\/wp\/v2\/product"}],"about":[{"href":"https:\/\/www.iweech.com\/de\/wp-json\/wp\/v2\/types\/product"}],"wp:featuredmedia":[{"embeddable":true,"href":"https:\/\/www.iweech.com\/de\/wp-json\/wp\/v2\/media\/14646"}],"wp:attachment":[{"href":"https:\/\/www.iweech.com\/de\/wp-json\/wp\/v2\/media?parent=14599"}],"wp:term":[{"taxonomy":"product_cat","embeddable":true,"href":"https:\/\/www.iweech.com\/de\/wp-json\/wp\/v2\/product_cat?post=14599"},{"taxonomy":"product_tag","embeddable":true,"href":"https:\/\/www.iweech.com\/de\/wp-json\/wp\/v2\/product_tag?post=14599"}],"curies":[{"name":"wp","href":"https:\/\/api.w.org\/{rel}","templated":true}]}}