{"id":15760,"date":"2023-08-29T16:20:56","date_gmt":"2023-08-29T15:20:56","guid":{"rendered":"https:\/\/www.iweech.com\/?post_type=product&#038;p=15760"},"modified":"2026-04-01T13:49:58","modified_gmt":"2026-04-01T12:49:58","slug":"iweech-24-s-plus-gris","status":"publish","type":"product","link":"https:\/\/www.iweech.com\/de\/p\/iweech-24-s-plus-gris\/","title":{"rendered":"IWEECH 24&#8243; S+ gris \u00e9tat neuf"},"content":{"rendered":"<p>Un v\u00e9lo \u00e9tat neuf, une opportunit\u00e9 unique.<\/p>\n<p>Ce IWEECH 24&#8243;S+ pr\u00e9sente de l\u00e9g\u00e8res marques esth\u00e9tiques sur le cadre, \u00e0 proximit\u00e9 du iBouton et du guidon, survenues lors de la production. Ces petites imperfections n\u2019alt\u00e8rent en rien ses performances ni sa fiabilit\u00e9.<\/p>\n<p>Garantie constructeur compl\u00e8te :<\/p>\n<p>5 ans sur le cadre et la fourche<br \/>\n2 ans sur les composants<\/p>\n<p>Configuration :<\/p>\n<p>Couleur : Gris (\u00e9tat neuf, hors marques mentionn\u00e9es)<br \/>\nGuidon rehauss\u00e9 pour un meilleur confort de conduite<br \/>\nPorte-bagages arri\u00e8re pratique pour vos trajets du quotidien<br \/>\nSelle Royal Gel Confort pour un confort optimal<br \/>\nProfitez d\u2019un v\u00e9lo haut de gamme \u00e0 prix r\u00e9duit, tout en b\u00e9n\u00e9ficiant de la m\u00eame qualit\u00e9 et des m\u00eames garanties qu\u2019un mod\u00e8le sorti d\u2019usine.<\/p>\n","protected":false},"excerpt":{"rendered":"<p>Un v\u00e9lo \u00e9tat neuf, une opportunit\u00e9 unique. Ce IWEECH 24&#8243;S+ pr\u00e9sente de l\u00e9g\u00e8res marques esth\u00e9tiques sur le cadre, \u00e0 proximit\u00e9 du iBouton et du guidon, survenues lors de la production. Ces petites imperfections n\u2019alt\u00e8rent en rien ses performances ni sa fiabilit\u00e9. Garantie constructeur compl\u00e8te : 5 ans sur le cadre et la fourche 2 ans [&hellip;]<\/p>\n","protected":false},"featured_media":18009,"template":"","meta":{"_et_pb_use_builder":"","_et_pb_old_content":"","_et_gb_content_width":""},"product_cat":[234],"product_tag":[],"class_list":["post-15760","product","type-product","status-publish","has-post-thumbnail","hentry","product_cat-velo-electrique-iweech-reconditionne","product_shipping_class-velos"],"acf":[],"_links":{"self":[{"href":"https:\/\/www.iweech.com\/de\/wp-json\/wp\/v2\/product\/15760","targetHints":{"allow":["GET"]}}],"collection":[{"href":"https:\/\/www.iweech.com\/de\/wp-json\/wp\/v2\/product"}],"about":[{"href":"https:\/\/www.iweech.com\/de\/wp-json\/wp\/v2\/types\/product"}],"wp:featuredmedia":[{"embeddable":true,"href":"https:\/\/www.iweech.com\/de\/wp-json\/wp\/v2\/media\/18009"}],"wp:attachment":[{"href":"https:\/\/www.iweech.com\/de\/wp-json\/wp\/v2\/media?parent=15760"}],"wp:term":[{"taxonomy":"product_cat","embeddable":true,"href":"https:\/\/www.iweech.com\/de\/wp-json\/wp\/v2\/product_cat?post=15760"},{"taxonomy":"product_tag","embeddable":true,"href":"https:\/\/www.iweech.com\/de\/wp-json\/wp\/v2\/product_tag?post=15760"}],"curies":[{"name":"wp","href":"https:\/\/api.w.org\/{rel}","templated":true}]}}