{"id":15953,"date":"2023-10-11T11:22:48","date_gmt":"2023-10-11T10:22:48","guid":{"rendered":"https:\/\/www.iweech.com\/?post_type=product&#038;p=15953"},"modified":"2025-08-29T16:55:18","modified_gmt":"2025-08-29T15:55:18","slug":"selle-royal-lookin-evo-moderate","status":"publish","type":"product","link":"https:\/\/www.iweech.com\/de\/p\/selle-royal-lookin-evo-moderate\/","title":{"rendered":"Selle Royal Lookin EVO Moderate"},"content":{"rendered":"<p>Cette selle de v\u00e9lo embl\u00e9matique repr\u00e9sente l&#8217;engagement de Selle Royal envers l&#8217;environnement par l&#8217;innovation. Sa base est fabriqu\u00e9e \u00e0 partir de plastique 100% recycl\u00e9 et son rev\u00eatement est fabriqu\u00e9 \u00e0 partir de 50% de mat\u00e9riaux biosourc\u00e9s. Le rembourrage Royalgel\u2122 offre un confort de haut niveau tandis que la construction sp\u00e9ciale de la base assure des sorties en douceur. La Lookin Evo est un choix durable et une solide selle polyvalente, que ce soit pour les trajets quotidiens ou pour l&#8217;exploration en plein air.<\/p>\n<p><strong>Sp\u00e9cificit\u00e9s techniques :<\/strong><\/p>\n<ul>\n<li>&#8211; Rembourage Royalgel\u2122 : technologie garantissant le plus haut niveau de confort, r\u00e9duisant les pics de pression jusqu&#8217;\u00e0 40% gr\u00e2ce \u00e0 sa structure de gel tridimensionnelle unique<\/li>\n<li>&#8211; Flexite system : la construction unique de la coque assure une flexibilit\u00e9 et une absorption des chocs maximales, garantissant des sorties en douceur en ville ou dans la nature<\/li>\n<li>&#8211; Base compos\u00e9e \u00e0 100 % de plastique recycl\u00e9 provenant de l\u2019industrie \u00e9lectrique et \u00e9lectronique<\/li>\n<li>&#8211; Rev\u00eatement compos\u00e9 \u00e0 50 % de mat\u00e9riaux organiques offrant la m\u00eame \u00e9lasticit\u00e9 et la m\u00eame r\u00e9sistance \u00e0 l\u2019abrasion<\/li>\n<li>&#8211; Poids : 500gr<\/li>\n<li>&#8211; Rev\u00eatement Cool Cover : ce rev\u00eatement permet d&#8217;obtenir jusqu&#8217;\u00e0 25 \u00b0 C de moins que les autres selles noires classiques gr\u00e2ce au mat\u00e9riau sp\u00e9cial qui refl\u00e8te les rayons du soleil<\/li>\n<li>&#8211; R\u00e9sistante \u00e0 l&#8217;eau et 100% \u00e9tanche<\/li>\n<li>&#8211; Repr\u00e9sente 24 % d\u2019\u00e9missions de CO2 en moins par rapport \u00e0 Lookin 3D (mod\u00e8le identique mais sans les pi\u00e8ces durables)<\/li>\n<\/ul>\n<p>&nbsp;<\/p>\n<p>Pour un confort ultime, compl\u00e9ter avec le guidon r\u00e9hauss\u00e9 90mm.<\/p>\n","protected":false},"excerpt":{"rendered":"<p>Cette selle de v\u00e9lo embl\u00e9matique repr\u00e9sente l&#8217;engagement de Selle Royal envers l&#8217;environnement par l&#8217;innovation. Sa base est fabriqu\u00e9e \u00e0 partir de plastique 100% recycl\u00e9 et son rev\u00eatement est fabriqu\u00e9 \u00e0 partir de 50% de mat\u00e9riaux biosourc\u00e9s. Le rembourrage Royalgel\u2122 offre un confort de haut niveau tandis que la construction sp\u00e9ciale de la base assure des [&hellip;]<\/p>\n","protected":false},"featured_media":15954,"template":"","meta":{"_et_pb_use_builder":"","_et_pb_old_content":"","_et_gb_content_width":""},"product_cat":[20,210],"product_tag":[],"class_list":["post-15953","product","type-product","status-publish","has-post-thumbnail","hentry","product_cat-accessoire-smart-bike","product_cat-accessoires-velo-electrique","product_shipping_class-accessoires-legers"],"acf":[],"_links":{"self":[{"href":"https:\/\/www.iweech.com\/de\/wp-json\/wp\/v2\/product\/15953","targetHints":{"allow":["GET"]}}],"collection":[{"href":"https:\/\/www.iweech.com\/de\/wp-json\/wp\/v2\/product"}],"about":[{"href":"https:\/\/www.iweech.com\/de\/wp-json\/wp\/v2\/types\/product"}],"wp:featuredmedia":[{"embeddable":true,"href":"https:\/\/www.iweech.com\/de\/wp-json\/wp\/v2\/media\/15954"}],"wp:attachment":[{"href":"https:\/\/www.iweech.com\/de\/wp-json\/wp\/v2\/media?parent=15953"}],"wp:term":[{"taxonomy":"product_cat","embeddable":true,"href":"https:\/\/www.iweech.com\/de\/wp-json\/wp\/v2\/product_cat?post=15953"},{"taxonomy":"product_tag","embeddable":true,"href":"https:\/\/www.iweech.com\/de\/wp-json\/wp\/v2\/product_tag?post=15953"}],"curies":[{"name":"wp","href":"https:\/\/api.w.org\/{rel}","templated":true}]}}