{"id":16750,"date":"2024-04-09T16:26:26","date_gmt":"2024-04-09T15:26:26","guid":{"rendered":"https:\/\/www.iweech.com\/?post_type=product&#038;p=16750"},"modified":"2025-11-10T15:32:35","modified_gmt":"2025-11-10T14:32:35","slug":"porte-bagage-iweech-promenade-compatible-mik-et-klick-fix","status":"publish","type":"product","link":"https:\/\/www.iweech.com\/de\/p\/porte-bagage-iweech-promenade-compatible-mik-et-klick-fix\/","title":{"rendered":"Porte bagage arri\u00e8re"},"content":{"rendered":"<p><span style=\"font-weight: 400;\">Id\u00e9alement con\u00e7u pour votre v\u00e9lo, il s\u2019int\u00e8gre id\u00e9alement au garde-boue et permet le transport de charge de 27kg. Il est compatible avec tous les accessoires et portes b\u00e9b\u00e9s du march\u00e9 \u00e9quip\u00e9 des syst\u00e8mes de fixation klick fix ou MIK.<\/span><\/p>\n","protected":false},"excerpt":{"rendered":"<p><span style=\"font-weight: 400;\">Id\u00e9alement con\u00e7u pour votre v\u00e9lo, il s\u2019int\u00e8gre id\u00e9alement au garde-boue et permet le transport de charge de 27kg. Il est compatible avec tous les accessoires et portes b\u00e9b\u00e9s du march\u00e9 \u00e9quip\u00e9 des syst\u00e8mes de fixation klick fix ou MIK.<\/span><\/p>\n","protected":false},"featured_media":16854,"template":"","meta":{"_et_pb_use_builder":"","_et_pb_old_content":"","_et_gb_content_width":""},"product_cat":[210],"product_tag":[],"class_list":["post-16750","product","type-product","status-publish","has-post-thumbnail","hentry","product_cat-accessoires-velo-electrique","product_shipping_class-accessoires-tres-lourds-promenade"],"acf":[],"_links":{"self":[{"href":"https:\/\/www.iweech.com\/de\/wp-json\/wp\/v2\/product\/16750","targetHints":{"allow":["GET"]}}],"collection":[{"href":"https:\/\/www.iweech.com\/de\/wp-json\/wp\/v2\/product"}],"about":[{"href":"https:\/\/www.iweech.com\/de\/wp-json\/wp\/v2\/types\/product"}],"wp:featuredmedia":[{"embeddable":true,"href":"https:\/\/www.iweech.com\/de\/wp-json\/wp\/v2\/media\/16854"}],"wp:attachment":[{"href":"https:\/\/www.iweech.com\/de\/wp-json\/wp\/v2\/media?parent=16750"}],"wp:term":[{"taxonomy":"product_cat","embeddable":true,"href":"https:\/\/www.iweech.com\/de\/wp-json\/wp\/v2\/product_cat?post=16750"},{"taxonomy":"product_tag","embeddable":true,"href":"https:\/\/www.iweech.com\/de\/wp-json\/wp\/v2\/product_tag?post=16750"}],"curies":[{"name":"wp","href":"https:\/\/api.w.org\/{rel}","templated":true}]}}