{"id":17273,"date":"2024-05-14T13:52:15","date_gmt":"2024-05-14T12:52:15","guid":{"rendered":"https:\/\/www.iweech.com\/?post_type=product&#038;p=17273"},"modified":"2025-08-13T10:02:56","modified_gmt":"2025-08-13T09:02:56","slug":"cadenas-et-chaine","status":"publish","type":"product","link":"https:\/\/www.iweech.com\/de\/p\/cadenas-et-chaine\/","title":{"rendered":"Cadenas et Cha\u00eene"},"content":{"rendered":"<p>Cadenas Fer \u00e0 cheval ABUS-4650XL\u00a0et sa chaine compatible Promenade et Avenue.<\/p>\n<p>&nbsp;<\/p>\n","protected":false},"excerpt":{"rendered":"<p><span style=\"font-weight: 400;\">Votre cadenas \u00e9trier ABUS-4650XL (Niveau de s\u00e9curit\u00e9 \u00e9lev\u00e9 9\/15) et sa chaine compatible Abus ACH 2.0 130cm pour renforcer encore la s\u00e9curit\u00e9 du syst\u00e8me en permettant l\u2019attache \u00e0 un point fixe.\u00a0<\/span><\/p>\n","protected":false},"featured_media":17976,"template":"","meta":{"_et_pb_use_builder":"","_et_pb_old_content":"","_et_gb_content_width":""},"product_cat":[20,210],"product_tag":[],"class_list":["post-17273","product","type-product","status-publish","has-post-thumbnail","hentry","product_cat-accessoire-smart-bike","product_cat-accessoires-velo-electrique","product_shipping_class-accessoires-lourds"],"acf":[],"_links":{"self":[{"href":"https:\/\/www.iweech.com\/de\/wp-json\/wp\/v2\/product\/17273","targetHints":{"allow":["GET"]}}],"collection":[{"href":"https:\/\/www.iweech.com\/de\/wp-json\/wp\/v2\/product"}],"about":[{"href":"https:\/\/www.iweech.com\/de\/wp-json\/wp\/v2\/types\/product"}],"wp:featuredmedia":[{"embeddable":true,"href":"https:\/\/www.iweech.com\/de\/wp-json\/wp\/v2\/media\/17976"}],"wp:attachment":[{"href":"https:\/\/www.iweech.com\/de\/wp-json\/wp\/v2\/media?parent=17273"}],"wp:term":[{"taxonomy":"product_cat","embeddable":true,"href":"https:\/\/www.iweech.com\/de\/wp-json\/wp\/v2\/product_cat?post=17273"},{"taxonomy":"product_tag","embeddable":true,"href":"https:\/\/www.iweech.com\/de\/wp-json\/wp\/v2\/product_tag?post=17273"}],"curies":[{"name":"wp","href":"https:\/\/api.w.org\/{rel}","templated":true}]}}