{"id":17961,"date":"2025-04-25T14:06:51","date_gmt":"2025-04-25T13:06:51","guid":{"rendered":"https:\/\/www.iweech.com\/?post_type=product&#038;p=17961"},"modified":"2025-04-25T14:21:06","modified_gmt":"2025-04-25T13:21:06","slug":"selle-ddk","status":"publish","type":"product","link":"https:\/\/www.iweech.com\/de\/p\/selle-ddk\/","title":{"rendered":"Selle DDK"},"content":{"rendered":"<p>Cette selle de v\u00e9lo \u00e9pur\u00e9e est \u00e0 m\u00e9moire de forme. C&#8217;est un choix durable et une solide selle polyvalente, que ce soit pour les trajets quotidiens ou pour l&#8217;exploration en plein air.<\/p>\n<p>Selle pr\u00e9sente sur les 24S et S+ de s\u00e9rie.<\/p>\n","protected":false},"excerpt":{"rendered":"<p>Cette selle de v\u00e9lo \u00e9pur\u00e9e est \u00e0 m\u00e9moire de forme. C&#8217;est un choix durable et une solide selle polyvalente, que ce soit pour les trajets quotidiens ou pour l&#8217;exploration en plein air. Selle pr\u00e9sente sur les 24S et S+ de s\u00e9rie.<\/p>\n","protected":false},"featured_media":17967,"template":"","meta":{"_et_pb_use_builder":"","_et_pb_old_content":"","_et_gb_content_width":""},"product_cat":[112,229],"product_tag":[],"class_list":["post-17961","product","type-product","status-publish","has-post-thumbnail","hentry","product_cat-zubehor","product_cat-zubehor-fur-das-fahrrad","product_shipping_class-accessoires-legers-de"],"acf":[],"_links":{"self":[{"href":"https:\/\/www.iweech.com\/de\/wp-json\/wp\/v2\/product\/17961","targetHints":{"allow":["GET"]}}],"collection":[{"href":"https:\/\/www.iweech.com\/de\/wp-json\/wp\/v2\/product"}],"about":[{"href":"https:\/\/www.iweech.com\/de\/wp-json\/wp\/v2\/types\/product"}],"wp:featuredmedia":[{"embeddable":true,"href":"https:\/\/www.iweech.com\/de\/wp-json\/wp\/v2\/media\/17967"}],"wp:attachment":[{"href":"https:\/\/www.iweech.com\/de\/wp-json\/wp\/v2\/media?parent=17961"}],"wp:term":[{"taxonomy":"product_cat","embeddable":true,"href":"https:\/\/www.iweech.com\/de\/wp-json\/wp\/v2\/product_cat?post=17961"},{"taxonomy":"product_tag","embeddable":true,"href":"https:\/\/www.iweech.com\/de\/wp-json\/wp\/v2\/product_tag?post=17961"}],"curies":[{"name":"wp","href":"https:\/\/api.w.org\/{rel}","templated":true}]}}