{"id":2380,"date":"2021-12-12T13:05:15","date_gmt":"2021-12-12T12:05:15","guid":{"rendered":"https:\/\/iweech.staging-allforweb.fr\/?page_id=2380"},"modified":"2022-03-28T17:03:11","modified_gmt":"2022-03-28T16:03:11","slug":"assurance-be","status":"publish","type":"page","link":"https:\/\/www.iweech.com\/en\/assurance-be\/","title":{"rendered":"Assurance BE"},"content":{"rendered":"<p>[et_pb_section fb_built=&#8221;1&#8243; _builder_version=&#8221;4.10.8&#8243; _module_preset=&#8221;default&#8221; background_color=&#8221;#f2f2f2&#8243; da_disable_devices=&#8221;off|off|off&#8221; global_colors_info=&#8221;{}&#8221; da_is_popup=&#8221;off&#8221; da_exit_intent=&#8221;off&#8221; da_has_close=&#8221;on&#8221; da_alt_close=&#8221;off&#8221; da_dark_close=&#8221;off&#8221; da_not_modal=&#8221;on&#8221; da_is_singular=&#8221;off&#8221; da_with_loader=&#8221;off&#8221; da_has_shadow=&#8221;on&#8221;][et_pb_row column_structure=&#8221;1_2,1_2&#8243; make_equal=&#8221;on&#8221; _builder_version=&#8221;4.10.8&#8243; _module_preset=&#8221;default&#8221; global_module=&#8221;4827&#8243; global_colors_info=&#8221;{}&#8221;][et_pb_column type=&#8221;1_2&#8243; _builder_version=&#8221;4.10.8&#8243; _module_preset=&#8221;default&#8221; custom_css_main_element=&#8221;margin:auto;&#8221; global_colors_info=&#8221;{}&#8221;][et_pb_image src=&#8221;http:\/\/iweech.com\/wp-content\/uploads\/2021\/12\/Assurance-velo-IWEECH.jpg&#8221; title_text=&#8221;Assurance-velo-IWEECH&#8221; _builder_version=&#8221;4.10.8&#8243; _module_preset=&#8221;default&#8221; global_colors_info=&#8221;{}&#8221;][\/et_pb_image][\/et_pb_column][et_pb_column type=&#8221;1_2&#8243; _builder_version=&#8221;4.10.8&#8243; _module_preset=&#8221;default&#8221; custom_css_main_element=&#8221;margin:auto;&#8221; global_colors_info=&#8221;{}&#8221;][et_pb_text _builder_version=&#8221;4.10.8&#8243; _module_preset=&#8221;default&#8221; header_2_font_size=&#8221;40px&#8221; global_colors_info=&#8221;{}&#8221;]<\/p>\n<h2>L&#8217;assurance IWEECH<\/h2>\n<p><span>L\u2019ambition de vous offrir une protection maximum.<br \/>Au-del\u00e0 de l&#8217;antivol IWEECH \u00e0 d\u00e9tection de mouvement inclus dans le prix de votre v\u00e9lo, nous vous proposons la s\u00e9r\u00e9nit\u00e9 absolue avec l&#8217;assurance IWEECH<\/span><\/p>\n<p>[\/et_pb_text][et_pb_text _builder_version=&#8221;4.14.5&#8243; _module_preset=&#8221;default&#8221; text_font=&#8221;|700|||||||&#8221; text_text_color=&#8221;#0222f5&#8243; text_font_size=&#8221;35px&#8221; text_orientation=&#8221;center&#8221; global_colors_info=&#8221;{}&#8221;]<\/p>\n<p>\u00e0 partir de 140 \u20ac \/ an*<\/p>\n<p>[\/et_pb_text][et_pb_text ul_type=&#8221;square&#8221; _builder_version=&#8221;4.10.8&#8243; _module_preset=&#8221;default&#8221; text_font=&#8221;|300|||||||&#8221; text_font_size=&#8221;18px&#8221; global_colors_info=&#8221;{}&#8221;]<\/p>\n<ul>\n<li>Hotline d\u00e9di\u00e9e<\/li>\n<li>Couverture contre le dommage et le vol<\/li>\n<li>R\u00e9paration du v\u00e9lo ou indemnisation<\/li>\n<li>Couverture dommage accidentals<\/li>\n<li>Couverture dommage accidentals<\/li>\n<li>D\u00e9pannage-remorquage<\/li>\n<li>Couverture vandalisme<\/li>\n<\/ul>\n<p>[\/et_pb_text][et_pb_text _builder_version=&#8221;4.10.8&#8243; _module_preset=&#8221;default&#8221; text_font=&#8221;|300|||||||&#8221; text_font_size=&#8221;14px&#8221; text_orientation=&#8221;center&#8221; global_colors_info=&#8221;{}&#8221;]<\/p>\n<p>*prix variable en fonction du mod\u00e8le de v\u00e9lo et du pays de couverture<\/p>\n<p>[\/et_pb_text][\/et_pb_column][\/et_pb_row][et_pb_row _builder_version=&#8221;4.10.8&#8243; _module_preset=&#8221;default&#8221; global_colors_info=&#8221;{}&#8221;][et_pb_column type=&#8221;4_4&#8243; _builder_version=&#8221;4.10.8&#8243; _module_preset=&#8221;default&#8221; global_colors_info=&#8221;{}&#8221;][\/et_pb_column][\/et_pb_row][\/et_pb_section][et_pb_section fb_built=&#8221;1&#8243; _builder_version=&#8221;4.10.8&#8243; _module_preset=&#8221;default&#8221; da_disable_devices=&#8221;off|off|off&#8221; global_colors_info=&#8221;{}&#8221; da_is_popup=&#8221;off&#8221; da_exit_intent=&#8221;off&#8221; da_has_close=&#8221;on&#8221; da_alt_close=&#8221;off&#8221; da_dark_close=&#8221;off&#8221; da_not_modal=&#8221;on&#8221; da_is_singular=&#8221;off&#8221; da_with_loader=&#8221;off&#8221; da_has_shadow=&#8221;on&#8221;][et_pb_row _builder_version=&#8221;4.10.8&#8243; _module_preset=&#8221;default&#8221; global_colors_info=&#8221;{}&#8221;][et_pb_column type=&#8221;4_4&#8243; _builder_version=&#8221;4.10.8&#8243; _module_preset=&#8221;default&#8221; global_colors_info=&#8221;{}&#8221;][et_pb_accordion open_toggle_background_color=&#8221;#FFFFFF&#8221; closed_toggle_background_color=&#8221;#FFFFFF&#8221; icon_color=&#8221;#0222f5&#8243; _builder_version=&#8221;4.14.5&#8243; _module_preset=&#8221;default&#8221; toggle_level=&#8221;h2&#8243; toggle_font=&#8221;Poppins||||||||&#8221; toggle_font_size=&#8221;18px&#8221; toggle_line_height=&#8221;1.2em&#8221; closed_toggle_font=&#8221;|300|||||||&#8221; closed_toggle_line_height=&#8221;1.2em&#8221; body_font=&#8221;|300|||||||&#8221; body_text_color=&#8221;#414141&#8243; body_font_size=&#8221;18px&#8221; text_orientation=&#8221;left&#8221; custom_margin=&#8221;0px||||false|false&#8221; custom_padding=&#8221;4px||0px||false|false&#8221; hover_enabled=&#8221;0&#8243; border_width_top=&#8221;0px&#8221; border_width_right=&#8221;0px&#8221; border_width_bottom=&#8221;0px&#8221; border_width_left=&#8221;2px&#8221; border_color_left=&#8221;#0C71C3&#8243; global_colors_info=&#8221;{}&#8221; sticky_enabled=&#8221;0&#8243;][et_pb_accordion_item title=&#8221;\u00cates-vous \u00e9ligible pour l\u2019assurance ?&#8221; open=&#8221;on&#8221; _builder_version=&#8221;4.14.5&#8243; _module_preset=&#8221;default&#8221; hover_enabled=&#8221;0&#8243; global_colors_info=&#8221;{}&#8221; sticky_enabled=&#8221;0&#8243;]<\/p>\n<ul>\n<li>Nous couvrons votre v\u00e9lo toute l\u2019ann\u00e9e pour une dur\u00e9e maximale de 5 ans.<br \/>Une police d\u2019assurance destin\u00e9e uniquement aux v\u00e9los IWEECH.<\/li>\n<li>L\u2019assurance s\u2019adresse aux personnes \u00e2g\u00e9es de 18 ans et plus qui r\u00e9sident officiellement en Belgique.<\/li>\n<li>Votre v\u00e9lo est destin\u00e9 \u00e0 un usage priv\u00e9 ou commercial (par exemple en tant que coursier, livraisons, etc.).<\/li>\n<\/ul>\n<p>[\/et_pb_accordion_item][et_pb_accordion_item title=&#8221;Qu\u2019est-ce que l\u2019assurance vol ?&#8221; _builder_version=&#8221;4.14.5&#8243; _module_preset=&#8221;default&#8221; hover_enabled=&#8221;0&#8243; global_colors_info=&#8221;{}&#8221; open=&#8221;off&#8221; sticky_enabled=&#8221;0&#8243;]<\/p>\n<ul>\n<li>Si votre v\u00e9lo est vol\u00e9, nous vous le remboursons apr\u00e8s d\u00e9duction de la franchise et de la d\u00e9pr\u00e9ciation.<\/li>\n<li>Aucune d\u00e9pr\u00e9ciation n\u2019est appliqu\u00e9e au calcul de l\u2019indemnit\u00e9 pendant les 36 premiers mois (3 ans) du v\u00e9lo. Le montant minimum de l&#8217;indemnisation est fix\u00e9 \u00e0 50% de la valeur assur\u00e9e telle qu\u2019elle figure dans le tableau des garanties des conditions g\u00e9n\u00e9rales et de l\u2019annexe du contrat.<\/li>\n<li>Nous remboursons aussi les dommages lorsqu\u2019ils r\u00e9sultent d\u2019une tentative de vol.<\/li>\n<\/ul>\n<p>[\/et_pb_accordion_item][et_pb_accordion_item title=&#8221;Qu\u2019est-ce que l\u2019assurance dommage mat\u00e9riel ? &#8221; _builder_version=&#8221;4.14.5&#8243; _module_preset=&#8221;default&#8221; hover_enabled=&#8221;0&#8243; global_colors_info=&#8221;{}&#8221; open=&#8221;off&#8221; sticky_enabled=&#8221;0&#8243;]<\/p>\n<ul>\n<li>Votre v\u00e9lo est couvert contre les dommages r\u00e9sultant d\u2019un accident, du vandalisme, d\u2019inondations, d\u2019un incendie et d\u2019autres \u00e9l\u00e9ments ext\u00e9rieurs.<\/li>\n<li>Nous vous remboursons les frais de r\u00e9parations apr\u00e8s application de toute franchise et de toute d\u00e9pr\u00e9ciation.<\/li>\n<li>Aucune d\u00e9pr\u00e9ciation n\u2019est appliqu\u00e9e au calcul de l\u2019indemnit\u00e9 pendant les 36 premiers mois (3 ans) du v\u00e9lo. Le montant minimum de l&#8217;indemnisation est fix\u00e9 \u00e0 50% de la valeur assur\u00e9e telle qu\u2019elle figure dans le tableau des garanties des conditions g\u00e9n\u00e9rales et de l\u2019annexe du contrat.<\/li>\n<\/ul>\n<p>[\/et_pb_accordion_item][et_pb_accordion_item title=&#8221;Qu\u2019est-ce que l\u2019assurance assistance ? &#8221; _builder_version=&#8221;4.10.8&#8243; _module_preset=&#8221;default&#8221; global_colors_info=&#8221;{}&#8221; open=&#8221;off&#8221;]<\/p>\n<p>Votre v\u00e9lo se trouve immobilis\u00e9 sur une voie carrossable accessible \u00e0 notre service de d\u00e9pannage-remorquage, nous organisons\u00a0:<br \/>&#8211; D\u00e9pannage et remorquage<br \/>&#8211; Retour et accompagnement des enfants<br \/>&#8211; Assistance en cas de crevaison<br \/>&#8211; Assistance en cas de perte des cl\u00e9s du cadenas ou cadenas bloqu\u00e9<br \/>&#8211; Assistance a l\u2019Assur\u00e9 au cours d\u2019un d\u00e9placement<\/p>\n<p>[\/et_pb_accordion_item][et_pb_accordion_item title=&#8221;Comment cela fonctionne-t-il ?&#8221; _builder_version=&#8221;4.14.5&#8243; _module_preset=&#8221;default&#8221; hover_enabled=&#8221;0&#8243; global_colors_info=&#8221;{}&#8221; open=&#8221;off&#8221; sticky_enabled=&#8221;0&#8243;]<\/p>\n<ul>\n<li>D\u00e8s que votre v\u00e9lo est en cours de livraison votre assurance sera activ\u00e9e. Vous recevrez alors un mail de confirmation avec vos conditions particuli\u00e8res, conditions g\u00e9n\u00e9rales ainsi que le formulaire de r\u00e9tractation.<\/li>\n<li>En cas de vol ou de perte totale :<br \/>Contactez-nous ici <a href=\"https:\/\/claims.qover.com\" target=\"_blank\" rel=\"noopener\">claims.qover.com<\/a> pour d\u00e9clarer un sinistre.<br \/>Vous obtenez une indemnisation par virement bancaire qui correspond \u00e0 la valeur assur\u00e9e moins la franchise ou d\u00e9pr\u00e9ciation.<\/li>\n<li>Si votre v\u00e9lo a besoin d\u2019\u00eatre r\u00e9par\u00e9:<br \/>Contactez-nous ici <a href=\"https:\/\/claims.qover.com\" target=\"_blank\" rel=\"noopener\">claims.qover.com<\/a> pour d\u00e9clarer un sinistre.<br \/>Vous \u00eates indemnis\u00e9 pour les r\u00e9parations. Pour cela, soit nous vous envoyons quelqu\u2019un pour effectuer les r\u00e9parations ou il faudra vous rendre dans un atelier de r\u00e9paration si jamais les dommages sont trop importants.<br \/>S\u2019il n&#8217;est pas possible de r\u00e9parer votre v\u00e9lo, vous recevrez une indemnisation par virement bancaire correspondant \u00e0 la valeur assur\u00e9e d\u00e9duction faite de toute franchise et d\u00e9pr\u00e9ciation.<\/li>\n<\/ul>\n<p>[\/et_pb_accordion_item][et_pb_accordion_item title=&#8221;A combien s\u2019\u00e9l\u00e8ve votre franchise ?&#8221; _builder_version=&#8221;4.10.8&#8243; _module_preset=&#8221;default&#8221; global_colors_info=&#8221;{}&#8221; open=&#8221;off&#8221;]<\/p>\n<ul>\n<li>En cas de vol\u00a0et perte totale :<br \/>Votre franchise s\u2019\u00e9l\u00e8ve \u00e0 10% de la valeur totale assur\u00e9e, avec un minimum de 50 \u20ac et maximum 200 \u20ac par sinistre.<\/li>\n<li>En cas de dommages mat\u00e9riels r\u00e9parable :<br \/>Vous avez une franchise anglaise de 10% de la valeur totale assur\u00e9e, avec un minimum de 50 \u20ac et maximum 200 \u20ac par sinistre, ce qui veut dire que si le montant de vos dommages d\u00e9passe la franchise nous vous paierons \u00e0 partir du 1er euro.<\/li>\n<\/ul>\n<p>[\/et_pb_accordion_item][et_pb_accordion_item title=&#8221;Dans certaines circonstances, vous ne serez pas couvert par l\u2019assurance. Qu\u2019elles sont-elles ?&#8221; _builder_version=&#8221;4.14.5&#8243; _module_preset=&#8221;default&#8221; hover_enabled=&#8221;0&#8243; global_colors_info=&#8221;{}&#8221; open=&#8221;off&#8221; sticky_enabled=&#8221;0&#8243;]<\/p>\n<ul>\n<li>Si le vol du v\u00e9lo se produit lorsque le v\u00e9lo n&#8217;est pas verrouill\u00e9 par l\u2019antivol cadre ou par l\u2019application fourni par le fabricant (si applicable).<\/li>\n<li>Si le v\u00e9lo se trouvait dans un endroit accessible au public et que celui-ci n\u2019\u00e9tait pas attach\u00e9 \u00e0 un point fixe par le cadre avec un antivol agr\u00e9\u00e9 et pas verrouill\u00e9 conform\u00e9ment aux dispositions pr\u00e9vues par le fabricant, tel que l\u2019antivol de cadre ou verrouillage par le biais d\u2019une application (si applicable).<\/li>\n<li>Si le v\u00e9lo se trouvait dans un local commun ferm\u00e9 \u00e0 clef et que celui-ci n\u2019\u00e9tait pas attach\u00e9 \u00e0 un point fixe par le cadre avec un antivol agr\u00e9\u00e9 et pas verrouill\u00e9 conform\u00e9ment aux dispositions pr\u00e9vues par le fabricant, tel que l\u2019antivol de cadre ou verrouillage par le biais d\u2019une application (si applicable).<\/li>\n<li>Les roues, les pneus ou la batterie s\u2019ils sont vol\u00e9s s\u00e9par\u00e9ment du v\u00e9lo.<\/li>\n<li>Si vous causez des dommages \u00e0 un tiers en conduisant votre v\u00e9lo, l\u2019assurance ne couvre pas votre responsabilit\u00e9 civile.<\/li>\n<li>Les dommages purement esth\u00e9tiques (par ex. griffes ou bosses).<\/li>\n<li>Les dommages r\u00e9sultant d&#8217;un abus de confiance ou d&#8217;une fraude.<\/li>\n<li>Les accessoires portables li\u00e9s au v\u00e9lo (par exemple les compteurs de v\u00e9lo et\/ou les \u00e9quipements de navigation) pouvant \u00eatre facilement retir\u00e9s sans l\u2019aide de tournevis ou d\u2019autres outils ordinaires, sont exclus de la couverture en cas de vol.<\/li>\n<\/ul>\n<p>[\/et_pb_accordion_item][et_pb_accordion_item title=&#8221;Y a-t-il d&#8217;autres r\u00e8gles \u00e0 suivre ?&#8221; _builder_version=&#8221;4.14.5&#8243; _module_preset=&#8221;default&#8221; hover_enabled=&#8221;0&#8243; global_colors_info=&#8221;{}&#8221; open=&#8221;off&#8221; sticky_enabled=&#8221;0&#8243;]<\/p>\n<ul>\n<li>Vous ne serez pas assur\u00e9 si vous apportez des modifications techniques au v\u00e9lo.<\/li>\n<li>Tous les accessoires fixes d\u2019origine et les accessoires suppl\u00e9mentaires qui ont \u00e9t\u00e9 sp\u00e9cifiquement inclus dans la limite assur\u00e9e sont couverts pour le prix d\u2019achat initial (moins la franchise et la d\u00e9pr\u00e9ciation applicable, si applicable) pour autant qu\u2019ils soient fermement install\u00e9s sur le v\u00e9lo.<\/li>\n<\/ul>\n<p>[\/et_pb_accordion_item][et_pb_accordion_item title=&#8221;O\u00f9 suis-je couvert ?&#8221; _builder_version=&#8221;4.10.8&#8243; _module_preset=&#8221;default&#8221; global_colors_info=&#8221;{}&#8221; open=&#8221;off&#8221;]<\/p>\n<ul>\n<li>Les garanties vol et dommages mat\u00e9riels sont valables dans les pays de l&#8217;Union europ\u00e9enne, en Grande-Bretagne, les principaut\u00e9s d&#8217;Andorre et de Monaco, le Vatican, l&#8217;Islande, la Croatie, le Liechtenstein, la Norv\u00e8ge, Saint-Marin et la Suisse.<\/li>\n<li>La garantie assistance est valable en Belgique et 20 km en autour des fronti\u00e8res de la Belgique.<\/li>\n<\/ul>\n<p>[\/et_pb_accordion_item][et_pb_accordion_item title=&#8221;Quelles sont mes obligations ?&#8221; _builder_version=&#8221;4.14.5&#8243; _module_preset=&#8221;default&#8221; hover_enabled=&#8221;0&#8243; global_colors_info=&#8221;{}&#8221; open=&#8221;off&#8221; sticky_enabled=&#8221;0&#8243;]<\/p>\n<ul>\n<li>En cas de vol, vous devez faire une d\u00e9claration \u00e0 la police ou aux autorit\u00e9s judiciaires end\u00e9ans les 48 heures.<\/li>\n<li>Vous devez nous soumettre une copie du rapport de police au moment du sinistre.<\/li>\n<li>Vous devez notifier le sinistre le plus rapidement possible apr\u00e8s l&#8217;incident et dans les 8 jours suivant le moment o\u00f9 vous en avez pris connaissance.<\/li>\n<li>Vous devez garder la facture originale de votre v\u00e9lo.<\/li>\n<li>Vous devez verrouiller votre v\u00e9lo de deux fa\u00e7ons\u00a0:<br \/>Avec l\u2019antivol de cadre et \/ ou via l\u2019application pr\u00e9vue sur le v\u00e9lo utilis\u00e9 selon les instructions du fabricant (si applicable) .<br \/>&#8211; Vous devez attacher votre v\u00e9lo par le cadre \u00e0 un point fixe (par exemple: porte v\u00e9lo, poteau) \u00e0 l&#8217;aide d&#8217;un cadenas agr\u00e9\u00e9 de type [AXA Hiplok, Kryptonite, Linka (ayant une cha\u00eene), Master Lock, texlok ou Trelock] agr\u00e9\u00e9 VdS de classe A+ ou B+, ABUS (S\u00e9curit\u00e9 10 ou plus), ART (cat\u00e9gorie 2 ou plus), FUB (cat\u00e9gorie 2 roues ou plus), Sold Secure Silver (ou Gold), cadenas Onguard ou SRA.<\/li>\n<\/ul>\n<p>[\/et_pb_accordion_item][et_pb_accordion_item title=&#8221;Puis-je r\u00e9silier mon contrat ?&#8221; _builder_version=&#8221;4.10.8&#8243; _module_preset=&#8221;default&#8221; global_colors_info=&#8221;{}&#8221; open=&#8221;off&#8221;]<\/p>\n<ul>\n<li>Vous pouvez r\u00e9silier le contrat d&#8217;assurance dans les 14 civils suivant la souscription du contrat ou la r\u00e9ception de votre contrat d\u2019assurance.<\/li>\n<li>Vous pouvez r\u00e9silier votre assurance \u00e0 chaque \u00e9ch\u00e9ance annuelle, pour cela vous devez informer Qover au moins 3 mois avant la date d&#8217;\u00e9ch\u00e9ance de votre contrat, par lettre recommand\u00e9e, par exploit d&#8217;huissier ou par remise de la lettre de r\u00e9siliation contre re\u00e7u.<\/li>\n<li>Vous pouvez annuler l\u2019assurance si nous modifions le prix de l&#8217;assurance ou les conditions g\u00e9n\u00e9rales.<\/li>\n<li>Vous pouvez \u00e9galement r\u00e9silier le contrat d\u2019assurance apr\u00e8s un sinistre ou apr\u00e8s que l\u2019assureur ait r\u00e9sili\u00e9 un autre contrat que vous avez conclu aupr\u00e8s de lui apr\u00e8s un sinistre. Vous disposez pour cela d\u20191 (un) mois \u00e0 compter du paiement ou du refus de paiement de l\u2019indemnisation. Le contrat d\u2019assurance prendra alors fin 3 mois apr\u00e8s votre notification.<\/li>\n<\/ul>\n<p>[\/et_pb_accordion_item][et_pb_accordion_item title=&#8221;Quand et comment dois-je payer ?&#8221; _builder_version=&#8221;4.14.5&#8243; _module_preset=&#8221;default&#8221; hover_enabled=&#8221;0&#8243; global_colors_info=&#8221;{}&#8221; open=&#8221;off&#8221; sticky_enabled=&#8221;0&#8243;]<\/p>\n<ul>\n<li>Vous payez la prime annuellement.<\/li>\n<li>Votre v\u00e9lo peut \u00eatre assur\u00e9 jusqu&#8217;\u00e0 un maximum de 5 ann\u00e9es cons\u00e9cutives \u00e0 compter de la premi\u00e8re vente.<\/li>\n<li>Votre contrat a une dur\u00e9e d&#8217;un an et est renouvel\u00e9 tacitement chaque ann\u00e9e.<\/li>\n<li>Au bout de cinq ans, nous r\u00e9silierons le contrat. De cette fa\u00e7on, vous ne payez jamais trop longtemps et elle correspond \u00e0 vos besoins.<\/li>\n<\/ul>\n<p>[\/et_pb_accordion_item][et_pb_accordion_item title=&#8221;Comment puis-je d\u00e9clarer un sinistre ?&#8221; _builder_version=&#8221;4.10.8&#8243; _module_preset=&#8221;default&#8221; global_colors_info=&#8221;{}&#8221; open=&#8221;off&#8221;]<\/p>\n<ul>\n<li>Si vous souhaitez signaler un sinistre, vous pouvez contacter Qover via ce formulaire en ligne <a href=\"https:\/\/claims-qover.paperform.co\/\" target=\"_blank\" rel=\"noopener\">claims.qover.com<\/a><\/li>\n<li>Vous pouvez joindre Qover du lundi au vendredi entre 9h et 17h au +33 9 78 46 60 67. Ou par email \u00e0 claims@qover.com<\/li>\n<\/ul>\n<p>[\/et_pb_accordion_item][et_pb_accordion_item title=&#8221;Des questions ? Nous sommes l\u00e0 pour vous aider. &#8221; _builder_version=&#8221;4.10.8&#8243; _module_preset=&#8221;default&#8221; global_colors_info=&#8221;{}&#8221; open=&#8221;off&#8221;]<\/p>\n<ul>\n<li><a href=\"https:\/\/api.sbx.qover.io\/documents\/download?apikey=pk_1FAD97C4105B6A2B86EF&amp;productReference=BIKE&amp;country=BE&amp;language=fr&amp;type=IPID\" target=\"_blank\" rel=\"nofollow noopener\">Document d\u2019information sur le produit d\u2019assurance<\/a><\/li>\n<li><a href=\"https:\/\/api.sbx.qover.io\/documents\/download?apikey=pk_1FAD97C4105B6A2B86EF&amp;productReference=BIKE&amp;country=BE&amp;language=fr&amp;type=generalConditions\" target=\"_blank\" rel=\"nofollow noopener\">Conditions g\u00e9n\u00e9rales<\/a><\/li>\n<li><a href=\"https:\/\/www.qover.com\/terms-and-policies#data\" target=\"_blank\" rel=\"nofollow noopener\">Politique de confidentialit\u00e9 des donn\u00e9es<\/a><\/li>\n<li><a href=\"https:\/\/www.qover.com\/terms-and-policies#complaints\" target=\"_blank\" rel=\"nofollow noopener\">R\u00e9clamations<\/a><\/li>\n<li><a href=\"https:\/\/www.qover.com\/terms-and-policies#conflicts\" target=\"_blank\" rel=\"nofollow noopener\">Conflits d\u2019int\u00e9r\u00eats<\/a><\/li>\n<\/ul>\n<p>[\/et_pb_accordion_item][\/et_pb_accordion][et_pb_cta title=&#8221;Mentions l\u00e9gales&#8221; _builder_version=&#8221;4.10.8&#8243; _module_preset=&#8221;default&#8221; header_level=&#8221;h1&#8243; header_text_align=&#8221;left&#8221; header_text_color=&#8221;#414141&#8243; header_font_size=&#8221;14px&#8221; body_font=&#8221;Poppins|300|||||||&#8221; body_text_color=&#8221;#414141&#8243; body_font_size=&#8221;12px&#8221; body_letter_spacing=&#8221;1px&#8221; text_orientation=&#8221;left&#8221; custom_margin=&#8221;|||-57px|false|false&#8221; global_colors_info=&#8221;{}&#8221;]<\/p>\n<p>Cette page est un r\u00e9sum\u00e9 de la police d\u2019assurance, veuillez consulter les conditions g\u00e9n\u00e9rales pour prendre connaissances de tous les d\u00e9tails de votre couverture.<br \/>L&#8217;assurance est administr\u00e9e par Qover S.A., un agent d&#8217;assurance non li\u00e9 autoris\u00e9 et r\u00e9glement\u00e9 par l&#8217;Autorit\u00e9 des services et march\u00e9s financiers (FSMA &#8211; BELGIQUE &#8211; num\u00e9ro d&#8217;enregistrement 115284A). Si\u00e8ge social : Rue du Commerce 31, 1000 Bruxelles, Belgique.<br \/>Les garanties dommages mat\u00e9riels et vol sont souscrites par Nationale-Nederlanden Schadeverzekering Maatschappij SA, soci\u00e9t\u00e9 de droit n\u00e9erlandais, habilit\u00e9e \u00e0 assurer les risques belges, entreprise d\u2019assurances inscrite sous le num\u00e9ro de code 2925. Si\u00e8ge social : Prinses Beatrixlaan 35, 2595 AK \u2018S-Gravenhage, Pays-Bas &#8211; Num\u00e9ro de registre de commerce DNB 27023707, sous le contr\u00f4le de la Nederlandsche Bank. Nationale-Nederlanden Schadeverzekering Maatschappij SA est autoris\u00e9e \u00e0 fournir des services d&#8217;interm\u00e9diation en assurance en Belgique sur la base de la libert\u00e9 de prestation de services.<br \/>La garantie assistance est souscrite aupr\u00e8s d&#8217;Europ Assistance Sa, Soci\u00e9t\u00e9 anonyme r\u00e9gie par le Code des Assurances, dont le si\u00e8ge social est situ\u00e9 au 1, promenade de la Bonnette, 92230 Gennevilliers, France, immatricul\u00e9e au registre du commerce et des soci\u00e9t\u00e9s de Nanterre sous le num\u00e9ro 451 366 405, agissant par le biais de sa succursale irlandaise EUROP ASSISTANCE SA IRISH BRANCH dont le principal \u00e9tablissement est situ\u00e9 au 4\u00e8me \u00e9tage 4-8, Eden Quay, Dublin 1, Irlande, D01 N5W8 et enregistr\u00e9e aupr\u00e8s de la Irish Companies Registration Office sous le num\u00e9ro 907089. Europ Assistance S.A. est supervis\u00e9e par l&#8217;Autorit\u00e9 de Contr\u00f4le Prudentiel et de R\u00e9solution (ACPR) sise 4, Place de Budapest CS 92459, 75436Paris France. La succursale irlandaise op\u00e8re conform\u00e9ment au Code de Conduite des Entreprises d&#8217;Assurance (code de d\u00e9ontologie des compagnies d&#8217;assurance) publi\u00e9 par la Banque centrale d&#8217;Irlande, elle est enregistr\u00e9e en R\u00e9publique d&#8217;Irlande sous le num\u00e9ro 907089 et exerce au Grand-Duch\u00e9 de Luxembourg sous le r\u00e9gime de la libert\u00e9 de prestation de service.<br \/>L&#8217;assurance v\u00e9lo est un produit d&#8217;assurance non-vie (branche 3\u00a0pour les garanties vol et Dommages mat\u00e9riels \u2013 Branche 18 pour l\u2019assistance)<br \/>Le pr\u00e9sent contrat est conclu pour une dur\u00e9e d&#8217;un an. Il est renouvel\u00e9 maximum deux fois par tacite reconduction pour des p\u00e9riodes cons\u00e9cutives d&#8217;un an.<br \/>Le contrat d&#8217;assurance est soumis au droit belge et est r\u00e9gis par la loi des assurances du 04 avril 2014<\/p>\n<p>[\/et_pb_cta][\/et_pb_column][\/et_pb_row][\/et_pb_section]<\/p>\n","protected":false},"excerpt":{"rendered":"<p>L&#8217;assurance IWEECH L\u2019ambition de vous offrir une protection maximum.Au-del\u00e0 de l&#8217;antivol IWEECH \u00e0 d\u00e9tection de mouvement inclus dans le prix de votre v\u00e9lo, nous vous proposons la s\u00e9r\u00e9nit\u00e9 absolue avec l&#8217;assurance IWEECH\u00e0 partir de 140 \u20ac \/ an* Hotline d\u00e9di\u00e9e Couverture contre le dommage et le vol R\u00e9paration du v\u00e9lo ou indemnisation Couverture dommage accidentals [&hellip;]<\/p>\n","protected":false},"author":11,"featured_media":0,"parent":0,"menu_order":10,"comment_status":"closed","ping_status":"closed","template":"","meta":{"_et_pb_use_builder":"on","_et_pb_old_content":"","_et_gb_content_width":"","footnotes":""},"class_list":["post-2380","page","type-page","status-publish","hentry"],"acf":[],"_links":{"self":[{"href":"https:\/\/www.iweech.com\/en\/wp-json\/wp\/v2\/pages\/2380","targetHints":{"allow":["GET"]}}],"collection":[{"href":"https:\/\/www.iweech.com\/en\/wp-json\/wp\/v2\/pages"}],"about":[{"href":"https:\/\/www.iweech.com\/en\/wp-json\/wp\/v2\/types\/page"}],"author":[{"embeddable":true,"href":"https:\/\/www.iweech.com\/en\/wp-json\/wp\/v2\/users\/11"}],"replies":[{"embeddable":true,"href":"https:\/\/www.iweech.com\/en\/wp-json\/wp\/v2\/comments?post=2380"}],"version-history":[{"count":0,"href":"https:\/\/www.iweech.com\/en\/wp-json\/wp\/v2\/pages\/2380\/revisions"}],"wp:attachment":[{"href":"https:\/\/www.iweech.com\/en\/wp-json\/wp\/v2\/media?parent=2380"}],"curies":[{"name":"wp","href":"https:\/\/api.w.org\/{rel}","templated":true}]}}