{"id":3896,"date":"2021-12-16T12:28:44","date_gmt":"2021-12-16T11:28:44","guid":{"rendered":"https:\/\/iweech.staging-allforweb.fr\/?page_id=3896"},"modified":"2022-09-19T09:28:26","modified_gmt":"2022-09-19T08:28:26","slug":"conditions-generales-de-reservation","status":"publish","type":"page","link":"https:\/\/www.iweech.com\/en\/conditions-generales-de-reservation\/","title":{"rendered":"Conditions g\u00e9n\u00e9rales de r\u00e9servation"},"content":{"rendered":"<p>[et_pb_section fb_built=&#8221;1&#8243; admin_label=&#8221;Section&#8221; _builder_version=&#8221;4.10.8&#8243; _module_preset=&#8221;default&#8221; da_disable_devices=&#8221;off|off|off&#8221; global_colors_info=&#8221;{}&#8221; da_is_popup=&#8221;off&#8221; da_exit_intent=&#8221;off&#8221; da_has_close=&#8221;on&#8221; da_alt_close=&#8221;off&#8221; da_dark_close=&#8221;off&#8221; da_not_modal=&#8221;on&#8221; da_is_singular=&#8221;off&#8221; da_with_loader=&#8221;off&#8221; da_has_shadow=&#8221;on&#8221;][et_pb_row column_structure=&#8221;1_3,2_3&#8243; _builder_version=&#8221;4.10.8&#8243; _module_preset=&#8221;default&#8221; global_colors_info=&#8221;{}&#8221;][et_pb_column type=&#8221;1_3&#8243; _builder_version=&#8221;4.10.8&#8243; _module_preset=&#8221;default&#8221; global_colors_info=&#8221;{}&#8221;][et_pb_text admin_label=&#8221;Text&#8221; _builder_version=&#8221;4.14.5&#8243; _module_preset=&#8221;default&#8221; text_font=&#8221;Poppins|300|||||||&#8221; text_font_size=&#8221;18px&#8221; text_line_height=&#8221;2em&#8221; header_font_size=&#8221;20px&#8221; border_width_right=&#8221;2px&#8221; border_color_right=&#8221;#bcbcbc&#8221; saved_tabs=&#8221;all&#8221; global_colors_info=&#8221;{}&#8221; global_module=&#8221;12881&#8243; theme_builder_area=&#8221;post_content&#8221;]<\/p>\n<h1>CONDITIONS<\/h1>\n<p><a href=\"https:\/\/www.iweech.com\/conditions-d-utilisation-d-iweech-bike\/\">Conditions d&#8217;utilisation de nos v\u00e9los<\/a><br \/><a href=\"https:\/\/www.iweech.com\/conditions-d-utilisation-du-site-web-iweech\/\">Conditions d&#8217;utilisation du site IWEECH<\/a><br \/><a href=\"https:\/\/www.iweech.com\/iweech-application-mobile-conditions-d-utilisation\/\">Conditions d&#8217;utilisation de l&#8217;app IWEECH<\/a><br \/><a href=\"https:\/\/www.iweech.com\/conditions-generales-de-reservation\/\">Conditions g\u00e9n\u00e9rales de r\u00e9servation<\/a><br \/><a href=\"https:\/\/www.iweech.com\/declaration-de-confidentialite\/\">D\u00e9claration de confidentialit\u00e9<\/a><\/p>\n<p>[\/et_pb_text][\/et_pb_column][et_pb_column type=&#8221;2_3&#8243; _builder_version=&#8221;4.10.8&#8243; _module_preset=&#8221;default&#8221; global_colors_info=&#8221;{}&#8221;][et_pb_text _builder_version=&#8221;4.10.8&#8243; _module_preset=&#8221;default&#8221; text_font=&#8221;Poppins|300|||||||&#8221; text_font_size=&#8221;16px&#8221; header_2_font=&#8221;|700|||||||&#8221; header_2_font_size=&#8221;20px&#8221; global_colors_info=&#8221;{}&#8221;]<\/p>\n<h2>Conditions g\u00e9n\u00e9rales de r\u00e9servation iweech<\/h2>\n<p>Merci d&#8217;avoir r\u00e9serv\u00e9 un v\u00e9lo \u00e9lectrique iweech. Vous \u00eates sur le point d\u2019\u00eatre le propri\u00e9taire du v\u00e9lo \u00e9lectrique le plus intelligent au monde.<\/p>\n<p>Les conditions de r\u00e9servation s&#8217;appliquent comme suit :<\/p>\n<p>Merci pour votre r\u00e9servation, vous apparaissez maintenant sur notre liste d&#8217;attente.<\/p>\n<p>Votre place sur la liste d&#8217;attente est garantie d\u00e8s que la r\u00e9servation de votre v\u00e9lo est faite et que le versement de l&#8217;acompte requis pour r\u00e9server votre v\u00e9lo a \u00e9t\u00e9 effectu\u00e9. Toutes les informations n\u00e9cessaires sont disponibles sur notre site Web www.iweech.com.<\/p>\n<p>En aucun cas, votre r\u00e9servation, votre rang dans la liste d&#8217;attente ou le paiement de votre compte ne constitue un contrat entre vous et iweech. En particulier, aucun contrat de vente relatif \u00e0 un v\u00e9lo iweech ne peut commencer avant la date convenue. En particulier, aucun contrat de vente de produit n&#8217;a \u00e9t\u00e9 conclu avant la date convenue.<\/p>\n<p>Jusqu&#8217;\u00e0 la vente finale entre vous et iweech:<br \/>-Vous avez le droit d&#8217;annuler votre r\u00e9servation \u00e0 tout moment en contactant contact@iweech.com. Dans ce cas, iweech remboursera la totalit\u00e9 du montant pay\u00e9 pour le<br \/>d\u00e9p\u00f4t dans les 14 jours ouvrables.<br \/>-iweech n&#8217;est en aucun cas oblig\u00e9 de vous vendre un v\u00e9lo. iweech n&#8217;a pas d&#8217;autre<br \/>obligation que celles mentionn\u00e9es dans les pr\u00e9sentes conditions de r\u00e9servation.<\/p>\n<p>En supposant que vous n&#8217;annuliez pas la r\u00e9servation de votre v\u00e9lo avant que le v\u00e9lo r\u00e9serv\u00e9 ne soit disponible, iweech vous enverra un contrat de vente relatif \u00e0 ce v\u00e9lo. D\u00e8s que vous signerez ce contrat, vos frais de r\u00e9servation seront d\u00e9duits du prix final.<\/p>\n<p>En aucun cas, iweech ne devra payer d\u2019int\u00e9r\u00eats sur les frais de r\u00e9servation. Vos commandes et vos d\u00e9p\u00f4ts sont personnels et ne peuvent \u00eatre c\u00e9d\u00e9s \u00e0 des tiers sans le consentement \u00e9crit pr\u00e9alable de iweech.<\/p>\n<p>Les conditions g\u00e9n\u00e9rales de ce contrat de r\u00e9servation sont r\u00e9gies par le droit fran\u00e7ais<\/p>\n<p>[\/et_pb_text][\/et_pb_column][\/et_pb_row][\/et_pb_section]<\/p>\n","protected":false},"excerpt":{"rendered":"<p>CONDITIONS Conditions d&#8217;utilisation de nos v\u00e9losConditions d&#8217;utilisation du site IWEECHConditions d&#8217;utilisation de l&#8217;app IWEECHConditions g\u00e9n\u00e9rales de r\u00e9servationD\u00e9claration de confidentialit\u00e9Conditions g\u00e9n\u00e9rales de r\u00e9servation iweech Merci d&#8217;avoir r\u00e9serv\u00e9 un v\u00e9lo \u00e9lectrique iweech. Vous \u00eates sur le point d\u2019\u00eatre le propri\u00e9taire du v\u00e9lo \u00e9lectrique le plus intelligent au monde. Les conditions de r\u00e9servation s&#8217;appliquent comme suit : Merci [&hellip;]<\/p>\n","protected":false},"author":11,"featured_media":0,"parent":0,"menu_order":53,"comment_status":"closed","ping_status":"closed","template":"","meta":{"_et_pb_use_builder":"on","_et_pb_old_content":"","_et_gb_content_width":"","footnotes":""},"class_list":["post-3896","page","type-page","status-publish","hentry"],"acf":[],"_links":{"self":[{"href":"https:\/\/www.iweech.com\/en\/wp-json\/wp\/v2\/pages\/3896","targetHints":{"allow":["GET"]}}],"collection":[{"href":"https:\/\/www.iweech.com\/en\/wp-json\/wp\/v2\/pages"}],"about":[{"href":"https:\/\/www.iweech.com\/en\/wp-json\/wp\/v2\/types\/page"}],"author":[{"embeddable":true,"href":"https:\/\/www.iweech.com\/en\/wp-json\/wp\/v2\/users\/11"}],"replies":[{"embeddable":true,"href":"https:\/\/www.iweech.com\/en\/wp-json\/wp\/v2\/comments?post=3896"}],"version-history":[{"count":0,"href":"https:\/\/www.iweech.com\/en\/wp-json\/wp\/v2\/pages\/3896\/revisions"}],"wp:attachment":[{"href":"https:\/\/www.iweech.com\/en\/wp-json\/wp\/v2\/media?parent=3896"}],"curies":[{"name":"wp","href":"https:\/\/api.w.org\/{rel}","templated":true}]}}