{"id":15797,"date":"2023-08-29T16:42:15","date_gmt":"2023-08-29T15:42:15","guid":{"rendered":"https:\/\/www.iweech.com\/?post_type=product&#038;p=15797"},"modified":"2023-09-25T09:20:13","modified_gmt":"2023-09-25T08:20:13","slug":"iweech-24-s-noir-reconditionne","status":"publish","type":"product","link":"https:\/\/www.iweech.com\/en\/p\/iweech-24-s-noir-reconditionne\/","title":{"rendered":"IWEECH 24&#8243; S noir reconditionn\u00e9"},"content":{"rendered":"<p>Avec RE-WEECH, redonner vie \u00e0 un v\u00e9lo qui a d\u00e9j\u00e0 roul\u00e9.<br \/>\nNos v\u00e9los reconditionn\u00e9s ont \u00e9t\u00e9 r\u00e9vis\u00e9s dans nos ateliers.<\/p>\n<p>Le v\u00e9lo pr\u00e9sent\u00e9 en photo est en tr\u00e8s bon \u00e9tat. Il a roul\u00e9 260km et a un \u00e9tat batterie presque parfait de 99% (c&#8217;est-\u00e0-dire que la batterie peut d\u00e9livrer 99% de son potentiel neuf). En revanche, il a une griffure sur la patte arri\u00e8re droite du cadre (cf. photo).<\/p>\n<p><em>Tr\u00e8s bon \u00e9tat :<\/em><br \/>\n&#8211; le v\u00e9lo fonctionne parfaitement<br \/>\n&#8211; le v\u00e9lo pr\u00e9sente des rayures et poc moyennement visibles<br \/>\n&#8211; la batterie est parfaitement fonctionnelle et peu us\u00e9e<\/p>\n<p><em>Bon \u00e9tat :<\/em><br \/>\n&#8211; le v\u00e9lo fonctionne parfaitement<br \/>\n&#8211; le v\u00e9lo pr\u00e9sente des rayures et poc tr\u00e8s visibles<br \/>\n&#8211; la batterie est parfaitement fonctionnelle mais peut \u00eatre l\u00e9g\u00e8rement moins performante<\/p>\n<p><em>\u00c9tat moyen :<\/em><br \/>\n&#8211; le v\u00e9lo fonctionne parfaitement malgr\u00e9 son usure<br \/>\n&#8211; le v\u00e9lo pr\u00e9sente de multiples traces, rayures et poc<br \/>\n&#8211; la batterie est parfaitement fonctionnelle mais est moins performante<\/p>\n<p><span style=\"color: #414141; font-weight: 700 !important; font-size: 20px !important;\">La garantie IWEECH :<\/span><br \/>\n&#8211; chaque v\u00e9lo reconditionn\u00e9 a \u00e9t\u00e9 r\u00e9vis\u00e9 dans nos ateliers<br \/>\n&#8211; le v\u00e9lo est garantie pendant 6 mois apr\u00e8s l&#8217;achat<\/p>\n","protected":false},"excerpt":{"rendered":"<p>Avec RE-WEECH, redonner vie \u00e0 un v\u00e9lo qui a d\u00e9j\u00e0 roul\u00e9. Nos v\u00e9los reconditionn\u00e9s ont \u00e9t\u00e9 r\u00e9vis\u00e9s dans nos ateliers. Le v\u00e9lo pr\u00e9sent\u00e9 en photo est en tr\u00e8s bon \u00e9tat. Il a roul\u00e9 260km et a un \u00e9tat batterie presque parfait de 99% (c&#8217;est-\u00e0-dire que la batterie peut d\u00e9livrer 99% de son potentiel neuf). En [&hellip;]<\/p>\n","protected":false},"featured_media":15805,"template":"","meta":{"_et_pb_use_builder":"","_et_pb_old_content":"","_et_gb_content_width":""},"product_cat":[234],"product_tag":[],"class_list":["post-15797","product","type-product","status-publish","has-post-thumbnail","hentry","product_cat-velo-electrique-iweech-reconditionne","product_shipping_class-velos","rtwpvs-product"],"acf":[],"_links":{"self":[{"href":"https:\/\/www.iweech.com\/en\/wp-json\/wp\/v2\/product\/15797","targetHints":{"allow":["GET"]}}],"collection":[{"href":"https:\/\/www.iweech.com\/en\/wp-json\/wp\/v2\/product"}],"about":[{"href":"https:\/\/www.iweech.com\/en\/wp-json\/wp\/v2\/types\/product"}],"wp:featuredmedia":[{"embeddable":true,"href":"https:\/\/www.iweech.com\/en\/wp-json\/wp\/v2\/media\/15805"}],"wp:attachment":[{"href":"https:\/\/www.iweech.com\/en\/wp-json\/wp\/v2\/media?parent=15797"}],"wp:term":[{"taxonomy":"product_cat","embeddable":true,"href":"https:\/\/www.iweech.com\/en\/wp-json\/wp\/v2\/product_cat?post=15797"},{"taxonomy":"product_tag","embeddable":true,"href":"https:\/\/www.iweech.com\/en\/wp-json\/wp\/v2\/product_tag?post=15797"}],"curies":[{"name":"wp","href":"https:\/\/api.w.org\/{rel}","templated":true}]}}