{"id":3459,"date":"2021-12-15T16:29:00","date_gmt":"2021-12-15T15:29:00","guid":{"rendered":"https:\/\/iweech.staging-allforweb.fr\/?page_id=3459"},"modified":"2023-12-19T17:02:00","modified_gmt":"2023-12-19T16:02:00","slug":"faq-mise-en-route","status":"publish","type":"page","link":"https:\/\/www.iweech.com\/nl\/faq-mise-en-route\/","title":{"rendered":"FAQ mise en route"},"content":{"rendered":"<p>[et_pb_section fb_built=&#8221;1&#8243; admin_label=&#8221;Section&#8221; _builder_version=&#8221;4.16&#8243; _module_preset=&#8221;default&#8221; da_disable_devices=&#8221;off|off|off&#8221; global_colors_info=&#8221;{}&#8221; da_is_popup=&#8221;off&#8221; da_exit_intent=&#8221;off&#8221; da_has_close=&#8221;on&#8221; da_alt_close=&#8221;off&#8221; da_dark_close=&#8221;off&#8221; da_not_modal=&#8221;on&#8221; da_is_singular=&#8221;off&#8221; da_with_loader=&#8221;off&#8221; da_has_shadow=&#8221;on&#8221;][et_pb_row column_structure=&#8221;1_3,2_3&#8243; _builder_version=&#8221;4.16&#8243; _module_preset=&#8221;default&#8221; global_colors_info=&#8221;{}&#8221;][et_pb_column type=&#8221;1_3&#8243; _builder_version=&#8221;4.16&#8243; _module_preset=&#8221;default&#8221; global_colors_info=&#8221;{}&#8221;][et_pb_text admin_label=&#8221;Text&#8221; _builder_version=&#8221;4.14.5&#8243; _module_preset=&#8221;default&#8221; text_font=&#8221;Poppins|300|||||||&#8221; text_font_size=&#8221;16px&#8221; text_line_height=&#8221;1.5em&#8221; header_font_size=&#8221;20px&#8221; border_color_right=&#8221;#0C71C3&#8243; global_module=&#8221;3456&#8243; saved_tabs=&#8221;all&#8221; global_colors_info=&#8221;{}&#8221;]<\/p>\n<h1>QUESTIONS PR\u00c9QUENTES<\/h1>\n<p><a href=\"\/faq-velo\/\">V\u00e9lo<\/a><br \/>\n<a href=\"\/faq-mise-en-route\/\">Mise en route<\/a><br \/>\n<a href=\"\/faq-smart-control\/\">Smart Control et intelligence artificielle<\/a><br \/>\n<a href=\"\/faq-autonomie\/\">Batterie et autonomie<\/a><br \/>\n<a href=\"\/faq-app-mobile\/\">App mobile<\/a><br \/>\n<a href=\"\/faq-antivol\/\">Antivol<\/a><br \/>\n<a href=\"\/faq-maintenance-sav\/\">Maintenance et SAV<\/a><br \/>\n<a href=\"\/faq-garantie\/\">Garantie<\/a><\/p>\n<p>[\/et_pb_text][\/et_pb_column][et_pb_column type=&#8221;2_3&#8243; _builder_version=&#8221;4.16&#8243; _module_preset=&#8221;default&#8221; global_colors_info=&#8221;{}&#8221;][et_pb_text _builder_version=&#8221;4.16&#8243; _module_preset=&#8221;default&#8221; header_2_font=&#8221;|700|||||||&#8221; header_2_font_size=&#8221;20px&#8221; global_colors_info=&#8221;{}&#8221;]<\/p>\n<h2>Mise en route<\/h2>\n<p>[\/et_pb_text][et_pb_accordion open_toggle_background_color=&#8221;#FFFFFF&#8221; closed_toggle_background_color=&#8221;#FFFFFF&#8221; icon_color=&#8221;#0222f5&#8243; _builder_version=&#8221;4.23.1&#8243; _module_preset=&#8221;default&#8221; toggle_level=&#8221;h2&#8243; toggle_font=&#8221;Poppins||||||||&#8221; toggle_font_size=&#8221;16px&#8221; toggle_line_height=&#8221;1.2em&#8221; closed_toggle_font=&#8221;|300|||||||&#8221; closed_toggle_line_height=&#8221;1.2em&#8221; body_font=&#8221;|300|||||||&#8221; body_text_color=&#8221;#414141&#8243; body_font_size=&#8221;16px&#8221; text_orientation=&#8221;left&#8221; custom_margin=&#8221;0px||||false|false&#8221; custom_padding=&#8221;4px||0px||false|false&#8221; hover_enabled=&#8221;0&#8243; rank_math_faq_schema=&#8221;on&#8221; border_width_all=&#8221;0px&#8221; border_width_top=&#8221;0px&#8221; border_width_right=&#8221;0px&#8221; border_width_bottom=&#8221;0px&#8221; border_width_left=&#8221;2px&#8221; border_color_left=&#8221;#bcbcbc&#8221; global_colors_info=&#8221;{}&#8221; sticky_enabled=&#8221;0&#8243;][et_pb_accordion_item title=&#8221;Comment mon v\u00e9lo IWEECH est-il livr\u00e9 ?&#8221; open=&#8221;on&#8221; _builder_version=&#8221;4.23.1&#8243; _module_preset=&#8221;default&#8221; global_colors_info=&#8221;{}&#8221;]<\/p>\n<p>Les v\u00e9los IWEECH sont soigneusement emball\u00e9s en toute s\u00e9curit\u00e9 dans leur bo\u00eete. Pour pr\u00e9parer votre IWEECH, ouvrez simplement la bo\u00eete et sortez le v\u00e9lo. Si le guidon est \u00e9quip\u00e9 d&#8217;une potence rotative (en option), appuyez sur le bouton pour aligner le guidon. En revanche, si le guidon dispose d&#8217;une potence fixe, il est n\u00e9cessaire de resserrer les vis d\u00e9di\u00e9es pour fixer le guidon apr\u00e8s l&#8217;avoir mis correctement en position de conduite. Ensuite, allumez votre v\u00e9lo en appuyant sur le smart bouton. Comme les v\u00e9los sont livr\u00e9s avec une charge pr\u00e9alable, vous pouvez commencer \u00e0 rouler.<\/p>\n<p>[\/et_pb_accordion_item][et_pb_accordion_item title=&#8221;Quand mon v\u00e9lo IWEECH sera-t-il livr\u00e9 ?&#8221; _builder_version=&#8221;4.16&#8243; _module_preset=&#8221;default&#8221; global_colors_info=&#8221;{}&#8221; open=&#8221;off&#8221;]<\/p>\n<p>Votre v\u00e9lo sera livr\u00e9 sous 8 \u00e0 15 jours ouvr\u00e9s maximum sauf mention sp\u00e9cifique temporaire sur le site. La plupart du temps, vous serez livr\u00e9 sous 48h ouvr\u00e9es. Notre partenaire de livraison vous contactera pour fixer une date de livraison qui vous convienne.<\/p>\n<p>[\/et_pb_accordion_item][et_pb_accordion_item title=&#8221;Dois-je d\u00e9clarer mon v\u00e9lo IWEECH avant utilisation ?&#8221; _builder_version=&#8221;4.16&#8243; _module_preset=&#8221;default&#8221; global_colors_info=&#8221;{}&#8221; open=&#8221;off&#8221;]<\/p>\n<p>Oui, en utilisant l&#8217;application mobile IWEECH. Il vous suffit de t\u00e9l\u00e9charger l&#8217;application et d&#8217;aller sur \u00abenregistrer un nouvel IWEECH\u00bb pour saisir l&#8217;Identifiant de votre IWEECH.<\/p>\n<p>[\/et_pb_accordion_item][et_pb_accordion_item title=&#8221; Ai-je besoin de l&#8217;application mobile IWEECH pour utiliser mon IWEECH ?&#8221; _builder_version=&#8221;4.16&#8243; _module_preset=&#8221;default&#8221; global_colors_info=&#8221;{}&#8221; open=&#8221;off&#8221;]<\/p>\n<p>\u00c0 l&#8217;exception de l&#8217;inscription, vous n&#8217;avez pas besoin de l&#8217;application pour utiliser votre IWEECH, c&#8217;est notre fiert\u00e9 de pouvoir vous offrir le v\u00e9lo \u00e9lectrique le plus simple d&#8217;acc\u00e8s du march\u00e9. Vous pouvez l\u2019utiliser sans votre t\u00e9l\u00e9phone, en utilisant le tag NFC pour d\u00e9sarmer le verrou et le bouton intelligent pour tout g\u00e9rer. Vous acc\u00e9derez directement aux modes i.ride et free ride. L\u2019utilisation de votre application mobile vous permettra d&#8217;acc\u00e9der \u00e0 des fonctionnalit\u00e9s plus avanc\u00e9es de votre IWEECH.<\/p>\n<p>[\/et_pb_accordion_item][et_pb_accordion_item title=&#8221;Comment mon IWEECH s&#8217;allume et s&#8217;\u00e9teint ?&#8221; _builder_version=&#8221;4.16&#8243; _module_preset=&#8221;default&#8221; global_colors_info=&#8221;{}&#8221; open=&#8221;off&#8221;]<\/p>\n<p>S&#8217;il est d\u00e9verrouill\u00e9 et en mode veille, il suffit de le d\u00e9placer et IWEECH passera automatiquement en mode \u00abON\u00bb. Il ne vous restera plus qu&#8217;\u00e0 p\u00e9daler et IWEECH s&#8217;occupera de tout. \u00c0 l&#8217;arr\u00eat, le v\u00e9lo passe automatiquement en mode veille apr\u00e8s 2 minutes d&#8217;inactivit\u00e9. Avertissement: l&#8217;alarme ne sera pas activ\u00e9e automatiquement. Le v\u00e9lo ne sera verrouill\u00e9 que si vous utilisez votre cl\u00e9 NFC ou la fonction cadenas dans l\u2019application mobile IWEECH. Si le v\u00e9lo est en mode stockage, vous devrez appuyer sur le bouton intelligent pour r\u00e9veiller votre IWEECH.<\/p>\n<p>[\/et_pb_accordion_item][et_pb_accordion_item title=&#8221;Comment fonctionne la potence rotative (en option) ?&#8221; _builder_version=&#8221;4.23.1&#8243; _module_preset=&#8221;default&#8221; hover_enabled=&#8221;0&#8243; global_colors_info=&#8221;{}&#8221; open=&#8221;off&#8221; sticky_enabled=&#8221;0&#8243;]<\/p>\n<p>Pour utiliser la potence rotative exclusive IWEECH, il vous suffit d&#8217;appuyer sur le bouton sur le c\u00f4t\u00e9 et en un seul clic de la faire pivoter. Pi\u00e8ce embl\u00e9matique de la marque, toutes les potences IWEECH sont bleues. Lors des premi\u00e8res fois, n&#8217;h\u00e9sitez pas appuyer fermement sur le bouton : il peut parfois n\u00e9cessiter d&#8217;\u00eatre &#8220;rod\u00e9&#8221;.<\/p>\n<p>[\/et_pb_accordion_item][et_pb_accordion_item title=&#8221;Comment fonctionnent les phares ?&#8221; _builder_version=&#8221;4.16&#8243; _module_preset=&#8221;default&#8221; global_colors_info=&#8221;{}&#8221; open=&#8221;off&#8221;]<\/p>\n<p>Vous pouvez modifier les param\u00e8tres d&#8217;\u00e9clairage dans l&#8217;application. <br \/>AUTO ON : les lumi\u00e8res s&#8217;allument et s&#8217;\u00e9teignent automatiquement en fonction du niveau d&#8217;obscurit\u00e9<br \/>ON\/OFF : vous devrez les activer ou les d\u00e9sactiver manuellement sur l&#8217;application<\/p>\n<p>[\/et_pb_accordion_item][et_pb_accordion_item title=&#8221;Puis-je partager mon v\u00e9lo avec quelqu&#8217;un d&#8217;autre ?&#8221; _builder_version=&#8221;4.16&#8243; _module_preset=&#8221;default&#8221; global_colors_info=&#8221;{}&#8221; open=&#8221;off&#8221;]<\/p>\n<p>Vous pouvez facilement partager votre v\u00e9lo avec vos amis et votre famille. Demandez-leur simplement de t\u00e9l\u00e9charger l&#8217;application et de se connecter \u00e0 l&#8217;aide de votre compte IWEECH actuel. Un point important \u00e0 garder \u00e0 l&#8217;esprit est qu&#8217;une seule personne peut \u00eatre connect\u00e9e via Bluetooth au v\u00e9lo \u00e0 la fois. Par cons\u00e9quent, assurez-vous toujours de fermer compl\u00e8tement l&#8217;application ou de d\u00e9sactiver le Bluetooth sur le premier appareil pour lib\u00e9rer la connexion et permettre au deuxi\u00e8me t\u00e9l\u00e9phone de se connecter au v\u00e9lo.<\/p>\n<p>[\/et_pb_accordion_item][et_pb_accordion_item title=&#8221;Comment conduire mon IWEECH en toute s\u00e9curit\u00e9 ?&#8221; _builder_version=&#8221;4.16&#8243; _module_preset=&#8221;default&#8221; global_colors_info=&#8221;{}&#8221; open=&#8221;off&#8221;]<\/p>\n<p>N&#8217;oubliez pas que votre v\u00e9lo iweech est diff\u00e9rent d&#8217;un v\u00e9lo conventionnel. Votre v\u00e9lo est \u00e9quip\u00e9 d\u2019un moteur central puissant qui vous demande d\u2019aborder les bordures et les trottoirs avec soin, et cela sp\u00e9cialement dans des conditions humides. Par ailleurs, la rotation de la potence met parfois quelques temps \u00e0 se roder, nous vous invitons \u00e0 v\u00e9rifier qu\u2019elle se verrouille bien en mode \u00ab conduite \u00bb (un petit \u00ab clic \u00bb est audible).<\/p>\n<p>[\/et_pb_accordion_item][\/et_pb_accordion][\/et_pb_column][\/et_pb_row][\/et_pb_section]<\/p>\n","protected":false},"excerpt":{"rendered":"<p>QUESTIONS PR\u00c9QUENTES V\u00e9lo Mise en route Smart Control et intelligence artificielle Batterie et autonomie App mobile Antivol Maintenance et SAV Garantie Mise en routeLes v\u00e9los IWEECH sont soigneusement emball\u00e9s en toute s\u00e9curit\u00e9 dans leur bo\u00eete. Pour pr\u00e9parer votre IWEECH, ouvrez simplement la bo\u00eete et sortez le v\u00e9lo. Si le guidon est \u00e9quip\u00e9 d&#8217;une potence rotative [&hellip;]<\/p>\n","protected":false},"author":11,"featured_media":0,"parent":0,"menu_order":10,"comment_status":"closed","ping_status":"closed","template":"","meta":{"_et_pb_use_builder":"on","_et_pb_old_content":"","_et_gb_content_width":"","footnotes":""},"class_list":["post-3459","page","type-page","status-publish","hentry"],"acf":[],"_links":{"self":[{"href":"https:\/\/www.iweech.com\/nl\/wp-json\/wp\/v2\/pages\/3459","targetHints":{"allow":["GET"]}}],"collection":[{"href":"https:\/\/www.iweech.com\/nl\/wp-json\/wp\/v2\/pages"}],"about":[{"href":"https:\/\/www.iweech.com\/nl\/wp-json\/wp\/v2\/types\/page"}],"author":[{"embeddable":true,"href":"https:\/\/www.iweech.com\/nl\/wp-json\/wp\/v2\/users\/11"}],"replies":[{"embeddable":true,"href":"https:\/\/www.iweech.com\/nl\/wp-json\/wp\/v2\/comments?post=3459"}],"version-history":[{"count":0,"href":"https:\/\/www.iweech.com\/nl\/wp-json\/wp\/v2\/pages\/3459\/revisions"}],"wp:attachment":[{"href":"https:\/\/www.iweech.com\/nl\/wp-json\/wp\/v2\/media?parent=3459"}],"curies":[{"name":"wp","href":"https:\/\/api.w.org\/{rel}","templated":true}]}}