{"id":3524,"date":"2021-12-15T17:05:30","date_gmt":"2021-12-15T16:05:30","guid":{"rendered":"https:\/\/iweech.staging-allforweb.fr\/?page_id=3524"},"modified":"2023-11-13T12:08:54","modified_gmt":"2023-11-13T11:08:54","slug":"faq-garantie","status":"publish","type":"page","link":"https:\/\/www.iweech.com\/nl\/faq-garantie\/","title":{"rendered":"FAQ Garantie"},"content":{"rendered":"<p>[et_pb_section fb_built=&#8221;1&#8243; admin_label=&#8221;Section&#8221; _builder_version=&#8221;4.16&#8243; _module_preset=&#8221;default&#8221; da_disable_devices=&#8221;off|off|off&#8221; global_colors_info=&#8221;{}&#8221; da_is_popup=&#8221;off&#8221; da_exit_intent=&#8221;off&#8221; da_has_close=&#8221;on&#8221; da_alt_close=&#8221;off&#8221; da_dark_close=&#8221;off&#8221; da_not_modal=&#8221;on&#8221; da_is_singular=&#8221;off&#8221; da_with_loader=&#8221;off&#8221; da_has_shadow=&#8221;on&#8221;][et_pb_row column_structure=&#8221;1_3,2_3&#8243; _builder_version=&#8221;4.16&#8243; _module_preset=&#8221;default&#8221; global_colors_info=&#8221;{}&#8221;][et_pb_column type=&#8221;1_3&#8243; _builder_version=&#8221;4.16&#8243; _module_preset=&#8221;default&#8221; global_colors_info=&#8221;{}&#8221;][et_pb_text admin_label=&#8221;Text&#8221; _builder_version=&#8221;4.14.5&#8243; _module_preset=&#8221;default&#8221; text_font=&#8221;Poppins|300|||||||&#8221; text_font_size=&#8221;16px&#8221; text_line_height=&#8221;1.5em&#8221; header_font_size=&#8221;20px&#8221; border_color_right=&#8221;#0C71C3&#8243; global_module=&#8221;3456&#8243; saved_tabs=&#8221;all&#8221; global_colors_info=&#8221;{}&#8221;]<\/p>\n<h1>QUESTIONS PR\u00c9QUENTES<\/h1>\n<p><a href=\"\/faq-velo\/\">V\u00e9lo<\/a><br \/>\n<a href=\"\/faq-mise-en-route\/\">Mise en route<\/a><br \/>\n<a href=\"\/faq-smart-control\/\">Smart Control et intelligence artificielle<\/a><br \/>\n<a href=\"\/faq-autonomie\/\">Batterie et autonomie<\/a><br \/>\n<a href=\"\/faq-app-mobile\/\">App mobile<\/a><br \/>\n<a href=\"\/faq-antivol\/\">Antivol<\/a><br \/>\n<a href=\"\/faq-maintenance-sav\/\">Maintenance et SAV<\/a><br \/>\n<a href=\"\/faq-garantie\/\">Garantie<\/a><\/p>\n<p>[\/et_pb_text][\/et_pb_column][et_pb_column type=&#8221;2_3&#8243; _builder_version=&#8221;4.16&#8243; _module_preset=&#8221;default&#8221; global_colors_info=&#8221;{}&#8221;][et_pb_text _builder_version=&#8221;4.16&#8243; _module_preset=&#8221;default&#8221; header_2_font=&#8221;|700|||||||&#8221; header_2_font_size=&#8221;20px&#8221; global_colors_info=&#8221;{}&#8221;]<\/p>\n<h2>Garantie<\/h2>\n<p>[\/et_pb_text][et_pb_accordion open_toggle_background_color=&#8221;#FFFFFF&#8221; closed_toggle_background_color=&#8221;#FFFFFF&#8221; icon_color=&#8221;#0222f5&#8243; _builder_version=&#8221;4.23.1&#8243; _module_preset=&#8221;default&#8221; toggle_level=&#8221;h2&#8243; toggle_font=&#8221;Poppins||||||||&#8221; toggle_font_size=&#8221;16px&#8221; toggle_line_height=&#8221;1.2em&#8221; closed_toggle_font=&#8221;|300|||||||&#8221; closed_toggle_line_height=&#8221;1.2em&#8221; body_font=&#8221;|300|||||||&#8221; body_text_color=&#8221;#414141&#8243; body_font_size=&#8221;16px&#8221; text_orientation=&#8221;left&#8221; custom_margin=&#8221;0px||||false|false&#8221; custom_padding=&#8221;4px||0px||false|false&#8221; hover_enabled=&#8221;0&#8243; border_width_top=&#8221;0px&#8221; border_width_right=&#8221;0px&#8221; border_width_bottom=&#8221;0px&#8221; border_width_left=&#8221;2px&#8221; border_color_left=&#8221;#bcbcbc&#8221; global_colors_info=&#8221;{}&#8221; rank_math_faq_schema=&#8221;on&#8221; sticky_enabled=&#8221;0&#8243;][et_pb_accordion_item title=&#8221;Offrez-vous une garantie pour mon IWEECH ?&#8221; open=&#8221;on&#8221; _builder_version=&#8221;4.16&#8243; _module_preset=&#8221;default&#8221; global_colors_info=&#8221;{}&#8221;]<\/p>\n<p>Votre IWEECH b\u00e9n\u00e9ficie d\u2019une garantie l\u00e9gale de deux ans \u00e0 compter de la livraison du produit conform\u00e9ment aux conditions d\u00e9finies par la l\u00e9gislation en vigueur. Une garantie commerciale additionnelle de 3 ans (soit 5 ans) est appliqu\u00e9e pour le cadre et la fourche uniquement, sur tous les mod\u00e8les. La garantie couvre tous les composants d\u2019origine contre les d\u00e9fauts de fabrication et de mat\u00e9riaux (par exemple, si les produits ne correspondent pas \u00e0 la description du manuel d\u2019utilisation ou de la publicit\u00e9).\u00a0Les r\u00e9clamations sur ce point doivent \u00eatre adress\u00e9es directement \u00e0 IWEECH. Nous remplacerons ou r\u00e9parerons les articles d\u00e9fectueux tout au long de la p\u00e9riode de garantie. Si le remplacement n&#8217;est pas possible, si le co\u00fbt de la r\u00e9paration est excessif ou s&#8217;il est impossible de livrer dans un d\u00e9lai raisonnable, vous avez le droit de demander une r\u00e9duction de prix ou l&#8217;annulation du contrat de vente. Pendant les six premiers mois de votre garantie, vous n&#8217;avez pas \u00e0 prouver que le d\u00e9faut \u00e9tait pr\u00e9sent lors de l&#8217;achat du produit. La garantie ne couvre pas: les montages ou les installations incorrectes du produit par l&#8217;utilisateur; une mauvaise utilisation, op\u00e9ration ou transformation du produit; un entretien contraire aux instructions d&#8217;entretien (par exemple, oublier l&#8217;entretien des freins) ; l&#8217;usure normale et les d\u00e9fauts inh\u00e9rents \u00e0 la dur\u00e9e de vie normale du produit, tels qu&#8217;une batterie d\u00e9charg\u00e9e qui peut \u00eatre remplac\u00e9e par le consommateur ; les dommages ou d\u00e9fauts dus \u00e0 des accidents. Pour des informations plus d\u00e9taill\u00e9es, consultez notre \u00ab<a href=\"\/garantie-legale\/\">rubrique de garantie<\/a>\u00bb sur le site Web.<\/p>\n<p>[\/et_pb_accordion_item][\/et_pb_accordion][\/et_pb_column][\/et_pb_row][\/et_pb_section]<\/p>\n","protected":false},"excerpt":{"rendered":"<p>QUESTIONS PR\u00c9QUENTES V\u00e9lo Mise en route Smart Control et intelligence artificielle Batterie et autonomie App mobile Antivol Maintenance et SAV Garantie GarantieVotre IWEECH b\u00e9n\u00e9ficie d\u2019une garantie l\u00e9gale de deux ans \u00e0 compter de la livraison du produit conform\u00e9ment aux conditions d\u00e9finies par la l\u00e9gislation en vigueur. Une garantie commerciale additionnelle de 3 ans (soit 5 [&hellip;]<\/p>\n","protected":false},"author":11,"featured_media":0,"parent":0,"menu_order":20,"comment_status":"closed","ping_status":"closed","template":"","meta":{"_et_pb_use_builder":"on","_et_pb_old_content":"","_et_gb_content_width":"","footnotes":""},"class_list":["post-3524","page","type-page","status-publish","hentry"],"acf":[],"_links":{"self":[{"href":"https:\/\/www.iweech.com\/nl\/wp-json\/wp\/v2\/pages\/3524","targetHints":{"allow":["GET"]}}],"collection":[{"href":"https:\/\/www.iweech.com\/nl\/wp-json\/wp\/v2\/pages"}],"about":[{"href":"https:\/\/www.iweech.com\/nl\/wp-json\/wp\/v2\/types\/page"}],"author":[{"embeddable":true,"href":"https:\/\/www.iweech.com\/nl\/wp-json\/wp\/v2\/users\/11"}],"replies":[{"embeddable":true,"href":"https:\/\/www.iweech.com\/nl\/wp-json\/wp\/v2\/comments?post=3524"}],"version-history":[{"count":0,"href":"https:\/\/www.iweech.com\/nl\/wp-json\/wp\/v2\/pages\/3524\/revisions"}],"wp:attachment":[{"href":"https:\/\/www.iweech.com\/nl\/wp-json\/wp\/v2\/media?parent=3524"}],"curies":[{"name":"wp","href":"https:\/\/api.w.org\/{rel}","templated":true}]}}