{"id":3903,"date":"2021-12-16T12:31:17","date_gmt":"2021-12-16T11:31:17","guid":{"rendered":"https:\/\/iweech.staging-allforweb.fr\/?page_id=3903"},"modified":"2023-01-17T16:49:46","modified_gmt":"2023-01-17T15:49:46","slug":"conditions-d-utilisation-d-iweech-bike","status":"publish","type":"page","link":"https:\/\/www.iweech.com\/nl\/conditions-d-utilisation-d-iweech-bike\/","title":{"rendered":"Conditions d&#8217;utilisation d&#8217;iweech bike"},"content":{"rendered":"<p>[et_pb_section fb_built=&#8221;1&#8243; admin_label=&#8221;Section&#8221; _builder_version=&#8221;4.10.8&#8243; _module_preset=&#8221;default&#8221; da_disable_devices=&#8221;off|off|off&#8221; global_colors_info=&#8221;{}&#8221; da_is_popup=&#8221;off&#8221; da_exit_intent=&#8221;off&#8221; da_has_close=&#8221;on&#8221; da_alt_close=&#8221;off&#8221; da_dark_close=&#8221;off&#8221; da_not_modal=&#8221;on&#8221; da_is_singular=&#8221;off&#8221; da_with_loader=&#8221;off&#8221; da_has_shadow=&#8221;on&#8221;][et_pb_row column_structure=&#8221;1_3,2_3&#8243; _builder_version=&#8221;4.10.8&#8243; _module_preset=&#8221;default&#8221; global_colors_info=&#8221;{}&#8221;][et_pb_column type=&#8221;1_3&#8243; _builder_version=&#8221;4.10.8&#8243; _module_preset=&#8221;default&#8221; global_colors_info=&#8221;{}&#8221;][et_pb_text admin_label=&#8221;Text&#8221; _builder_version=&#8221;4.14.5&#8243; _module_preset=&#8221;default&#8221; text_font=&#8221;Poppins|300|||||||&#8221; text_font_size=&#8221;18px&#8221; text_line_height=&#8221;2em&#8221; header_font_size=&#8221;20px&#8221; border_width_right=&#8221;2px&#8221; border_color_right=&#8221;#bcbcbc&#8221; global_module=&#8221;12881&#8243; saved_tabs=&#8221;all&#8221; global_colors_info=&#8221;{}&#8221;]<\/p>\n<h1>CONDITIONS<\/h1>\n<p><a href=\"https:\/\/www.iweech.com\/conditions-generales-de-vente\/\">Conditions g\u00e9n\u00e9rales de vente<\/a><br \/><a href=\"https:\/\/www.iweech.com\/conditions-d-utilisation-d-iweech-bike\/\">Conditions d&#8217;utilisation de nos v\u00e9los<\/a><br \/><a href=\"https:\/\/www.iweech.com\/conditions-d-utilisation-du-site-web-iweech\/\">Conditions d&#8217;utilisation du site IWEECH<\/a><br \/><a href=\"https:\/\/www.iweech.com\/iweech-application-mobile-conditions-d-utilisation\/\">Conditions d&#8217;utilisation de l&#8217;app IWEECH<\/a><br \/><a href=\"https:\/\/www.iweech.com\/conditions-generales-de-reservation\/\">Conditions g\u00e9n\u00e9rales de r\u00e9servation<\/a><br \/><a href=\"https:\/\/www.iweech.com\/declaration-de-confidentialite\/\">D\u00e9claration de confidentialit\u00e9<\/a><\/p>\n<p>[\/et_pb_text][\/et_pb_column][et_pb_column type=&#8221;2_3&#8243; _builder_version=&#8221;4.10.8&#8243; _module_preset=&#8221;default&#8221; global_colors_info=&#8221;{}&#8221;][et_pb_text _builder_version=&#8221;4.14.5&#8243; _module_preset=&#8221;default&#8221; text_font=&#8221;Poppins|300|||||||&#8221; text_font_size=&#8221;16px&#8221; header_2_font=&#8221;|700|||||||&#8221; header_2_font_size=&#8221;20px&#8221; hover_enabled=&#8221;0&#8243; global_colors_info=&#8221;{}&#8221; sticky_enabled=&#8221;0&#8243;]<\/p>\n<h2>Conditions d&#8217;utilisation d&#8217;iweech bike<\/h2>\n<p><strong>PR\u00c9AMBULE<\/strong><br \/>Le nom Iweech est la propri\u00e9t\u00e9 de BELLATRIX SAS, soci\u00e9t\u00e9 par actions simplifi\u00e9e au capital de 210 359\u20ac, dont le si\u00e8ge social est situ\u00e9 22 avenue de St barnab\u00e9 13004 Marseille , inscrite au registre du commerce et des soci\u00e9t\u00e9s de Marseille sous le N \u00b0 812 707 560. Num\u00e9ro de TVA intracommunautaire FR 47812 707 560. e-mail: contact @ iweech.com<\/p>\n<p>iweech ne n\u00e9cessite pas l\u2019utilisation de l\u2019application mobile iweech pour rouler, n\u00e9anmoins le client a besoin d\u2019une application mobile iweech avec acc\u00e8s Internet pour enregistrer son v\u00e9lo et avoir un acc\u00e8s \u00e9largis \u00e0 tous les services fournis par le produit iweech.<br \/>Pour cela, \u00e0 un moment donn\u00e9, le client devra t\u00e9l\u00e9charger l&#8217;application iweech (disponible via l&#8217;App Store et Google Play) et activer son compte personnel iweech.<br \/>Le t\u00e9l\u00e9chargement et l&#8217;utilisation de l&#8217;application iweech est gratuit et soumis aux conditions d&#8217;utilisation de l&#8217;application iweech (voir la section : Conditions d&#8217;utilisation de l&#8217;application).<\/p>\n<p>Le v\u00e9lo iweech utilise des cookies comme indiqu\u00e9 dans notre section D\u00e9claration de confidentialit\u00e9 et ils sont trait\u00e9s conform\u00e9ment \u00e0 notre politique de protection des donn\u00e9es.<br \/>Le client reconna\u00eet que nous pouvons publier de temps \u00e0 autre des versions mises \u00e0 jour ou mises \u00e0 niveau du syst\u00e8me \u00e9lectronique du v\u00e9lo iweech qui vont automatiquement mettre \u00e0 jour ou mettre \u00e0 niveau la version du syst\u00e8me du v\u00e9lo iweech que le client utilise. Le client accepte cette mise \u00e0 jour ou mise \u00e0 niveau automatique via Internet et accepte que ces conditions s&#8217;appliquent \u00e0 toutes ces mises \u00e0 jour et mises \u00e0 niveau.<\/p>\n<p>Le client assume l&#8217;enti\u00e8re et exclusive responsabilit\u00e9 de tous les aspects de ses d\u00e9placements, y compris du respect de toutes les r\u00e8gles applicables en mati\u00e8re de circulation, de circulation et d&#8217;assurance. Ces r\u00e8gles peuvent varier dans chaque pays. Il est de votre responsabilit\u00e9 d&#8217;\u00e9valuer votre conformit\u00e9 \u00e0 cet \u00e9gard. En France, par exemple, vous devez \u00e9quiper votre iweech de r\u00e9flecteurs avant, arri\u00e8re et de roue ainsi que d\u2019une sonnette (tous fournis avec votre v\u00e9lo) pour respecter le code de la route.<br \/>Dans le m\u00eame temps, nous vous recommandons vivement l\u2019utilisation d\u2019un casque et d\u2019un cadenas m\u00e9canique pour s\u00e9curiser votre v\u00e9lo.<\/p>\n<p>IWEECH met en garde le client contre toute modification du v\u00e9lo ou de ses accessoires. Le cas \u00e9ch\u00e9ant, la garantie associ\u00e9e ne sera pas applicable.<\/p>\n<p>Le client supporte ses propres frais li\u00e9s \u00e0 l&#8217;utilisation de son v\u00e9lo et de son application iweech, y compris tous les co\u00fbts li\u00e9s \u00e0 son appareil mobile, \u00e0 la connexion Internet, au GPS, au rechargement de la batterie, etc.<\/p>\n<p>Le client assume le fait que la batterie doit \u00eatre utilis\u00e9e et entretenue avec soin. Elle doit notamment \u00eatre mise en charge dans un environnement sec entre 0\u00b0 et 45\u00b0C. De m\u00eame, elle doit \u00eatre stock\u00e9e dans une fourchette de temp\u00e9rature maximum entre -20\u00b0C et 45\u00b0C. Par exemple, elle ne doit pas \u00eatre expos\u00e9e en plein soleil au risque d\u2019\u00eatre s\u00e9rieusement endommag\u00e9e, voire causer d\u2019autre dommages sur le v\u00e9lo.<\/p>\n<p>La b\u00e9quille install\u00e9e sur le v\u00e9lo accepte une charge maximale de 25kg, soit le poids du v\u00e9lo et quelques accessoires l\u00e9gers. Faites attention, elle ne pourra r\u00e9sister au poids du cycliste assis sur le v\u00e9lo.<\/p>\n<p>Le panier avant vendu en option accepte une charge maximale de 10kg. Attention \u00e0 ne pas occulter le feu avant lorsque vous installez des charges dessus. Alternativement, nous vous recommandons d\u2019installer un feu avant d\u00e9port\u00e9 directement \u00e0 l\u2019avant du porte-bagage.<\/p>\n<p>Le porte-bagage arri\u00e8re vendu en option accepte une charge maximale de 25kg. Attention \u00e0 ne pas occulter le feu arri\u00e8re lorsque vous installez des charges dessus. Alternativement, nous vous recommandons d\u2019installer un feu arri\u00e8re d\u00e9port\u00e9 directement \u00e0 l\u2019arri\u00e8re du porte-bagage. Il est strictement interdit de fixer une remorque directement sur le porte-bagage arri\u00e8re.<\/p>\n<p>Nous vous avertissons sur le fait que tout accessoire sur le v\u00e9lo doit \u00eatre fix\u00e9 avec soin pour \u00e9viter tout risque de d\u00e9crochage en cours de circulation.<\/p>\n<p>Par ailleurs, le comportement du v\u00e9lo change lorsque les masses sont r\u00e9parties diff\u00e9remment. Conduisez avec extr\u00eame pr\u00e9caution lorsque votre v\u00e9lo est charg\u00e9, en particulier lorsque vous \u00eates \u00e9quip\u00e9 d\u2019une seule sacoche lat\u00e9rale qui modifie significativement la conduite.<\/p>\n<p>[\/et_pb_text][\/et_pb_column][\/et_pb_row][\/et_pb_section]<\/p>\n","protected":false},"excerpt":{"rendered":"<p>CONDITIONS Conditions g\u00e9n\u00e9rales de venteConditions d&#8217;utilisation de nos v\u00e9losConditions d&#8217;utilisation du site IWEECHConditions d&#8217;utilisation de l&#8217;app IWEECHConditions g\u00e9n\u00e9rales de r\u00e9servationD\u00e9claration de confidentialit\u00e9 Conditions d&#8217;utilisation d&#8217;iweech bike PR\u00c9AMBULELe nom Iweech est la propri\u00e9t\u00e9 de BELLATRIX SAS, soci\u00e9t\u00e9 par actions simplifi\u00e9e au capital de 210 359\u20ac, dont le si\u00e8ge social est situ\u00e9 22 avenue de St barnab\u00e9 [&hellip;]<\/p>\n","protected":false},"author":11,"featured_media":0,"parent":0,"menu_order":50,"comment_status":"closed","ping_status":"closed","template":"","meta":{"_et_pb_use_builder":"on","_et_pb_old_content":"","_et_gb_content_width":"","footnotes":""},"class_list":["post-3903","page","type-page","status-publish","hentry"],"acf":[],"_links":{"self":[{"href":"https:\/\/www.iweech.com\/nl\/wp-json\/wp\/v2\/pages\/3903","targetHints":{"allow":["GET"]}}],"collection":[{"href":"https:\/\/www.iweech.com\/nl\/wp-json\/wp\/v2\/pages"}],"about":[{"href":"https:\/\/www.iweech.com\/nl\/wp-json\/wp\/v2\/types\/page"}],"author":[{"embeddable":true,"href":"https:\/\/www.iweech.com\/nl\/wp-json\/wp\/v2\/users\/11"}],"replies":[{"embeddable":true,"href":"https:\/\/www.iweech.com\/nl\/wp-json\/wp\/v2\/comments?post=3903"}],"version-history":[{"count":0,"href":"https:\/\/www.iweech.com\/nl\/wp-json\/wp\/v2\/pages\/3903\/revisions"}],"wp:attachment":[{"href":"https:\/\/www.iweech.com\/nl\/wp-json\/wp\/v2\/media?parent=3903"}],"curies":[{"name":"wp","href":"https:\/\/api.w.org\/{rel}","templated":true}]}}