{"id":3934,"date":"2021-12-16T12:43:06","date_gmt":"2021-12-16T11:43:06","guid":{"rendered":"https:\/\/iweech.staging-allforweb.fr\/?page_id=3934"},"modified":"2022-09-19T09:28:17","modified_gmt":"2022-09-19T08:28:17","slug":"conditions-d-utilisation-du-site-web-iweech","status":"publish","type":"page","link":"https:\/\/www.iweech.com\/nl\/conditions-d-utilisation-du-site-web-iweech\/","title":{"rendered":"Conditions d&#8217;utilisation du site web IWEECH"},"content":{"rendered":"<p>[et_pb_section fb_built=&#8221;1&#8243; admin_label=&#8221;Section&#8221; _builder_version=&#8221;4.10.8&#8243; _module_preset=&#8221;default&#8221; da_disable_devices=&#8221;off|off|off&#8221; global_colors_info=&#8221;{}&#8221; da_is_popup=&#8221;off&#8221; da_exit_intent=&#8221;off&#8221; da_has_close=&#8221;on&#8221; da_alt_close=&#8221;off&#8221; da_dark_close=&#8221;off&#8221; da_not_modal=&#8221;on&#8221; da_is_singular=&#8221;off&#8221; da_with_loader=&#8221;off&#8221; da_has_shadow=&#8221;on&#8221;][et_pb_row column_structure=&#8221;1_3,2_3&#8243; _builder_version=&#8221;4.10.8&#8243; _module_preset=&#8221;default&#8221; global_colors_info=&#8221;{}&#8221;][et_pb_column type=&#8221;1_3&#8243; _builder_version=&#8221;4.10.8&#8243; _module_preset=&#8221;default&#8221; global_colors_info=&#8221;{}&#8221;][et_pb_text admin_label=&#8221;Text&#8221; _builder_version=&#8221;4.14.5&#8243; _module_preset=&#8221;default&#8221; text_font=&#8221;Poppins|300|||||||&#8221; text_font_size=&#8221;18px&#8221; text_line_height=&#8221;2em&#8221; header_font_size=&#8221;20px&#8221; border_width_right=&#8221;2px&#8221; border_color_right=&#8221;#bcbcbc&#8221; saved_tabs=&#8221;all&#8221; global_colors_info=&#8221;{}&#8221; global_module=&#8221;12881&#8243; theme_builder_area=&#8221;post_content&#8221;]<\/p>\n<h1>CONDITIONS<\/h1>\n<p><a href=\"https:\/\/www.iweech.com\/conditions-d-utilisation-d-iweech-bike\/\">Conditions d&#8217;utilisation de nos v\u00e9los<\/a><br \/><a href=\"https:\/\/www.iweech.com\/conditions-d-utilisation-du-site-web-iweech\/\">Conditions d&#8217;utilisation du site IWEECH<\/a><br \/><a href=\"https:\/\/www.iweech.com\/iweech-application-mobile-conditions-d-utilisation\/\">Conditions d&#8217;utilisation de l&#8217;app IWEECH<\/a><br \/><a href=\"https:\/\/www.iweech.com\/conditions-generales-de-reservation\/\">Conditions g\u00e9n\u00e9rales de r\u00e9servation<\/a><br \/><a href=\"https:\/\/www.iweech.com\/declaration-de-confidentialite\/\">D\u00e9claration de confidentialit\u00e9<\/a><\/p>\n<p>[\/et_pb_text][\/et_pb_column][et_pb_column type=&#8221;2_3&#8243; _builder_version=&#8221;4.10.8&#8243; _module_preset=&#8221;default&#8221; global_colors_info=&#8221;{}&#8221;][et_pb_text _builder_version=&#8221;4.10.8&#8243; _module_preset=&#8221;default&#8221; text_font=&#8221;Poppins|300|||||||&#8221; text_font_size=&#8221;16px&#8221; header_2_font=&#8221;|700|||||||&#8221; header_2_font_size=&#8221;20px&#8221; global_colors_info=&#8221;{}&#8221;]<\/p>\n<h2>Conditions d&#8217;utilisation du site web iweech<\/h2>\n<p><strong>PR\u00c9AMBULE<\/strong><br \/>iweech.com est la propri\u00e9t\u00e9 de BELLATRIX SAS , soci\u00e9t\u00e9 par actions simplifi\u00e9e au capital de 210 359\u20ac, dont le si\u00e8ge social est situ\u00e9 22 avenue de St barnab\u00e9 13004 Marseille, inscrite au registre du commerce et des soci\u00e9t\u00e9s de Marseille sous le N \u00b0 812 707 560. Num\u00e9ro de TVA intracommunautaire FR 47812 707 560. e-mail: contact @ iweech.com<\/p>\n<p><strong>G\u00c9N\u00c9RAL<\/strong><br \/>Ce sont les conditions d&#8217;utilisation du site Web iweech accessible via iweech.com.<br \/>Nous respectons votre vie priv\u00e9e, ce site utilise des cookies comme indiqu\u00e9 dans notre politique de cookie. Vos donn\u00e9es personnelles sont trait\u00e9es conform\u00e9ment \u00e0 notre politique de protection des donn\u00e9es.<br \/>En utilisant le site Web iweech, vous acceptez ces conditions. Si vous n&#8217;acceptez pas certaines de ces conditions, votre seul recours est d&#8217;arr\u00eater toute utilisation du site iweech.com.<br \/>Si vous avez des questions, des r\u00e9clamations ou des suggestions concernant le site Web iweech ou si vous souhaitez nous contacter, vous pouvez nous envoyer un message \u00e0 contact@iweech.com.<\/p>\n<p><strong>PROPRI\u00c9T\u00c9 INTELLECTUELLE<\/strong><br \/>Si vous vous conformez \u00e0 ces conditions, nous vous accordons un droit d&#8217;utilisation non exclusif, non transf\u00e9rable, limit\u00e9 et r\u00e9vocable de l&#8217;application iweech \u00e0 des fins non commerciales, comme d\u00e9crit dans le pr\u00e9sent document.<br \/>Le site Web iweech et tout le contenu que nous mettons \u00e0 votre disposition, y compris les logiciels, images, \u00e9l\u00e9ments graphiques, logos, documents, textes, slogans, contenu utilisateur et autres informations (le \u00ab Contenu \u00bb), ainsi que tous les droits de propri\u00e9t\u00e9 intellectuelle correspondants (y compris les droits d&#8217;auteur, les droits de base de donn\u00e9es et les droits de marque) et autres droits sont notre propri\u00e9t\u00e9 exclusive ou sont la propri\u00e9t\u00e9 de leurs d\u00e9tenteurs respectifs.<br \/>Vous n&#8217;\u00eates pas autoris\u00e9 \u00e0 copier, afficher, republier, traduire, offrir, transf\u00e9rer ou distribuer de quelque mani\u00e8re que ce soit, aucune partie de l&#8217;application iweech ou du contenu, sauf autorisation expresse dans les pr\u00e9sentes conditions ou autorisation \u00e9crite expresse de notre part et du d\u00e9tenteurs respectifs.<\/p>\n<p><strong>CONTENU<\/strong><br \/>iweech peut fournir des liens vers des applications \/ contenus \/ services tiers \u00e0 des fins d&#8217;information.<br \/>iweech peut \u00e9galement permettre aux utilisateurs de publier des contenus tels que des images, des notes, des critiques, des commentaires, des questions et d&#8217;autres informations (\u00abContenu de l&#8217;utilisateur\u00bb), qui sont la propri\u00e9t\u00e9 de l&#8217;utilisateur concern\u00e9.<br \/>Vous acceptez de ne pas publier de Contenu utilisateur \u00e0 des fins commerciales ou professionnelles, ni qui soient ill\u00e9gales, nuisibles, abusives, offensantes, diffamatoires, contrevenantes, harcelantes, intrusives \u00e0 la vie priv\u00e9e ou autrement inappropri\u00e9es. Nous nous r\u00e9servons le droit de refuser et \/ ou de supprimer tout contenu utilisateur qui, \u00e0 notre enti\u00e8re discr\u00e9tion, enfreint ces termes.<br \/>En affichant votre contenu utilisateur sur le site iweech, vous nous accordez une licence non exclusive, transf\u00e9rable, sous licence, libre de droits, perp\u00e9tuelle, mondiale et irr\u00e9vocable pour utiliser, modifier, traduire, reproduire, publier et distribuer vos contenus utilisateur en relation avec iweech et tout autre de nos services et des services de nos soci\u00e9t\u00e9s affili\u00e9es; vous accordez \u00e0 chaque utilisateur du site iweech une licence non exclusive, non transf\u00e9rable et sans redevances lui permettant d&#8217;utiliser votre contenu conform\u00e9ment aux fonctionnalit\u00e9s du site iweech et conform\u00e9ment \u00e0 ces conditions; vous d\u00e9clarez et garantissez que vous disposez de tous les droits n\u00e9cessaires aux fins de la pr\u00e9sente section.<\/p>\n<p><strong>RESPONSABILIT\u00c9<\/strong><br \/>Nous ne prenons aucun engagement explicite ou implicite concernant la disponibilit\u00e9 du site Web iweech \u00e0 un endroit et \u00e0 un moment pr\u00e9cis, ni sa compatibilit\u00e9 avec votre mat\u00e9riel, ni une utilisation non perturb\u00e9e, la continuit\u00e9, l\u2019absence de virus, de bugs ou d\u2019autres d\u00e9fauts et toute autre raison et solutions \u00e9ventuelles ; le contenu du site Web, y compris le contenu de l&#8217;utilisateur et les liens vers des applications \/ contenus \/ services tiers.<br \/>Dans la mesure permise par la loi applicable, nous ne sommes pas responsables des dommages r\u00e9sultant de (l&#8217;utilisation ou l&#8217;impossibilit\u00e9 d&#8217;utiliser le) site Web iweech et de nos produits et services, sauf en cas de faute intentionnelle.<br \/>Notre responsabilit\u00e9 est en tout \u00e9tat de cause express\u00e9ment exclue des dommages indirects tels que perte de revenus, perte de productivit\u00e9, perte de donn\u00e9es, virus, piratage informatique, dommages aux \u00e9quipements sur lesquels les sites iweech sont utilis\u00e9s, honoraires d&#8217;avocat, etc. ou pour des dommages moraux tels que (sans toutefois s&#8217;y limiter) les atteintes \u00e0 la r\u00e9putation.<br \/>La limitation de responsabilit\u00e9 \u00e9nonc\u00e9e dans les paragraphes pr\u00e9c\u00e9dents s\u2019applique dans la mesure o\u00f9 le permet le droit applicable, quel que soit le r\u00e9gime de responsabilit\u00e9 applicable, m\u00eame en cas de faute grave.<br \/>Malgr\u00e9 les dispositions qui pr\u00e9c\u00e8dent, si iweech est tenue pour responsable d\u2019un dommage donn\u00e9, la responsabilit\u00e9 de iweech est en tout \u00e9tat de cause limit\u00e9e \u00e0 100 \u20ac.<\/p>\n<p>Force majeure<br \/>Si iweech n&#8217;est pas en mesure de remplir l&#8217;une de ses obligations envers le client pour cause de force majeure, cette obligation est suspendue pendant la situation de force majeure.<br \/>Les cas de force majeure sont toutes circonstances ind\u00e9pendantes de la volont\u00e9 et du contr\u00f4le de iweech qui rendent le respect de nos obligations totalement ou partiellement impossible. Ces \u00e9v\u00e9nements comprennent, entre autres, des gr\u00e8ves, des incendies, des perturbations des sources d&#8217;\u00e9nergie, des r\u00e9seaux de t\u00e9l\u00e9communication ou des syst\u00e8mes de communication, une livraison tardive ou une absence de livraison de la part de fournisseurs ou d&#8217;autres tiers.<\/p>\n<p><strong>CONFIDENTIALIT\u00c9 &#8211; PROTECTION DES DONN\u00c9ES PERSONNELLES<\/strong><br \/>Le site Web iweech utilise des cookies comme indiqu\u00e9 dans notre section D\u00e9claration de confidentialit\u00e9 et ils sont trait\u00e9s conform\u00e9ment \u00e0 notre politique de protection des donn\u00e9es.<\/p>\n<p><strong>PROVISIONS FINALES<\/strong><br \/>Si, quelle qu&#8217;en soit la raison, une disposition de ces conditions est jug\u00e9e invalide, nulle ou inapplicable, cette d\u00e9claration n&#8217;affectera pas la validit\u00e9 des autres dispositions. Dans un tel cas, les parties s&#8217;engagent \u00e0 remplacer, d&#8217;un commun accord, la disposition d\u00e9clar\u00e9e nulle, invalide ou ex\u00e9cutoire par une nouvelle disposition qui traduit, autant que possible, le but des parties et l&#8217;esprit de ces conditions.<br \/>Nous pouvons modifier ces conditions de temps \u00e0 autre. Nous vous informerons de toute modification via votre compte personnel iweech. L&#8217;utilisation du site web iweech apr\u00e8s cette notification constitue une acceptation sans r\u00e9serve des conditions modifi\u00e9es.<br \/>Ces conditions sont sans pr\u00e9judice de vos droits conform\u00e9ment \u00e0 la loi imp\u00e9rative.<br \/>Une omission ou une n\u00e9gligence dans l&#8217;application d&#8217;une disposition de ces termes n&#8217;implique pas une renonciation \u00e0 cette disposition.<br \/>Les pr\u00e9sentes conditions sont r\u00e9gies et soumises \u00e0 la loi fran\u00e7aise. Les tribunaux du lieu de notre si\u00e8ge social sont seuls comp\u00e9tents pour r\u00e9gler tout litige relatif aux pr\u00e9sentes conditions, sans pr\u00e9judice de la loi imp\u00e9rative applicable qui pr\u00e9voit la comp\u00e9tence des tribunaux de votre lieu de r\u00e9sidence.<br \/>Si vous n&#8217;acceptez pas ces conditions, vous devez cesser toute utilisation ou visite du site Web iweech.<\/p>\n<p>[\/et_pb_text][\/et_pb_column][\/et_pb_row][\/et_pb_section]<\/p>\n","protected":false},"excerpt":{"rendered":"<p>CONDITIONS Conditions d&#8217;utilisation de nos v\u00e9losConditions d&#8217;utilisation du site IWEECHConditions d&#8217;utilisation de l&#8217;app IWEECHConditions g\u00e9n\u00e9rales de r\u00e9servationD\u00e9claration de confidentialit\u00e9Conditions d&#8217;utilisation du site web iweech PR\u00c9AMBULEiweech.com est la propri\u00e9t\u00e9 de BELLATRIX SAS , soci\u00e9t\u00e9 par actions simplifi\u00e9e au capital de 210 359\u20ac, dont le si\u00e8ge social est situ\u00e9 22 avenue de St barnab\u00e9 13004 Marseille, inscrite [&hellip;]<\/p>\n","protected":false},"author":11,"featured_media":0,"parent":0,"menu_order":51,"comment_status":"closed","ping_status":"closed","template":"","meta":{"_et_pb_use_builder":"on","_et_pb_old_content":"","_et_gb_content_width":"","footnotes":""},"class_list":["post-3934","page","type-page","status-publish","hentry"],"acf":[],"_links":{"self":[{"href":"https:\/\/www.iweech.com\/nl\/wp-json\/wp\/v2\/pages\/3934","targetHints":{"allow":["GET"]}}],"collection":[{"href":"https:\/\/www.iweech.com\/nl\/wp-json\/wp\/v2\/pages"}],"about":[{"href":"https:\/\/www.iweech.com\/nl\/wp-json\/wp\/v2\/types\/page"}],"author":[{"embeddable":true,"href":"https:\/\/www.iweech.com\/nl\/wp-json\/wp\/v2\/users\/11"}],"replies":[{"embeddable":true,"href":"https:\/\/www.iweech.com\/nl\/wp-json\/wp\/v2\/comments?post=3934"}],"version-history":[{"count":0,"href":"https:\/\/www.iweech.com\/nl\/wp-json\/wp\/v2\/pages\/3934\/revisions"}],"wp:attachment":[{"href":"https:\/\/www.iweech.com\/nl\/wp-json\/wp\/v2\/media?parent=3934"}],"curies":[{"name":"wp","href":"https:\/\/api.w.org\/{rel}","templated":true}]}}