{"id":7041,"date":"2022-03-04T11:47:29","date_gmt":"2022-03-04T10:47:29","guid":{"rendered":"https:\/\/www.iweech-www1.yadle.net\/?page_id=7041"},"modified":"2022-04-15T08:37:10","modified_gmt":"2022-04-15T07:37:10","slug":"garantie-commerciale","status":"publish","type":"page","link":"https:\/\/www.iweech.com\/nl\/garantie-commerciale\/","title":{"rendered":"Garantie commerciale"},"content":{"rendered":"<p>[et_pb_section fb_built=&#8221;1&#8243; admin_label=&#8221;Section&#8221; _builder_version=&#8221;4.10.8&#8243; _module_preset=&#8221;default&#8221; da_disable_devices=&#8221;off|off|off&#8221; global_colors_info=&#8221;{}&#8221; da_is_popup=&#8221;off&#8221; da_exit_intent=&#8221;off&#8221; da_has_close=&#8221;on&#8221; da_alt_close=&#8221;off&#8221; da_dark_close=&#8221;off&#8221; da_not_modal=&#8221;on&#8221; da_is_singular=&#8221;off&#8221; da_with_loader=&#8221;off&#8221; da_has_shadow=&#8221;on&#8221;][et_pb_row column_structure=&#8221;1_3,2_3&#8243; _builder_version=&#8221;4.10.8&#8243; _module_preset=&#8221;default&#8221; global_colors_info=&#8221;{}&#8221;][et_pb_column type=&#8221;1_3&#8243; _builder_version=&#8221;4.10.8&#8243; _module_preset=&#8221;default&#8221; global_colors_info=&#8221;{}&#8221;][et_pb_text admin_label=&#8221;Text&#8221; _builder_version=&#8221;4.14.5&#8243; _module_preset=&#8221;default&#8221; text_font=&#8221;Poppins|300|||||||&#8221; text_font_size=&#8221;18px&#8221; text_line_height=&#8221;2em&#8221; header_font_size=&#8221;20px&#8221; border_width_right=&#8221;2px&#8221; border_color_right=&#8221;#bcbcbc&#8221; global_module=&#8221;3869&#8243; saved_tabs=&#8221;all&#8221; global_colors_info=&#8221;{}&#8221;]<\/p>\n<h1>GARANTIE<\/h1>\n<p><a href=\"\/garantie-juridique\/\">Garantie l\u00e9gale<\/a><br \/>\n<a href=\"\/garantie-commerciale\/\">Garantie commerciale<\/a><\/p>\n<p>[\/et_pb_text][\/et_pb_column][et_pb_column type=&#8221;2_3&#8243; _builder_version=&#8221;4.10.8&#8243; _module_preset=&#8221;default&#8221; global_colors_info=&#8221;{}&#8221;][et_pb_text _builder_version=&#8221;4.14.5&#8243; _module_preset=&#8221;default&#8221; text_font=&#8221;Poppins|300|||||||&#8221; text_font_size=&#8221;16px&#8221; link_font=&#8221;||||on||||&#8221; header_2_font=&#8221;|700|||||||&#8221; header_2_font_size=&#8221;20px&#8221; hover_enabled=&#8221;0&#8243; global_colors_info=&#8221;{}&#8221; sticky_enabled=&#8221;0&#8243;]<\/p>\n<h2>Garantie commerciale<\/h2>\n<p>En plus des garanties l\u00e9gales, nous offrons \u00e0 nos clients une garantie commerciale de 3 ans en plus des 2 ans de garantie l\u00e9gale (soit 5 ans). Cette garantie commerciale couvre le cadre et la fourche uniquement, de tous les mod\u00e8les.<\/p>\n<p>Nous sommes en mesure d&#8217;offrir \u00e0 nos clients les pi\u00e8ces de rechange n\u00e9cessaires \u00e0 l&#8217;utilisation de nos produits, au moins jusqu&#8217;\u00e0 l&#8217;expiration de la p\u00e9riode de garantie l\u00e9gale. Cependant, nous nous r\u00e9servons le droit, en cas d&#8217;indisponibilit\u00e9 pendant cette p\u00e9riode, d&#8217;offrir des pi\u00e8ces de rechange \u00e9quivalentes ou sup\u00e9rieures.<\/p>\n<p>Sans affecter les droits du client d\u00e9coulant de la garantie l\u00e9gale, les conditions suppl\u00e9mentaires suivantes s&#8217;appliquent \u00e0 la garantie commerciale que nous accordons :<\/p>\n<p>&#8211; La garantie commerciale ne s&#8217;applique pas aux d\u00e9fauts r\u00e9sultant d&#8217;une utilisation incorrecte ou inappropri\u00e9e, en vous r\u00e9f\u00e9rant aux conditions d&#8217;utilisation pr\u00e9sent\u00e9es sur notre site Web pour le produit concern\u00e9, telles que: n\u00e9gligence du produit (maintenance insuffisante), modifications du cadre ou de la gravures ou peintures), ajout ou transformation de composants suppl\u00e9mentaires non express\u00e9ment approuv\u00e9s par nous, remplacement des composants assembl\u00e9s par nos soins par des composants de nature diff\u00e9rente, chute, surcharge, sauts, autres contraintes excessives.<\/p>\n<p>&#8211; Notre garantie commerciale ne s\u2019applique qu\u2019au premier acheteur du produit.<\/p>\n<p>&#8211; Conform\u00e9ment \u00e0 l&#8217;article L. 211-16 du code de la consommation, lorsque le client demande, au cours de la garantie commerciale qui lui est accord\u00e9e, une restauration couverte par la garantie, une p\u00e9riode d&#8217;immobilisation d&#8217;au moins 7 jours est ajout\u00e9 \u00e0 la dur\u00e9e de la garantie qui reste \u00e0 courir.<\/p>\n<p>&nbsp;<\/p>\n<p>[\/et_pb_text][\/et_pb_column][\/et_pb_row][\/et_pb_section]<\/p>\n","protected":false},"excerpt":{"rendered":"<p>GARANTIE Garantie l\u00e9gale Garantie commerciale Garantie commerciale En plus des garanties l\u00e9gales, nous offrons \u00e0 nos clients une garantie commerciale de 3 ans en plus des 2 ans de garantie l\u00e9gale (soit 5 ans). Cette garantie commerciale couvre le cadre et la fourche uniquement, de tous les mod\u00e8les. Nous sommes en mesure d&#8217;offrir \u00e0 nos [&hellip;]<\/p>\n","protected":false},"author":11,"featured_media":0,"parent":0,"menu_order":61,"comment_status":"closed","ping_status":"closed","template":"","meta":{"_et_pb_use_builder":"on","_et_pb_old_content":"","_et_gb_content_width":"","footnotes":""},"class_list":["post-7041","page","type-page","status-publish","hentry"],"acf":[],"_links":{"self":[{"href":"https:\/\/www.iweech.com\/nl\/wp-json\/wp\/v2\/pages\/7041","targetHints":{"allow":["GET"]}}],"collection":[{"href":"https:\/\/www.iweech.com\/nl\/wp-json\/wp\/v2\/pages"}],"about":[{"href":"https:\/\/www.iweech.com\/nl\/wp-json\/wp\/v2\/types\/page"}],"author":[{"embeddable":true,"href":"https:\/\/www.iweech.com\/nl\/wp-json\/wp\/v2\/users\/11"}],"replies":[{"embeddable":true,"href":"https:\/\/www.iweech.com\/nl\/wp-json\/wp\/v2\/comments?post=7041"}],"version-history":[{"count":0,"href":"https:\/\/www.iweech.com\/nl\/wp-json\/wp\/v2\/pages\/7041\/revisions"}],"wp:attachment":[{"href":"https:\/\/www.iweech.com\/nl\/wp-json\/wp\/v2\/media?parent=7041"}],"curies":[{"name":"wp","href":"https:\/\/api.w.org\/{rel}","templated":true}]}}