{"id":14085,"date":"2022-12-13T10:55:56","date_gmt":"2022-12-13T09:55:56","guid":{"rendered":"https:\/\/www.iweech.com\/?post_type=product&#038;p=14085"},"modified":"2026-02-01T12:49:27","modified_gmt":"2026-02-01T11:49:27","slug":"pedale-repliable-droite","status":"publish","type":"product","link":"https:\/\/www.iweech.com\/nl\/p\/pedale-repliable-droite\/","title":{"rendered":"P\u00e9dale repliable (droite) 24 S et S+"},"content":{"rendered":"<p>P\u00e9dale repliable d&#8217;origine mont\u00e9e sur les v\u00e9los IWEECH 24&#8243; S et S+.<\/p>\n<p>Attention, c&#8217;est uniquement la droite.<\/p>\n","protected":false},"excerpt":{"rendered":"<p>P\u00e9dale repliable d&#8217;origine mont\u00e9e sur les v\u00e9los IWEECH 24&#8243; S et S+. Attention, c&#8217;est uniquement la droite.<\/p>\n","protected":false},"featured_media":16290,"template":"","meta":{"_et_pb_use_builder":"","_et_pb_old_content":"","_et_gb_content_width":""},"product_cat":[208,20],"product_tag":[],"class_list":["post-14085","product","type-product","status-publish","has-post-thumbnail","hentry","product_cat-pieces-detachees","product_cat-accessoire-smart-bike","product_shipping_class-accessoires-legers"],"acf":[],"_links":{"self":[{"href":"https:\/\/www.iweech.com\/nl\/wp-json\/wp\/v2\/product\/14085","targetHints":{"allow":["GET"]}}],"collection":[{"href":"https:\/\/www.iweech.com\/nl\/wp-json\/wp\/v2\/product"}],"about":[{"href":"https:\/\/www.iweech.com\/nl\/wp-json\/wp\/v2\/types\/product"}],"wp:featuredmedia":[{"embeddable":true,"href":"https:\/\/www.iweech.com\/nl\/wp-json\/wp\/v2\/media\/16290"}],"wp:attachment":[{"href":"https:\/\/www.iweech.com\/nl\/wp-json\/wp\/v2\/media?parent=14085"}],"wp:term":[{"taxonomy":"product_cat","embeddable":true,"href":"https:\/\/www.iweech.com\/nl\/wp-json\/wp\/v2\/product_cat?post=14085"},{"taxonomy":"product_tag","embeddable":true,"href":"https:\/\/www.iweech.com\/nl\/wp-json\/wp\/v2\/product_tag?post=14085"}],"curies":[{"name":"wp","href":"https:\/\/api.w.org\/{rel}","templated":true}]}}