{"id":16844,"date":"2024-04-12T11:01:35","date_gmt":"2024-04-12T10:01:35","guid":{"rendered":"https:\/\/www.iweech.com\/?post_type=product&#038;p=16844"},"modified":"2026-03-27T16:52:43","modified_gmt":"2026-03-27T15:52:43","slug":"panier-avant-iweech-promenade","status":"publish","type":"product","link":"https:\/\/www.iweech.com\/nl\/p\/panier-avant-iweech-promenade\/","title":{"rendered":"Panier avant IWEECH Promenade"},"content":{"rendered":"<p><span style=\"font-weight: 400;\">Le panier Promenade sp\u00e9cialement con\u00e7u pour int\u00e9grer les inserts disponibles sur la potence vous permet de transporter jusqu\u2019\u00e0 8Kg de charge en toute s\u00e9curit\u00e9.<\/span><\/p>\n","protected":false},"excerpt":{"rendered":"<p><span style=\"font-weight: 400;\">Le panier Promenade sp\u00e9cialement con\u00e7u pour int\u00e9grer les inserts disponibles sur la potence vous permet de transporter jusqu\u2019\u00e0 8Kg de charge en toute s\u00e9curit\u00e9.<\/span><\/p>\n","protected":false},"featured_media":16850,"template":"","meta":{"_et_pb_use_builder":"","_et_pb_old_content":"","_et_gb_content_width":""},"product_cat":[20,210],"product_tag":[],"class_list":["post-16844","product","type-product","status-publish","has-post-thumbnail","hentry","product_cat-accessoire-smart-bike","product_cat-accessoires-velo-electrique","product_shipping_class-accessoires-tres-lourds-promenade"],"acf":[],"_links":{"self":[{"href":"https:\/\/www.iweech.com\/nl\/wp-json\/wp\/v2\/product\/16844","targetHints":{"allow":["GET"]}}],"collection":[{"href":"https:\/\/www.iweech.com\/nl\/wp-json\/wp\/v2\/product"}],"about":[{"href":"https:\/\/www.iweech.com\/nl\/wp-json\/wp\/v2\/types\/product"}],"wp:featuredmedia":[{"embeddable":true,"href":"https:\/\/www.iweech.com\/nl\/wp-json\/wp\/v2\/media\/16850"}],"wp:attachment":[{"href":"https:\/\/www.iweech.com\/nl\/wp-json\/wp\/v2\/media?parent=16844"}],"wp:term":[{"taxonomy":"product_cat","embeddable":true,"href":"https:\/\/www.iweech.com\/nl\/wp-json\/wp\/v2\/product_cat?post=16844"},{"taxonomy":"product_tag","embeddable":true,"href":"https:\/\/www.iweech.com\/nl\/wp-json\/wp\/v2\/product_tag?post=16844"}],"curies":[{"name":"wp","href":"https:\/\/api.w.org\/{rel}","templated":true}]}}