{"id":16864,"date":"2024-04-12T11:11:52","date_gmt":"2024-04-12T10:11:52","guid":{"rendered":"https:\/\/www.iweech.com\/?post_type=product&#038;p=16864"},"modified":"2025-08-13T10:03:52","modified_gmt":"2025-08-13T09:03:52","slug":"porte-charge-avant-iweech-promenade-compatible-mik","status":"publish","type":"product","link":"https:\/\/www.iweech.com\/nl\/p\/porte-charge-avant-iweech-promenade-compatible-mik\/","title":{"rendered":"Porte charge avant Promenade"},"content":{"rendered":"<p><span style=\"font-weight: 400;\">Le porte charge Promenade sp\u00e9cialement con\u00e7u pour int\u00e9grer les inserts disponibles sur la potence vous permet de transporter jusqu\u2019\u00e0 8Kg de charge en toute s\u00e9curit\u00e9. Il est compatible avec tous les accessoires du march\u00e9 \u00e9quip\u00e9s du syst\u00e8me de fixation MIK.<\/span><\/p>\n","protected":false},"excerpt":{"rendered":"<p><span style=\"font-weight: 400;\">Le porte charge Promenade sp\u00e9cialement con\u00e7u pour int\u00e9grer les inserts disponibles sur la potence vous permet de transporter jusqu\u2019\u00e0 8Kg de charge en toute s\u00e9curit\u00e9. Il est compatible avec tous les accessoires du march\u00e9 \u00e9quip\u00e9s du syst\u00e8me de fixation MIK.<\/span><\/p>\n","protected":false},"featured_media":16866,"template":"","meta":{"_et_pb_use_builder":"","_et_pb_old_content":"","_et_gb_content_width":""},"product_cat":[122],"product_tag":[],"class_list":["post-16864","product","type-product","status-publish","has-post-thumbnail","hentry","product_cat-uncategorized-nl","product_shipping_class-accessoires-tres-lourds-promenade"],"acf":[],"_links":{"self":[{"href":"https:\/\/www.iweech.com\/nl\/wp-json\/wp\/v2\/product\/16864","targetHints":{"allow":["GET"]}}],"collection":[{"href":"https:\/\/www.iweech.com\/nl\/wp-json\/wp\/v2\/product"}],"about":[{"href":"https:\/\/www.iweech.com\/nl\/wp-json\/wp\/v2\/types\/product"}],"wp:featuredmedia":[{"embeddable":true,"href":"https:\/\/www.iweech.com\/nl\/wp-json\/wp\/v2\/media\/16866"}],"wp:attachment":[{"href":"https:\/\/www.iweech.com\/nl\/wp-json\/wp\/v2\/media?parent=16864"}],"wp:term":[{"taxonomy":"product_cat","embeddable":true,"href":"https:\/\/www.iweech.com\/nl\/wp-json\/wp\/v2\/product_cat?post=16864"},{"taxonomy":"product_tag","embeddable":true,"href":"https:\/\/www.iweech.com\/nl\/wp-json\/wp\/v2\/product_tag?post=16864"}],"curies":[{"name":"wp","href":"https:\/\/api.w.org\/{rel}","templated":true}]}}