{"id":16883,"date":"2024-04-12T11:17:57","date_gmt":"2024-04-12T10:17:57","guid":{"rendered":"https:\/\/www.iweech.com\/?post_type=product&#038;p=16883"},"modified":"2025-10-22T17:40:20","modified_gmt":"2025-10-22T16:40:20","slug":"systeme-pince-daccrochage-telephone-spc-sp-connect-compatible-avec-votre-systeme-dancrage-iweech-promenade","status":"publish","type":"product","link":"https:\/\/www.iweech.com\/nl\/p\/systeme-pince-daccrochage-telephone-spc-sp-connect-compatible-avec-votre-systeme-dancrage-iweech-promenade\/","title":{"rendered":"Pince t\u00e9l\u00e9phone SPC+ (SP connect)"},"content":{"rendered":"<p><span style=\"font-weight: 400;\">La pince d\u2019accrochage SPC+ permet d\u2019ancrer tous les types de t\u00e9l\u00e9phones du march\u00e9 sur la plateforme smartphone de votre\u00a0v\u00e9lo IWEECH.<\/span><\/p>\n","protected":false},"excerpt":{"rendered":"<p><span style=\"font-weight: 400;\">La pince d\u2019accrochage SPC+ permet d\u2019ancrer tous les types de t\u00e9l\u00e9phones du march\u00e9 sur la plateforme smartphone de votre\u00a0v\u00e9lo IWEECH.<\/span><\/p>\n","protected":false},"featured_media":16885,"template":"","meta":{"_et_pb_use_builder":"","_et_pb_old_content":"","_et_gb_content_width":""},"product_cat":[20,210],"product_tag":[],"class_list":["post-16883","product","type-product","status-publish","has-post-thumbnail","hentry","product_cat-accessoire-smart-bike","product_cat-accessoires-velo-electrique","product_shipping_class-accessoires-promenade"],"acf":[],"_links":{"self":[{"href":"https:\/\/www.iweech.com\/nl\/wp-json\/wp\/v2\/product\/16883","targetHints":{"allow":["GET"]}}],"collection":[{"href":"https:\/\/www.iweech.com\/nl\/wp-json\/wp\/v2\/product"}],"about":[{"href":"https:\/\/www.iweech.com\/nl\/wp-json\/wp\/v2\/types\/product"}],"wp:featuredmedia":[{"embeddable":true,"href":"https:\/\/www.iweech.com\/nl\/wp-json\/wp\/v2\/media\/16885"}],"wp:attachment":[{"href":"https:\/\/www.iweech.com\/nl\/wp-json\/wp\/v2\/media?parent=16883"}],"wp:term":[{"taxonomy":"product_cat","embeddable":true,"href":"https:\/\/www.iweech.com\/nl\/wp-json\/wp\/v2\/product_cat?post=16883"},{"taxonomy":"product_tag","embeddable":true,"href":"https:\/\/www.iweech.com\/nl\/wp-json\/wp\/v2\/product_tag?post=16883"}],"curies":[{"name":"wp","href":"https:\/\/api.w.org\/{rel}","templated":true}]}}