{"id":16916,"date":"2024-04-12T11:43:02","date_gmt":"2024-04-12T10:43:02","guid":{"rendered":"https:\/\/www.iweech.com\/?post_type=product&#038;p=16916"},"modified":"2026-05-06T09:10:10","modified_gmt":"2026-05-06T08:10:10","slug":"tendeur-iweech","status":"publish","type":"product","link":"https:\/\/www.iweech.com\/nl\/p\/tendeur-iweech\/","title":{"rendered":"Tendeur IWEECH"},"content":{"rendered":"<p>Adapt\u00e9 \u00e0 tous nos paniers et porte charge pour tous mod\u00e8les IWEECH.<\/p>\n","protected":false},"excerpt":{"rendered":"<p>Adapt\u00e9 \u00e0 tous nos paniers et porte charge pour tous mod\u00e8les IWEECH.<\/p>\n","protected":false},"featured_media":16918,"template":"","meta":{"_et_pb_use_builder":"","_et_pb_old_content":"","_et_gb_content_width":""},"product_cat":[20,210],"product_tag":[],"class_list":["post-16916","product","type-product","status-publish","has-post-thumbnail","hentry","product_cat-accessoire-smart-bike","product_cat-accessoires-velo-electrique","product_shipping_class-accessoires-legers-promenade"],"acf":[],"_links":{"self":[{"href":"https:\/\/www.iweech.com\/nl\/wp-json\/wp\/v2\/product\/16916","targetHints":{"allow":["GET"]}}],"collection":[{"href":"https:\/\/www.iweech.com\/nl\/wp-json\/wp\/v2\/product"}],"about":[{"href":"https:\/\/www.iweech.com\/nl\/wp-json\/wp\/v2\/types\/product"}],"wp:featuredmedia":[{"embeddable":true,"href":"https:\/\/www.iweech.com\/nl\/wp-json\/wp\/v2\/media\/16918"}],"wp:attachment":[{"href":"https:\/\/www.iweech.com\/nl\/wp-json\/wp\/v2\/media?parent=16916"}],"wp:term":[{"taxonomy":"product_cat","embeddable":true,"href":"https:\/\/www.iweech.com\/nl\/wp-json\/wp\/v2\/product_cat?post=16916"},{"taxonomy":"product_tag","embeddable":true,"href":"https:\/\/www.iweech.com\/nl\/wp-json\/wp\/v2\/product_tag?post=16916"}],"curies":[{"name":"wp","href":"https:\/\/api.w.org\/{rel}","templated":true}]}}